{"id":1784,"date":"2023-10-17T16:59:34","date_gmt":"2023-10-17T14:59:34","guid":{"rendered":"http:\/\/autoecoledorian.fr\/?page_id=1784"},"modified":"2023-10-27T15:05:29","modified_gmt":"2023-10-27T13:05:29","slug":"formation-permis-am-avec-ami-for-all","status":"publish","type":"page","link":"https:\/\/autoecoledorian.fr\/index.php\/formation-permis-am-avec-ami-for-all\/","title":{"rendered":"Formation Permis AM avec AMI [for] ALL"},"content":{"rendered":"\n<figure class=\"wp-block-gallery has-nested-images columns-default is-cropped wp-block-gallery-1 is-layout-flex wp-block-gallery-is-layout-flex\">\n<figure class=\"wp-block-image size-large\"><img loading=\"lazy\" decoding=\"async\" width=\"1024\" height=\"768\" data-id=\"1785\" src=\"http:\/\/autoecoledorian.fr\/wp-content\/uploads\/2023\/10\/2185509-4qhpn7aqau-whr-1024x768.webp\" alt=\"\" class=\"wp-image-1785\" srcset=\"https:\/\/autoecoledorian.fr\/wp-content\/uploads\/2023\/10\/2185509-4qhpn7aqau-whr-1024x768.webp 1024w, https:\/\/autoecoledorian.fr\/wp-content\/uploads\/2023\/10\/2185509-4qhpn7aqau-whr-300x225.webp 300w, https:\/\/autoecoledorian.fr\/wp-content\/uploads\/2023\/10\/2185509-4qhpn7aqau-whr-768x576.webp 768w, https:\/\/autoecoledorian.fr\/wp-content\/uploads\/2023\/10\/2185509-4qhpn7aqau-whr-360x270.webp 360w, https:\/\/autoecoledorian.fr\/wp-content\/uploads\/2023\/10\/2185509-4qhpn7aqau-whr-600x450.webp 600w, https:\/\/autoecoledorian.fr\/wp-content\/uploads\/2023\/10\/2185509-4qhpn7aqau-whr.webp 1200w\" sizes=\"auto, (max-width: 1024px) 100vw, 1024px\" \/><\/figure>\n\n\n\n<figure class=\"wp-block-image size-large\"><img loading=\"lazy\" decoding=\"async\" width=\"1024\" height=\"768\" data-id=\"1787\" src=\"http:\/\/autoecoledorian.fr\/wp-content\/uploads\/2023\/10\/Citroen-Ami-for-All-02-1024x768.jpg\" alt=\"\" class=\"wp-image-1787\" srcset=\"https:\/\/autoecoledorian.fr\/wp-content\/uploads\/2023\/10\/Citroen-Ami-for-All-02-1024x768.jpg 1024w, https:\/\/autoecoledorian.fr\/wp-content\/uploads\/2023\/10\/Citroen-Ami-for-All-02-300x225.jpg 300w, https:\/\/autoecoledorian.fr\/wp-content\/uploads\/2023\/10\/Citroen-Ami-for-All-02-768x576.jpg 768w, https:\/\/autoecoledorian.fr\/wp-content\/uploads\/2023\/10\/Citroen-Ami-for-All-02-1536x1152.jpg 1536w, https:\/\/autoecoledorian.fr\/wp-content\/uploads\/2023\/10\/Citroen-Ami-for-All-02-360x270.jpg 360w, https:\/\/autoecoledorian.fr\/wp-content\/uploads\/2023\/10\/Citroen-Ami-for-All-02-600x450.jpg 600w, https:\/\/autoecoledorian.fr\/wp-content\/uploads\/2023\/10\/Citroen-Ami-for-All-02.jpg 2000w\" sizes=\"auto, (max-width: 1024px) 100vw, 1024px\" \/><\/figure>\n\n\n\n<figure class=\"wp-block-image size-large\"><img loading=\"lazy\" decoding=\"async\" width=\"1024\" height=\"576\" data-id=\"1786\" src=\"http:\/\/autoecoledorian.fr\/wp-content\/uploads\/2023\/10\/citroen-ami-for-all-visuel-pimas-citroen-1024x576.jpg\" alt=\"\" class=\"wp-image-1786\" srcset=\"https:\/\/autoecoledorian.fr\/wp-content\/uploads\/2023\/10\/citroen-ami-for-all-visuel-pimas-citroen-1024x576.jpg 1024w, https:\/\/autoecoledorian.fr\/wp-content\/uploads\/2023\/10\/citroen-ami-for-all-visuel-pimas-citroen-300x169.jpg 300w, https:\/\/autoecoledorian.fr\/wp-content\/uploads\/2023\/10\/citroen-ami-for-all-visuel-pimas-citroen-768x432.jpg 768w, https:\/\/autoecoledorian.fr\/wp-content\/uploads\/2023\/10\/citroen-ami-for-all-visuel-pimas-citroen-480x270.jpg 480w, https:\/\/autoecoledorian.fr\/wp-content\/uploads\/2023\/10\/citroen-ami-for-all-visuel-pimas-citroen-600x338.jpg 600w, https:\/\/autoecoledorian.fr\/wp-content\/uploads\/2023\/10\/citroen-ami-for-all-visuel-pimas-citroen.jpg 1280w\" sizes=\"auto, (max-width: 1024px) 100vw, 1024px\" \/><\/figure>\n<\/figure>\n\n\n\n<p><strong>Nous sommes ravis de vous pr\u00e9senter une opportunit\u00e9 unique de formation sur la Citro\u00ebn Ami, avec une version sp\u00e9cialement \u00e9quip\u00e9e pour les personnes \u00e0 mobilit\u00e9 r\u00e9duite <strong>ayant perdu l&rsquo;usage d&rsquo;un ou des deux membres inf\u00e9rieurs<\/strong><\/strong>.<strong> Voici la Citro\u00ebn Ami [for] ALL. <\/strong><\/p>\n\n\n\n<p><strong>Ce prototype r\u00e9volutionnaire sera bient\u00f4t disponible \u00e0 des tarifs tr\u00e8s attractifs, installation sp\u00e9cifique comprise.<\/strong><\/p>\n\n\n\n<p>La formation pour le permis AM sur voiturette est ouverte \u00e0 tous, d\u00e8s l&rsquo;\u00e2ge de 14 ans, avec le minimum requis de l&rsquo;ASSR1 ou 2. C&rsquo;est une occasion exceptionnelle d&rsquo;acqu\u00e9rir une mobilit\u00e9 quotidienne facilit\u00e9e et de d\u00e9couvrir les avantages de la Citro\u00ebn <strong>Ami [for] ALL<\/strong>.<\/p>\n\n\n\n<p><strong>Points cl\u00e9s :<\/strong><\/p>\n\n\n\n<p>&#8211;<strong> Accessibilit\u00e9 :<\/strong> Formation AM ouverte aux jeunes d\u00e8s 14 ans avec l&rsquo;ASSR1 ou 2.<\/p>\n\n\n\n<p>&#8211; <strong>Adaptabilit\u00e9 :<\/strong> L&rsquo;<strong>Ami [for] ALL<\/strong>, sp\u00e9cialement con\u00e7u pour les personnes \u00e0 mobilit\u00e9 r\u00e9duite, offre une solution de conduite accessible et pratique.<\/p>\n\n\n\n<p>&#8211; <strong>Avant-garde :<\/strong> l&rsquo;<strong>Ami [for] ALL<\/strong> pr\u00e9figure une r\u00e9volution dans la mobilit\u00e9 urbaine et rurale et sera bient\u00f4t disponible \u00e0 des tarifs comp\u00e9titifs.<\/p>\n\n\n\n<p class=\"has-text-align-center\"><strong>Sessions de Formation<\/strong> :<\/p>\n\n\n\n<p>Profitez de notre offre exceptionnelle pendant les deux premi\u00e8res semaines de d\u00e9cembre 2023, avec la possibilit\u00e9 d&rsquo;effectuer des formations permis AM (BSR) sur cette <strong>Ami [for] ALL<\/strong> mise \u00e0 disposition par Citro\u00ebn. Les places sont limit\u00e9es, alors assurez-vous de r\u00e9server votre place d\u00e8s maintenant.<\/p>\n\n\n\n<p>Si vous \u00eates pr\u00eat \u00e0 explorer la mobilit\u00e9 simplifi\u00e9e avec la Citro\u00ebn <strong>Ami [for] ALL<\/strong>, contactez-nous d\u00e8s aujourd&rsquo;hui pour plus d&rsquo;informations et pour r\u00e9server votre place.<\/p>\n\n\n\n<figure class=\"wp-block-gallery has-nested-images columns-default is-cropped wp-block-gallery-2 is-layout-flex wp-block-gallery-is-layout-flex\">\n<figure class=\"wp-block-image size-large\"><img loading=\"lazy\" decoding=\"async\" width=\"1024\" height=\"768\" data-id=\"1794\" src=\"http:\/\/autoecoledorian.fr\/wp-content\/uploads\/2023\/10\/aide-au-transport-interieur-fauteuil-roulant-citroen-ami-for-all-2-1024x768-1.jpg\" alt=\"\" class=\"wp-image-1794\" srcset=\"https:\/\/autoecoledorian.fr\/wp-content\/uploads\/2023\/10\/aide-au-transport-interieur-fauteuil-roulant-citroen-ami-for-all-2-1024x768-1.jpg 1024w, https:\/\/autoecoledorian.fr\/wp-content\/uploads\/2023\/10\/aide-au-transport-interieur-fauteuil-roulant-citroen-ami-for-all-2-1024x768-1-300x225.jpg 300w, https:\/\/autoecoledorian.fr\/wp-content\/uploads\/2023\/10\/aide-au-transport-interieur-fauteuil-roulant-citroen-ami-for-all-2-1024x768-1-768x576.jpg 768w, https:\/\/autoecoledorian.fr\/wp-content\/uploads\/2023\/10\/aide-au-transport-interieur-fauteuil-roulant-citroen-ami-for-all-2-1024x768-1-360x270.jpg 360w, https:\/\/autoecoledorian.fr\/wp-content\/uploads\/2023\/10\/aide-au-transport-interieur-fauteuil-roulant-citroen-ami-for-all-2-1024x768-1-600x450.jpg 600w\" sizes=\"auto, (max-width: 1024px) 100vw, 1024px\" \/><\/figure>\n\n\n\n<figure class=\"wp-block-image size-large\"><img loading=\"lazy\" decoding=\"async\" width=\"1024\" height=\"768\" data-id=\"1795\" src=\"http:\/\/autoecoledorian.fr\/wp-content\/uploads\/2023\/10\/aide-au-transport-interieur-fauteuil-roulant-citroen-ami-for-all-1024x768-1.jpg\" alt=\"\" class=\"wp-image-1795\" srcset=\"https:\/\/autoecoledorian.fr\/wp-content\/uploads\/2023\/10\/aide-au-transport-interieur-fauteuil-roulant-citroen-ami-for-all-1024x768-1.jpg 1024w, https:\/\/autoecoledorian.fr\/wp-content\/uploads\/2023\/10\/aide-au-transport-interieur-fauteuil-roulant-citroen-ami-for-all-1024x768-1-300x225.jpg 300w, https:\/\/autoecoledorian.fr\/wp-content\/uploads\/2023\/10\/aide-au-transport-interieur-fauteuil-roulant-citroen-ami-for-all-1024x768-1-768x576.jpg 768w, https:\/\/autoecoledorian.fr\/wp-content\/uploads\/2023\/10\/aide-au-transport-interieur-fauteuil-roulant-citroen-ami-for-all-1024x768-1-360x270.jpg 360w, https:\/\/autoecoledorian.fr\/wp-content\/uploads\/2023\/10\/aide-au-transport-interieur-fauteuil-roulant-citroen-ami-for-all-1024x768-1-600x450.jpg 600w\" sizes=\"auto, (max-width: 1024px) 100vw, 1024px\" \/><\/figure>\n<\/figure>\n\n\n\n<p><\/p>\n","protected":false},"excerpt":{"rendered":"<p>Nous sommes ravis de vous pr\u00e9senter une opportunit\u00e9 unique de formation sur la Citro\u00ebn Ami, avec une version sp\u00e9cialement \u00e9quip\u00e9e pour les personnes \u00e0 mobilit\u00e9 r\u00e9duite ayant perdu l&rsquo;usage d&rsquo;un ou des deux membres inf\u00e9rieurs. Voici la Citro\u00ebn Ami [for] ALL. Ce prototype r\u00e9volutionnaire sera bient\u00f4t disponible \u00e0 des tarifs tr\u00e8s attractifs, installation sp\u00e9cifique comprise. La formation pour le permis AM sur voiturette est ouverte \u00e0 tous, d\u00e8s l&rsquo;\u00e2ge de 14 ans, avec le minimum requis de l&rsquo;ASSR1 ou 2&#8230;.<\/p>\n<p class=\"read-more\"><a class=\"btn btn-default\" href=\"https:\/\/autoecoledorian.fr\/index.php\/formation-permis-am-avec-ami-for-all\/\">Lire la suite<span class=\"screen-reader-text\"> Lire la suite<\/span><\/a><\/p>\n","protected":false},"author":1,"featured_media":0,"parent":0,"menu_order":0,"comment_status":"closed","ping_status":"closed","template":"","meta":{"_acf_changed":false,"footnotes":""},"class_list":["post-1784","page","type-page","status-publish","hentry"],"acf":[],"jetpack_sharing_enabled":true,"_links":{"self":[{"href":"https:\/\/autoecoledorian.fr\/index.php\/wp-json\/wp\/v2\/pages\/1784","targetHints":{"allow":["GET"]}}],"collection":[{"href":"https:\/\/autoecoledorian.fr\/index.php\/wp-json\/wp\/v2\/pages"}],"about":[{"href":"https:\/\/autoecoledorian.fr\/index.php\/wp-json\/wp\/v2\/types\/page"}],"author":[{"embeddable":true,"href":"https:\/\/autoecoledorian.fr\/index.php\/wp-json\/wp\/v2\/users\/1"}],"replies":[{"embeddable":true,"href":"https:\/\/autoecoledorian.fr\/index.php\/wp-json\/wp\/v2\/comments?post=1784"}],"version-history":[{"count":6,"href":"https:\/\/autoecoledorian.fr\/index.php\/wp-json\/wp\/v2\/pages\/1784\/revisions"}],"predecessor-version":[{"id":1805,"href":"https:\/\/autoecoledorian.fr\/index.php\/wp-json\/wp\/v2\/pages\/1784\/revisions\/1805"}],"wp:attachment":[{"href":"https:\/\/autoecoledorian.fr\/index.php\/wp-json\/wp\/v2\/media?parent=1784"}],"curies":[{"name":"wp","href":"https:\/\/api.w.org\/{rel}","templated":true}]}}