{"id":1834,"date":"2023-11-18T10:45:30","date_gmt":"2023-11-18T09:45:30","guid":{"rendered":"https:\/\/autoecoledorian.fr\/?page_id=1834"},"modified":"2026-05-02T11:02:45","modified_gmt":"2026-05-02T09:02:45","slug":"calendrier-des-formations","status":"publish","type":"page","link":"https:\/\/autoecoledorian.fr\/index.php\/calendrier-des-formations\/","title":{"rendered":"Calendrier des formations"},"content":{"rendered":"\n<p>Le calendrier est mis \u00e0 jour r\u00e9guli\u00e8rement donc n&rsquo;h\u00e9sitez pas \u00e0 le consulter plusieurs fois par semaine<\/p>\n\n\n\n<figure class=\"wp-block-table has-small-font-size\"><table class=\"has-black-color has-light-green-cyan-background-color has-text-color has-background\"><tbody><tr><td class=\"has-text-align-center\" data-align=\"center\"><strong><span style=\"text-decoration: underline;\"><em>Formation Passerelle A2 vers A (7 heures<\/em><\/span><\/strong>)<\/td><td class=\"has-text-align-center\" data-align=\"center\"><\/td><td class=\"has-text-align-center\" data-align=\"center\"><\/td><td class=\"has-text-align-center\" data-align=\"center\"><\/td><\/tr><tr><td class=\"has-text-align-center\" data-align=\"center\">Vendredi 15 Mai : 9h-13h\/ 14h-17h<\/td><td class=\"has-text-align-center\" data-align=\"center\"><strong>RESTE 2 PLACES<\/strong><\/td><td class=\"has-text-align-center\" data-align=\"center\"><a href=\"https:\/\/autoecoledorian.fr\/index.php\/pre-inscription\/\"><strong>Pr\u00e9-inscription ICI<\/strong><\/a><\/td><td class=\"has-text-align-center\" data-align=\"center\"><strong>270\u20ac<\/strong><\/td><\/tr><tr><td class=\"has-text-align-center\" data-align=\"center\">Vendredi 12 Juin : 9h-13h\/ 14h-17h<\/td><td class=\"has-text-align-center\" data-align=\"center\"><strong>RESTE 3 PLACES<\/strong><\/td><td class=\"has-text-align-center\" data-align=\"center\"><a href=\"https:\/\/autoecoledorian.fr\/index.php\/pre-inscription\/\"><strong>Pr\u00e9-inscription ICI<\/strong><\/a><\/td><td class=\"has-text-align-center\" data-align=\"center\"><strong>270\u20ac<\/strong><\/td><\/tr><tr><td class=\"has-text-align-center\" data-align=\"center\">Jeudi 2 Juillet : 9h-13h\/ 14h-17h<\/td><td class=\"has-text-align-center\" data-align=\"center\"><strong>RESTE 3 PLACES<\/strong><\/td><td class=\"has-text-align-center\" data-align=\"center\"><a href=\"https:\/\/autoecoledorian.fr\/index.php\/pre-inscription\/\"><strong>Pr\u00e9-inscription ICI<\/strong><\/a><\/td><td class=\"has-text-align-center\" data-align=\"center\"><strong>270\u20ac<\/strong><\/td><\/tr><tr><td class=\"has-text-align-center\" data-align=\"center\">Jeudi 23 Juillet : 9h-13h\/ 14h-17h<\/td><td class=\"has-text-align-center\" data-align=\"center\"><strong>RESTE 3 PLACES<\/strong><\/td><td class=\"has-text-align-center\" data-align=\"center\"><a href=\"https:\/\/autoecoledorian.fr\/index.php\/pre-inscription\/\"><strong>Pr\u00e9-inscription ICI<\/strong><\/a><\/td><td class=\"has-text-align-center\" data-align=\"center\"><strong>270\u20ac<\/strong><\/td><\/tr><tr><td class=\"has-text-align-center\" data-align=\"center\">Vendredi 28 Ao\u00fbt : 9h-13h\/ 14h-17h<\/td><td class=\"has-text-align-center\" data-align=\"center\"><strong>RESTE 3 PLACES<\/strong><\/td><td class=\"has-text-align-center\" data-align=\"center\"><a href=\"https:\/\/autoecoledorian.fr\/index.php\/pre-inscription\/\"><strong>Pr\u00e9-inscription ICI<\/strong><\/a><\/td><td class=\"has-text-align-center\" data-align=\"center\"><strong>270\u20ac<\/strong><\/td><\/tr><tr><td class=\"has-text-align-center\" data-align=\"center\">Vendredi 18 Septembre : 9h-13h\/ 14h-17h<\/td><td class=\"has-text-align-center\" data-align=\"center\"><strong>RESTE 3 PLACES<\/strong><\/td><td class=\"has-text-align-center\" data-align=\"center\"><a href=\"https:\/\/autoecoledorian.fr\/index.php\/pre-inscription\/\"><strong>Pr\u00e9-inscription ICI<\/strong><\/a><\/td><td class=\"has-text-align-center\" data-align=\"center\"><strong>270\u20ac<\/strong><\/td><\/tr><tr><td class=\"has-text-align-center\" data-align=\"center\">Vendredi 2 Octobre : 9h-13h\/ 14h-17h<\/td><td class=\"has-text-align-center\" data-align=\"center\"><strong>RESTE 3 PLACES<\/strong><\/td><td class=\"has-text-align-center\" data-align=\"center\"><a href=\"https:\/\/autoecoledorian.fr\/index.php\/pre-inscription\/\"><strong>Pr\u00e9-inscription ICI<\/strong><\/a><\/td><td class=\"has-text-align-center\" data-align=\"center\"><strong>270\u20ac<\/strong><\/td><\/tr><tr><td class=\"has-text-align-center\" data-align=\"center\">Vendredi 23 Octobre : 9h-13h\/ 14h-17h<\/td><td class=\"has-text-align-center\" data-align=\"center\"><strong>RESTE 3 PLACES<\/strong><\/td><td class=\"has-text-align-center\" data-align=\"center\"><a href=\"https:\/\/autoecoledorian.fr\/index.php\/pre-inscription\/\"><strong>Pr\u00e9-inscription ICI<\/strong><\/a><\/td><td class=\"has-text-align-center\" data-align=\"center\"><strong>270\u20ac<\/strong><\/td><\/tr><tr><td class=\"has-text-align-center\" data-align=\"center\">Vendredi 13 Novembre : 9h-13h\/ 14h-17h<\/td><td class=\"has-text-align-center\" data-align=\"center\"><strong>RESTE 3 PLACES<\/strong><\/td><td class=\"has-text-align-center\" data-align=\"center\"><a href=\"https:\/\/autoecoledorian.fr\/index.php\/pre-inscription\/\"><strong>Pr\u00e9-inscription ICI<\/strong><\/a><\/td><td class=\"has-text-align-center\" data-align=\"center\"><strong>270\u20ac<\/strong><\/td><\/tr><tr><td class=\"has-text-align-center\" data-align=\"center\">Vendredi 11 D\u00e9cembre : 9h-13h\/ 14h-17h<\/td><td class=\"has-text-align-center\" data-align=\"center\"><strong>RESTE 3 PLACES<\/strong><\/td><td class=\"has-text-align-center\" data-align=\"center\"><a href=\"https:\/\/autoecoledorian.fr\/index.php\/pre-inscription\/\"><strong>Pr\u00e9-inscription ICI<\/strong><\/a><\/td><td class=\"has-text-align-center\" data-align=\"center\"><strong>270\u20ac<\/strong><\/td><\/tr><\/tbody><\/table><figcaption class=\"wp-element-caption\">D&rsquo;autres dates sont \u00e0 venir. Vous pouvez nous contacter au 02.38.98.71.72<\/figcaption><\/figure>\n\n\n\n<hr class=\"wp-block-separator has-alpha-channel-opacity\"\/>\n\n\n\n<figure class=\"wp-block-table has-small-font-size\"><table class=\"has-black-color has-pale-cyan-blue-background-color has-text-color has-background\"><tbody><tr><td class=\"has-text-align-center\" data-align=\"center\"><strong><em><span style=\"text-decoration: underline;\">Formation 125cm3 (7 heures<\/span><\/em><\/strong>)<\/td><td class=\"has-text-align-center\" data-align=\"center\"><\/td><td class=\"has-text-align-center\" data-align=\"center\"><\/td><td class=\"has-text-align-center\" data-align=\"center\"><\/td><\/tr><tr><td class=\"has-text-align-center\" data-align=\"center\">Vendredi 22 Mai : 9h-13h\/ 14h-17h<\/td><td class=\"has-text-align-center\" data-align=\"center\"><mark style=\"background-color:rgba(0, 0, 0, 0)\" class=\"has-inline-color has-vivid-red-color\"><strong>COMPLET<\/strong><\/mark><\/td><td class=\"has-text-align-center\" data-align=\"center\"><strong><a href=\"https:\/\/autoecoledorian.fr\/index.php\/pre-inscription\/\"><strong>Pr\u00e9-inscription IC<\/strong><\/a><\/strong><\/td><td class=\"has-text-align-center\" data-align=\"center\"><strong>270\u20ac<\/strong><\/td><\/tr><tr><td class=\"has-text-align-center\" data-align=\"center\">Vendredi 5 Juin  : 9h-13h\/ 14h-17h<\/td><td class=\"has-text-align-center\" data-align=\"center\"><strong>RESTE 3 PLACES<\/strong><\/td><td class=\"has-text-align-center\" data-align=\"center\"><strong><a href=\"https:\/\/autoecoledorian.fr\/index.php\/pre-inscription\/\"><strong>Pr\u00e9-inscription ICI<\/strong><\/a><\/strong><\/td><td class=\"has-text-align-center\" data-align=\"center\"><strong>270\u20ac<\/strong><\/td><\/tr><tr><td class=\"has-text-align-center\" data-align=\"center\">Vendredi 26 Juin  : 9h-13h\/ 14h-17h<\/td><td class=\"has-text-align-center\" data-align=\"center\"><strong>RESTE 3 PLACES<\/strong><\/td><td class=\"has-text-align-center\" data-align=\"center\"><strong><a href=\"https:\/\/autoecoledorian.fr\/index.php\/pre-inscription\/\"><strong>Pr\u00e9-inscription ICI<\/strong><\/a><\/strong><\/td><td class=\"has-text-align-center\" data-align=\"center\"><strong>270\u20ac<\/strong><\/td><\/tr><tr><td class=\"has-text-align-center\" data-align=\"center\">Vendredi 10 Juillet :  9h-13h\/ 14h-17h<\/td><td class=\"has-text-align-center\" data-align=\"center\"><strong>RESTE 3 PLACES<\/strong><\/td><td class=\"has-text-align-center\" data-align=\"center\"><strong><a href=\"https:\/\/autoecoledorian.fr\/index.php\/pre-inscription\/\"><strong>Pr\u00e9-inscription ICI<\/strong><\/a><\/strong><\/td><td class=\"has-text-align-center\" data-align=\"center\"><strong>270\u20ac<\/strong><\/td><\/tr><tr><td class=\"has-text-align-center\" data-align=\"center\">Vendredi 14 Ao\u00fbt : 9h-13h\/ 14h-17h<\/td><td class=\"has-text-align-center\" data-align=\"center\"><strong>RESTE 3 PLACES<\/strong><\/td><td class=\"has-text-align-center\" data-align=\"center\"><strong><a href=\"https:\/\/autoecoledorian.fr\/index.php\/pre-inscription\/\"><strong>Pr\u00e9-inscription ICI<\/strong><\/a><\/strong><\/td><td class=\"has-text-align-center\" data-align=\"center\"><strong>270\u20ac<\/strong><\/td><\/tr><tr><td class=\"has-text-align-center\" data-align=\"center\">Vendredi 4 Septembre :  9h-13h\/ 14h-17h<\/td><td class=\"has-text-align-center\" data-align=\"center\"><strong>RESTE 3 PLACES<\/strong><\/td><td class=\"has-text-align-center\" data-align=\"center\"><strong><a href=\"https:\/\/autoecoledorian.fr\/index.php\/pre-inscription\/\"><strong>Pr\u00e9-inscription ICI<\/strong><\/a><\/strong><\/td><td class=\"has-text-align-center\" data-align=\"center\"><strong>270\u20ac<\/strong><\/td><\/tr><tr><td class=\"has-text-align-center\" data-align=\"center\">Vendredi 16 Octobre :  9h-13h\/ 14h-17h<\/td><td class=\"has-text-align-center\" data-align=\"center\"><strong>RESTE 3 PLACES<\/strong><\/td><td class=\"has-text-align-center\" data-align=\"center\"><strong><a href=\"https:\/\/autoecoledorian.fr\/index.php\/pre-inscription\/\"><strong>Pr\u00e9-inscription ICI<\/strong><\/a><\/strong><\/td><td class=\"has-text-align-center\" data-align=\"center\"><strong>270\u20ac<\/strong><\/td><\/tr><tr><td class=\"has-text-align-center\" data-align=\"center\">Vendredi 20 Novembre : 9h-13h\/ 14h-17h<\/td><td class=\"has-text-align-center\" data-align=\"center\"><strong>RESTE 3 PLACES<\/strong><\/td><td class=\"has-text-align-center\" data-align=\"center\"><strong><a href=\"https:\/\/autoecoledorian.fr\/index.php\/pre-inscription\/\"><strong>Pr\u00e9-inscription ICI<\/strong><\/a><\/strong><\/td><td class=\"has-text-align-center\" data-align=\"center\"><strong>270\u20ac<\/strong><\/td><\/tr><tr><td class=\"has-text-align-center\" data-align=\"center\">Vendredi 18 D\u00e9cembre : 9h-13h\/ 14h-17h<\/td><td class=\"has-text-align-center\" data-align=\"center\"><strong>RESTE 3 PLACES<\/strong><\/td><td class=\"has-text-align-center\" data-align=\"center\"><strong><a href=\"https:\/\/autoecoledorian.fr\/index.php\/pre-inscription\/\"><strong>Pr\u00e9-inscription ICI<\/strong><\/a><\/strong><\/td><td class=\"has-text-align-center\" data-align=\"center\"><strong>270\u20ac<\/strong><\/td><\/tr><\/tbody><\/table><\/figure>\n\n\n\n<hr class=\"wp-block-separator has-alpha-channel-opacity\"\/>\n\n\n\n<figure class=\"wp-block-table has-small-font-size\"><table class=\"has-luminous-vivid-orange-background-color has-background\"><tbody><tr><td class=\"has-text-align-center\" data-align=\"center\"><strong><em><span style=\"text-decoration: underline;\">Formation AM cyclomoteur\/Scooter (BSR) 8 heures<\/span><\/em><\/strong><\/td><td class=\"has-text-align-center\" data-align=\"center\"><\/td><td class=\"has-text-align-center\" data-align=\"center\"><\/td><td class=\"has-text-align-center\" data-align=\"center\"><\/td><\/tr><tr><td class=\"has-text-align-center\" data-align=\"center\">Mercredi 13 Mai de 13h \u00e0 17h et le Mercredi 20 Mai de 13h \u00e0 17h<\/td><td class=\"has-text-align-center\" data-align=\"center\"><strong><mark style=\"background-color:rgba(0, 0, 0, 0)\" class=\"has-inline-color has-vivid-red-color\">COMPLET<\/mark><\/strong><\/td><td class=\"has-text-align-center\" data-align=\"center\"><\/td><td class=\"has-text-align-center\" data-align=\"center\"><\/td><\/tr><tr><td class=\"has-text-align-center\" data-align=\"center\">Mercredi 10 Juin de 13h \u00e0 17h et le Mercredi 17 Juin de 13h \u00e0 17h<\/td><td class=\"has-text-align-center\" data-align=\"center\"><strong>RESTE 2 PLACES<\/strong><\/td><td class=\"has-text-align-center\" data-align=\"center\"><a href=\"https:\/\/autoecoledorian.fr\/index.php\/pre-inscription\/\"><strong>Pr\u00e9-inscription ICI<\/strong><\/a><\/td><td class=\"has-text-align-center\" data-align=\"center\"><strong>270\u20ac<\/strong><\/td><\/tr><tr><td class=\"has-text-align-center\" data-align=\"center\">Mercredi 15 Juillet de 13h \u00e0 17h et le Jeudi 16 Juillet de 14h \u00e0 18h<\/td><td class=\"has-text-align-center\" data-align=\"center\"><strong>RESTE 3 PLACES<\/strong><\/td><td class=\"has-text-align-center\" data-align=\"center\"><a href=\"https:\/\/autoecoledorian.fr\/index.php\/pre-inscription\/\"><strong>Pr\u00e9-inscription ICI<\/strong><\/a><\/td><td class=\"has-text-align-center\" data-align=\"center\"><strong>270\u20ac<\/strong><\/td><\/tr><tr><td class=\"has-text-align-center\" data-align=\"center\">Mardi 25 Ao\u00fbt de 13h \u00e0 17h et le Mercredi 26 Ao\u00fbt de 13h \u00e0 17h<\/td><td class=\"has-text-align-center\" data-align=\"center\"><strong>RESTE 3 PLACES<\/strong><\/td><td class=\"has-text-align-center\" data-align=\"center\"><a href=\"https:\/\/autoecoledorian.fr\/index.php\/pre-inscription\/\"><strong>Pr\u00e9-inscription ICI<\/strong><\/a><\/td><td class=\"has-text-align-center\" data-align=\"center\"><strong>270\u20ac<\/strong><\/td><\/tr><tr><td class=\"has-text-align-center\" data-align=\"center\">Mardi 20 Octobre de 13h \u00e0 17h et le Mercredi 21 Octobre de 13h \u00e0 17h<\/td><td class=\"has-text-align-center\" data-align=\"center\"><strong>RESTE 3 PLACES<\/strong><\/td><td class=\"has-text-align-center\" data-align=\"center\"><a href=\"https:\/\/autoecoledorian.fr\/index.php\/pre-inscription\/\"><strong>Pr\u00e9-inscription ICI<\/strong><\/a><\/td><td class=\"has-text-align-center\" data-align=\"center\"><strong>270\u20ac<\/strong><\/td><\/tr><tr><td class=\"has-text-align-center\" data-align=\"center\">Mardi 27 Octobre de 13h \u00e0 17h et le Mercredi 28 Octobre de 13h \u00e0 17h<\/td><td class=\"has-text-align-center\" data-align=\"center\"><strong>RESTE 3 PLACES<\/strong><\/td><td class=\"has-text-align-center\" data-align=\"center\"><a href=\"https:\/\/autoecoledorian.fr\/index.php\/pre-inscription\/\"><strong>Pr\u00e9-inscription ICI<\/strong><\/a><\/td><td class=\"has-text-align-center\" data-align=\"center\"><strong>270\u20ac<\/strong><\/td><\/tr><tr><td class=\"has-text-align-center\" data-align=\"center\">Mercredi 18 Novembre de 13h \u00e0 17h et le Mercredi 25 Novembre de 13h \u00e0 17h<\/td><td class=\"has-text-align-center\" data-align=\"center\"><strong>RESTE 3 PLACES<\/strong><\/td><td class=\"has-text-align-center\" data-align=\"center\"><a href=\"https:\/\/autoecoledorian.fr\/index.php\/pre-inscription\/\"><strong>Pr\u00e9-inscription ICI<\/strong><\/a><\/td><td class=\"has-text-align-center\" data-align=\"center\"><strong>270\u20ac<\/strong><\/td><\/tr><\/tbody><\/table><\/figure>\n\n\n\n<hr class=\"wp-block-separator has-alpha-channel-opacity\"\/>\n\n\n\n<figure class=\"wp-block-table has-small-font-size\"><table class=\"has-cyan-bluish-gray-background-color has-background\"><tbody><tr><td class=\"has-text-align-center\" data-align=\"center\"><strong><em><span style=\"text-decoration: underline;\">Formation Remorque B96 (7 heures) sur 1 journ\u00e9e<\/span><\/em><\/strong><\/td><td class=\"has-text-align-center\" data-align=\"center\"><\/td><td class=\"has-text-align-center\" data-align=\"center\"><\/td><td class=\"has-text-align-center\" data-align=\"center\"><\/td><\/tr><tr><td class=\"has-text-align-center\" data-align=\"center\">Lundi 4 Mai : 8h- 12h\/ 13h- 16h<\/td><td class=\"has-text-align-center\" data-align=\"center\"><strong><mark style=\"background-color:rgba(0, 0, 0, 0)\" class=\"has-inline-color has-vivid-red-color\">COMPLET<\/mark><\/strong><\/td><td class=\"has-text-align-center\" data-align=\"center\"><\/td><td class=\"has-text-align-center\" data-align=\"center\"><\/td><\/tr><tr><td class=\"has-text-align-center\" data-align=\"center\">Lundi 15 Juin : 8h- 12h\/ 13h- 16h<\/td><td class=\"has-text-align-center\" data-align=\"center\"><strong>RESTE 2 PLACES<\/strong><\/td><td class=\"has-text-align-center\" data-align=\"center\"><a href=\"https:\/\/autoecoledorian.fr\/index.php\/pre-inscription\/\"><strong>Pr\u00e9-inscription ICI<\/strong><\/a><\/td><td class=\"has-text-align-center\" data-align=\"center\"><strong>320\u20ac<\/strong><\/td><\/tr><tr><td class=\"has-text-align-center\" data-align=\"center\">Lundi 20 Juillet : 8h- 12h\/ 13h- 16h<\/td><td class=\"has-text-align-center\" data-align=\"center\"><strong>RESTE 3 PLACES<\/strong><\/td><td class=\"has-text-align-center\" data-align=\"center\"><a href=\"https:\/\/autoecoledorian.fr\/index.php\/pre-inscription\/\"><strong>Pr\u00e9-inscription ICI<\/strong><\/a><\/td><td class=\"has-text-align-center\" data-align=\"center\"><strong>320\u20ac<\/strong><\/td><\/tr><tr><td class=\"has-text-align-center\" data-align=\"center\">Lundi 10 Ao\u00fbt : 8h- 12h\/ 13h- 16h<\/td><td class=\"has-text-align-center\" data-align=\"center\"><strong>RESTE 3 PLACES<\/strong><\/td><td class=\"has-text-align-center\" data-align=\"center\"><a href=\"https:\/\/autoecoledorian.fr\/index.php\/pre-inscription\/\"><strong>Pr\u00e9-inscription ICI<\/strong><\/a><\/td><td class=\"has-text-align-center\" data-align=\"center\"><strong>320\u20ac<\/strong><\/td><\/tr><tr><td class=\"has-text-align-center\" data-align=\"center\">Lundi 7 Septembre : 8h- 12h\/ 13h- 16h<\/td><td class=\"has-text-align-center\" data-align=\"center\"><strong>RESTE 3 PLACES<\/strong><\/td><td class=\"has-text-align-center\" data-align=\"center\"><a href=\"https:\/\/autoecoledorian.fr\/index.php\/pre-inscription\/\"><strong>Pr\u00e9-inscription ICI<\/strong><\/a><\/td><td class=\"has-text-align-center\" data-align=\"center\"><strong>320\u20ac<\/strong><\/td><\/tr><tr><td class=\"has-text-align-center\" data-align=\"center\">Lundi 5 Octobre : 8h- 12h\/ 13h- 16h<\/td><td class=\"has-text-align-center\" data-align=\"center\"><strong>RESTE 3 PLACES<\/strong><\/td><td class=\"has-text-align-center\" data-align=\"center\"><a href=\"https:\/\/autoecoledorian.fr\/index.php\/pre-inscription\/\"><strong>Pr\u00e9-inscription ICI<\/strong><\/a><\/td><td class=\"has-text-align-center\" data-align=\"center\"><strong>320\u20ac<\/strong><\/td><\/tr><tr><td class=\"has-text-align-center\" data-align=\"center\">Lundi 2 Novembre : 8h- 12h\/ 13h- 16h<\/td><td class=\"has-text-align-center\" data-align=\"center\"><strong>RESTE 3 PLACES<\/strong><\/td><td class=\"has-text-align-center\" data-align=\"center\"><a href=\"https:\/\/autoecoledorian.fr\/index.php\/pre-inscription\/\"><strong>Pr\u00e9-inscription ICI<\/strong><\/a><\/td><td class=\"has-text-align-center\" data-align=\"center\"><strong>320\u20ac<\/strong><\/td><\/tr><tr><td class=\"has-text-align-center\" data-align=\"center\">Lundi 7 D\u00e9cembre : 8h- 12h\/ 13h- 16h<\/td><td class=\"has-text-align-center\" data-align=\"center\"><strong>RESTE 3 PLACES<\/strong><\/td><td class=\"has-text-align-center\" data-align=\"center\"><a href=\"https:\/\/autoecoledorian.fr\/index.php\/pre-inscription\/\"><strong>Pr\u00e9-inscription ICI<\/strong><\/a><\/td><td class=\"has-text-align-center\" data-align=\"center\"><strong>320\u20ac<\/strong><\/td><\/tr><\/tbody><\/table><\/figure>\n\n\n\n<hr class=\"wp-block-separator has-alpha-channel-opacity\"\/>\n\n\n\n<p><strong>Atelier V\u00e9rification pour les \u00e9l\u00e8ves inscrits en Permis B.<\/strong><\/p>\n\n\n\n<figure class=\"wp-block-table has-small-font-size\"><table class=\"has-pale-pink-background-color has-background\"><tbody><tr><td class=\"has-text-align-center\" data-align=\"center\"><strong><em><span style=\"text-decoration: underline;\">Atelier V\u00e9rif (1h) <\/span><\/em><\/strong>Pr\u00e9paration au questions d&rsquo;examen pratique B<\/td><td class=\"has-text-align-center\" data-align=\"center\"><\/td><td class=\"has-text-align-center\" data-align=\"center\"><\/td><\/tr><tr><td class=\"has-text-align-center\" data-align=\"center\">Samedi 30 Mai de 13h \u00e0 14h<\/td><td class=\"has-text-align-center\" data-align=\"center\"><a href=\"https:\/\/autoecoledorian.fr\/index.php\/pre-inscription\/\"><strong>Pr\u00e9-inscription ICI<\/strong><\/a><\/td><td class=\"has-text-align-center\" data-align=\"center\"><strong>20\u20ac<\/strong><\/td><\/tr><tr><td class=\"has-text-align-center\" data-align=\"center\">Samedi 13 Juin de 13h \u00e0 14h<\/td><td class=\"has-text-align-center\" data-align=\"center\"><a href=\"https:\/\/autoecoledorian.fr\/index.php\/pre-inscription\/\"><strong>Pr\u00e9-inscription ICI<\/strong><\/a><\/td><td class=\"has-text-align-center\" data-align=\"center\"><strong>20\u20ac<\/strong><\/td><\/tr><\/tbody><\/table><\/figure>\n\n\n\n<h4 class=\"wp-block-heading has-text-align-center\" id=\"contact-02-38-98-71-72-ou-autoecoledorian-gmail-com\">Contact : 02.38.98.71.72 ou autoecoledorian@gmail.com<\/h4>\n","protected":false},"excerpt":{"rendered":"<p>Le calendrier est mis \u00e0 jour r\u00e9guli\u00e8rement donc n&rsquo;h\u00e9sitez pas \u00e0 le consulter plusieurs fois par semaine Formation Passerelle A2 vers A (7 heures) Vendredi 15 Mai : 9h-13h\/ 14h-17h RESTE 2 PLACES Pr\u00e9-inscription ICI 270\u20ac Vendredi 12 Juin : 9h-13h\/ 14h-17h RESTE 3 PLACES Pr\u00e9-inscription ICI 270\u20ac Jeudi 2 Juillet : 9h-13h\/ 14h-17h RESTE 3 PLACES Pr\u00e9-inscription ICI 270\u20ac Jeudi 23 Juillet : 9h-13h\/ 14h-17h RESTE 3 PLACES Pr\u00e9-inscription ICI 270\u20ac Vendredi 28 Ao\u00fbt : 9h-13h\/ 14h-17h RESTE 3&#8230;<\/p>\n<p class=\"read-more\"><a class=\"btn btn-default\" href=\"https:\/\/autoecoledorian.fr\/index.php\/calendrier-des-formations\/\">Lire la suite<span class=\"screen-reader-text\"> Lire la suite<\/span><\/a><\/p>\n","protected":false},"author":1,"featured_media":0,"parent":0,"menu_order":0,"comment_status":"closed","ping_status":"closed","template":"","meta":{"_acf_changed":false,"footnotes":"[]"},"class_list":["post-1834","page","type-page","status-publish","hentry"],"acf":[],"jetpack_sharing_enabled":true,"_links":{"self":[{"href":"https:\/\/autoecoledorian.fr\/index.php\/wp-json\/wp\/v2\/pages\/1834","targetHints":{"allow":["GET"]}}],"collection":[{"href":"https:\/\/autoecoledorian.fr\/index.php\/wp-json\/wp\/v2\/pages"}],"about":[{"href":"https:\/\/autoecoledorian.fr\/index.php\/wp-json\/wp\/v2\/types\/page"}],"author":[{"embeddable":true,"href":"https:\/\/autoecoledorian.fr\/index.php\/wp-json\/wp\/v2\/users\/1"}],"replies":[{"embeddable":true,"href":"https:\/\/autoecoledorian.fr\/index.php\/wp-json\/wp\/v2\/comments?post=1834"}],"version-history":[{"count":460,"href":"https:\/\/autoecoledorian.fr\/index.php\/wp-json\/wp\/v2\/pages\/1834\/revisions"}],"predecessor-version":[{"id":3051,"href":"https:\/\/autoecoledorian.fr\/index.php\/wp-json\/wp\/v2\/pages\/1834\/revisions\/3051"}],"wp:attachment":[{"href":"https:\/\/autoecoledorian.fr\/index.php\/wp-json\/wp\/v2\/media?parent=1834"}],"curies":[{"name":"wp","href":"https:\/\/api.w.org\/{rel}","templated":true}]}}