{"id":1861,"date":"2023-11-21T11:36:40","date_gmt":"2023-11-21T10:36:40","guid":{"rendered":"https:\/\/autoecoledorian.fr\/?page_id=1861"},"modified":"2023-11-21T11:36:43","modified_gmt":"2023-11-21T10:36:43","slug":"stages-de-recuperation-de-points","status":"publish","type":"page","link":"https:\/\/autoecoledorian.fr\/index.php\/stages-de-recuperation-de-points\/","title":{"rendered":"Stages de r\u00e9cup\u00e9ration de Points"},"content":{"rendered":"\n<figure class=\"wp-block-image size-full is-resized\"><a href=\"https:\/\/www.stage-pointsdevue.fr\/index.php?option=com_eventbooking&amp;view=search&amp;location_id=35&amp;layout=table&amp;Itemid=181\"><img loading=\"lazy\" decoding=\"async\" width=\"170\" height=\"78\" src=\"http:\/\/autoecoledorian.fr\/wp-content\/uploads\/2023\/02\/logo-pointsdevue.png\" alt=\"\" class=\"wp-image-1363\" style=\"width:210px;height:96px\"\/><\/a><\/figure>\n\n\n\n<h2 class=\"wp-block-heading\">Partenariat Stage de r\u00e9cup\u00e9ration de points sur Montargis<\/h2>\n\n\n\n<p>Notre partenaire \u00ab\u00a0Points de vue\u00a0\u00bb organise des stages sur Montargis environ 1 fois par mois.<\/p>\n\n\n\n<p>Vous pouvez vous inscrire directement sur <a href=\"https:\/\/www.stage-pointsdevue.fr\/index.php?option=com_eventbooking&amp;view=search&amp;location_id=35&amp;layout=table&amp;Itemid=181\">le site Points de Vue<\/a> et profiter de 20\u20ac de r\u00e9duction avec le code <strong>DORIAN20<\/strong><\/p>\n\n\n\n<p class=\"has-text-align-right\">Agr\u00e9ment R2204500020 au nom de Points de vue d\u00e9livr\u00e9 le 19\/09\/2022<\/p>\n","protected":false},"excerpt":{"rendered":"<p>Partenariat Stage de r\u00e9cup\u00e9ration de points sur Montargis Notre partenaire \u00ab\u00a0Points de vue\u00a0\u00bb organise des stages sur Montargis environ 1 fois par mois. Vous pouvez vous inscrire directement sur le site Points de Vue et profiter de 20\u20ac de r\u00e9duction avec le code DORIAN20 Agr\u00e9ment R2204500020 au nom de Points de vue d\u00e9livr\u00e9 le 19\/09\/2022<\/p>\n","protected":false},"author":1,"featured_media":0,"parent":0,"menu_order":0,"comment_status":"closed","ping_status":"closed","template":"","meta":{"_acf_changed":false,"footnotes":""},"class_list":["post-1861","page","type-page","status-publish","hentry"],"acf":[],"jetpack_sharing_enabled":true,"_links":{"self":[{"href":"https:\/\/autoecoledorian.fr\/index.php\/wp-json\/wp\/v2\/pages\/1861","targetHints":{"allow":["GET"]}}],"collection":[{"href":"https:\/\/autoecoledorian.fr\/index.php\/wp-json\/wp\/v2\/pages"}],"about":[{"href":"https:\/\/autoecoledorian.fr\/index.php\/wp-json\/wp\/v2\/types\/page"}],"author":[{"embeddable":true,"href":"https:\/\/autoecoledorian.fr\/index.php\/wp-json\/wp\/v2\/users\/1"}],"replies":[{"embeddable":true,"href":"https:\/\/autoecoledorian.fr\/index.php\/wp-json\/wp\/v2\/comments?post=1861"}],"version-history":[{"count":1,"href":"https:\/\/autoecoledorian.fr\/index.php\/wp-json\/wp\/v2\/pages\/1861\/revisions"}],"predecessor-version":[{"id":1862,"href":"https:\/\/autoecoledorian.fr\/index.php\/wp-json\/wp\/v2\/pages\/1861\/revisions\/1862"}],"wp:attachment":[{"href":"https:\/\/autoecoledorian.fr\/index.php\/wp-json\/wp\/v2\/media?parent=1861"}],"curies":[{"name":"wp","href":"https:\/\/api.w.org\/{rel}","templated":true}]}}