{"id":1938,"date":"2023-12-05T11:12:39","date_gmt":"2023-12-05T10:12:39","guid":{"rendered":"https:\/\/autoecoledorian.fr\/?page_id=1938"},"modified":"2025-12-12T14:27:37","modified_gmt":"2025-12-12T13:27:37","slug":"galette-des-motardes-2024","status":"publish","type":"page","link":"https:\/\/autoecoledorian.fr\/index.php\/galette-des-motardes-2024\/","title":{"rendered":"Galette des Motard(e)s 2026"},"content":{"rendered":"\n<p><strong>5\u00e8me \u00e9dition de la Galette des motard(e)s de l&rsquo;Auto-Moto-Ecole Dorian le Samedi 10 Janvier \u00e0 partir de 15h00.<\/strong><\/p>\n\n\n<div class=\"wp-block-image\">\n<figure class=\"aligncenter size-large\"><img loading=\"lazy\" decoding=\"async\" width=\"724\" height=\"1024\" src=\"https:\/\/autoecoledorian.fr\/wp-content\/uploads\/2025\/12\/Post-Instagram-Jeu-Concours-Galette-des-Rois-Tradition-Fete-epiphanie-21-x-29.7-cm-724x1024.jpg\" alt=\"\" class=\"wp-image-2919\" srcset=\"https:\/\/autoecoledorian.fr\/wp-content\/uploads\/2025\/12\/Post-Instagram-Jeu-Concours-Galette-des-Rois-Tradition-Fete-epiphanie-21-x-29.7-cm-724x1024.jpg 724w, https:\/\/autoecoledorian.fr\/wp-content\/uploads\/2025\/12\/Post-Instagram-Jeu-Concours-Galette-des-Rois-Tradition-Fete-epiphanie-21-x-29.7-cm-212x300.jpg 212w, https:\/\/autoecoledorian.fr\/wp-content\/uploads\/2025\/12\/Post-Instagram-Jeu-Concours-Galette-des-Rois-Tradition-Fete-epiphanie-21-x-29.7-cm-768x1086.jpg 768w, https:\/\/autoecoledorian.fr\/wp-content\/uploads\/2025\/12\/Post-Instagram-Jeu-Concours-Galette-des-Rois-Tradition-Fete-epiphanie-21-x-29.7-cm-1086x1536.jpg 1086w, https:\/\/autoecoledorian.fr\/wp-content\/uploads\/2025\/12\/Post-Instagram-Jeu-Concours-Galette-des-Rois-Tradition-Fete-epiphanie-21-x-29.7-cm-191x270.jpg 191w, https:\/\/autoecoledorian.fr\/wp-content\/uploads\/2025\/12\/Post-Instagram-Jeu-Concours-Galette-des-Rois-Tradition-Fete-epiphanie-21-x-29.7-cm.jpg 1414w\" sizes=\"auto, (max-width: 724px) 100vw, 724px\" \/><\/figure>\n<\/div>\n\n\n<p><strong><mark style=\"background-color:rgba(0, 0, 0, 0)\" class=\"has-inline-color has-vivid-red-color\">Inscription avant le 4 Janvier 2026 maximum<\/mark><\/strong> &#8211; Places limit\u00e9es<\/p>\n\n\n\n<p>Cette ann\u00e9e : 4 F\u00e8ves gagnantes!!!<\/p>\n\n\n\n<p>Adresse : AUTO-MOTO-ECOLE DORIAN, 95 RUE DE LA LIBERATION, 45200 MONTARGIS<\/p>\n\n\n\n<p><strong>Pour t&rsquo;inscrire, compl\u00e8te le formulaire ci-dessous. <\/strong><\/p>\n\n\n\n<div class=\"wpcf7 no-js\" id=\"wpcf7-f1937-o1\" lang=\"fr-FR\" dir=\"ltr\" data-wpcf7-id=\"1937\">\n<div class=\"screen-reader-response\"><p role=\"status\" aria-live=\"polite\" aria-atomic=\"true\"><\/p> <ul><\/ul><\/div>\n<form action=\"\/index.php\/wp-json\/wp\/v2\/pages\/1938#wpcf7-f1937-o1\" method=\"post\" class=\"wpcf7-form init\" aria-label=\"Formulaire de contact\" novalidate=\"novalidate\" data-status=\"init\">\n<fieldset class=\"hidden-fields-container\"><input type=\"hidden\" name=\"_wpcf7\" value=\"1937\" \/><input type=\"hidden\" name=\"_wpcf7_version\" value=\"6.1.5\" \/><input type=\"hidden\" name=\"_wpcf7_locale\" value=\"fr_FR\" \/><input type=\"hidden\" name=\"_wpcf7_unit_tag\" value=\"wpcf7-f1937-o1\" \/><input type=\"hidden\" name=\"_wpcf7_container_post\" value=\"0\" \/><input type=\"hidden\" name=\"_wpcf7_posted_data_hash\" value=\"\" \/><input type=\"hidden\" name=\"_wpcf7_recaptcha_response\" value=\"\" \/>\n<\/fieldset>\n<p><label> Ton nom et pr\u00e9nom<br \/>\n<span class=\"wpcf7-form-control-wrap\" data-name=\"your-name\"><input size=\"40\" maxlength=\"400\" class=\"wpcf7-form-control wpcf7-text wpcf7-validates-as-required\" autocomplete=\"name\" aria-required=\"true\" aria-invalid=\"false\" value=\"\" type=\"text\" name=\"your-name\" \/><\/span> <\/label>\n<\/p>\n<p><label> Ton e-mail<br \/>\n<span class=\"wpcf7-form-control-wrap\" data-name=\"your-email\"><input size=\"40\" maxlength=\"400\" class=\"wpcf7-form-control wpcf7-email wpcf7-validates-as-required wpcf7-text wpcf7-validates-as-email\" autocomplete=\"email\" aria-required=\"true\" aria-invalid=\"false\" value=\"\" type=\"email\" name=\"your-email\" \/><\/span> <\/label>\n<\/p>\n<p><label> Nombre de personnes pr\u00e9sentes (toi + 1 invit\u00e9(e) max)<br \/>\n<span class=\"wpcf7-form-control-wrap\" data-name=\"number-550\"><input class=\"wpcf7-form-control wpcf7-number wpcf7-validates-as-required wpcf7-validates-as-number\" min=\"1\" max=\"2\" aria-required=\"true\" aria-invalid=\"false\" value=\"\" type=\"number\" name=\"number-550\" \/><\/span> <\/label>\n<\/p>\n<p><label> Nom et pr\u00e9nom de ton invit\u00e9(e)<br \/>\n<span class=\"wpcf7-form-control-wrap\" data-name=\"textarea-400\"><textarea cols=\"40\" rows=\"10\" maxlength=\"2000\" class=\"wpcf7-form-control wpcf7-textarea\" aria-invalid=\"false\" name=\"textarea-400\"><\/textarea><\/span> <\/label>\n<\/p>\n<p><input class=\"wpcf7-form-control wpcf7-submit has-spinner\" type=\"submit\" value=\"Envoyer\" \/>\n<\/p><input type='hidden' class='wpcf7-pum' value='{\"closepopup\":false,\"closedelay\":0,\"openpopup\":false,\"openpopup_id\":0}' \/><div class=\"wpcf7-response-output\" aria-hidden=\"true\"><\/div>\n<\/form>\n<\/div>\n\n\n\n\n<hr class=\"wp-block-separator has-alpha-channel-opacity\"\/>\n\n\n\n<p>4eme Edition :<\/p>\n\n\n<div class=\"wp-block-image\">\n<figure class=\"aligncenter size-large\"><img loading=\"lazy\" decoding=\"async\" width=\"724\" height=\"1024\" src=\"https:\/\/autoecoledorian.fr\/wp-content\/uploads\/2024\/11\/Affiche-evenement-soiree-galette-des-rois-Illustratif-724x1024.png\" alt=\"\" class=\"wp-image-2446\" srcset=\"https:\/\/autoecoledorian.fr\/wp-content\/uploads\/2024\/11\/Affiche-evenement-soiree-galette-des-rois-Illustratif-724x1024.png 724w, https:\/\/autoecoledorian.fr\/wp-content\/uploads\/2024\/11\/Affiche-evenement-soiree-galette-des-rois-Illustratif-212x300.png 212w, https:\/\/autoecoledorian.fr\/wp-content\/uploads\/2024\/11\/Affiche-evenement-soiree-galette-des-rois-Illustratif-768x1086.png 768w, https:\/\/autoecoledorian.fr\/wp-content\/uploads\/2024\/11\/Affiche-evenement-soiree-galette-des-rois-Illustratif-1086x1536.png 1086w, https:\/\/autoecoledorian.fr\/wp-content\/uploads\/2024\/11\/Affiche-evenement-soiree-galette-des-rois-Illustratif-191x270.png 191w, https:\/\/autoecoledorian.fr\/wp-content\/uploads\/2024\/11\/Affiche-evenement-soiree-galette-des-rois-Illustratif.png 1414w\" sizes=\"auto, (max-width: 724px) 100vw, 724px\" \/><\/figure>\n<\/div>\n\n\n<p>3eme Edition 2024<\/p>\n\n\n\n<figure class=\"wp-block-gallery has-nested-images columns-default is-cropped wp-block-gallery-1 is-layout-flex wp-block-gallery-is-layout-flex\">\n<figure class=\"wp-block-image size-large\"><img decoding=\"async\" data-id=\"2451\" src=\"https:\/\/autoecoledorian.fr\/wp-content\/uploads\/2024\/11\/photo-output-1.jpeg\" alt=\"\" class=\"wp-image-2451\"\/><\/figure>\n\n\n\n<figure class=\"wp-block-image size-large\"><img decoding=\"async\" data-id=\"2450\" src=\"https:\/\/autoecoledorian.fr\/wp-content\/uploads\/2024\/11\/photo-output.jpeg\" alt=\"\" class=\"wp-image-2450\"\/><\/figure>\n\n\n\n<figure class=\"wp-block-image size-large\"><img loading=\"lazy\" decoding=\"async\" width=\"1024\" height=\"1024\" data-id=\"2449\" src=\"https:\/\/autoecoledorian.fr\/wp-content\/uploads\/2024\/11\/photo-output-2-2-1024x1024.jpeg\" alt=\"\" class=\"wp-image-2449\" srcset=\"https:\/\/autoecoledorian.fr\/wp-content\/uploads\/2024\/11\/photo-output-2-2-1024x1024.jpeg 1024w, https:\/\/autoecoledorian.fr\/wp-content\/uploads\/2024\/11\/photo-output-2-2-300x300.jpeg 300w\" sizes=\"auto, (max-width: 1024px) 100vw, 1024px\" \/><\/figure>\n<\/figure>\n\n\n\n<p>2\u00e8me Edition 2023<\/p>\n\n\n\n<figure class=\"wp-block-gallery has-nested-images columns-default is-cropped wp-block-gallery-2 is-layout-flex wp-block-gallery-is-layout-flex\">\n<figure class=\"wp-block-image size-large\"><img loading=\"lazy\" decoding=\"async\" width=\"1024\" height=\"768\" data-id=\"1961\" src=\"https:\/\/autoecoledorian.fr\/wp-content\/uploads\/2023\/12\/IMG_3271-1-1024x768.jpg\" alt=\"\" class=\"wp-image-1961\" srcset=\"https:\/\/autoecoledorian.fr\/wp-content\/uploads\/2023\/12\/IMG_3271-1-1024x768.jpg 1024w, https:\/\/autoecoledorian.fr\/wp-content\/uploads\/2023\/12\/IMG_3271-1-300x225.jpg 300w, https:\/\/autoecoledorian.fr\/wp-content\/uploads\/2023\/12\/IMG_3271-1-768x576.jpg 768w, https:\/\/autoecoledorian.fr\/wp-content\/uploads\/2023\/12\/IMG_3271-1-1536x1152.jpg 1536w, https:\/\/autoecoledorian.fr\/wp-content\/uploads\/2023\/12\/IMG_3271-1-2048x1536.jpg 2048w, https:\/\/autoecoledorian.fr\/wp-content\/uploads\/2023\/12\/IMG_3271-1-360x270.jpg 360w\" sizes=\"auto, (max-width: 1024px) 100vw, 1024px\" \/><\/figure>\n<\/figure>\n\n\n\n<p>1\u00e8re Edition &#8211; 2020<\/p>\n\n\n\n<figure class=\"wp-block-gallery has-nested-images columns-default is-cropped wp-block-gallery-3 is-layout-flex wp-block-gallery-is-layout-flex\">\n<figure class=\"wp-block-image size-large\"><img loading=\"lazy\" decoding=\"async\" width=\"1024\" height=\"537\" data-id=\"1963\" src=\"https:\/\/autoecoledorian.fr\/wp-content\/uploads\/2023\/12\/IMG_5994-1024x537.jpg\" alt=\"\" class=\"wp-image-1963\" srcset=\"https:\/\/autoecoledorian.fr\/wp-content\/uploads\/2023\/12\/IMG_5994-1024x537.jpg 1024w, https:\/\/autoecoledorian.fr\/wp-content\/uploads\/2023\/12\/IMG_5994-300x157.jpg 300w, https:\/\/autoecoledorian.fr\/wp-content\/uploads\/2023\/12\/IMG_5994-768x402.jpg 768w, https:\/\/autoecoledorian.fr\/wp-content\/uploads\/2023\/12\/IMG_5994-515x270.jpg 515w, https:\/\/autoecoledorian.fr\/wp-content\/uploads\/2023\/12\/IMG_5994.jpg 1080w\" sizes=\"auto, (max-width: 1024px) 100vw, 1024px\" \/><\/figure>\n<\/figure>\n","protected":false},"excerpt":{"rendered":"<p>5\u00e8me \u00e9dition de la Galette des motard(e)s de l&rsquo;Auto-Moto-Ecole Dorian le Samedi 10 Janvier \u00e0 partir de 15h00. Inscription avant le 4 Janvier 2026 maximum &#8211; Places limit\u00e9es Cette ann\u00e9e : 4 F\u00e8ves gagnantes!!! Adresse : AUTO-MOTO-ECOLE DORIAN, 95 RUE DE LA LIBERATION, 45200 MONTARGIS Pour t&rsquo;inscrire, compl\u00e8te le formulaire ci-dessous. 4eme Edition : 3eme Edition 2024 2\u00e8me Edition 2023 1\u00e8re Edition &#8211; 2020<\/p>\n","protected":false},"author":1,"featured_media":0,"parent":0,"menu_order":0,"comment_status":"closed","ping_status":"closed","template":"","meta":{"_acf_changed":false,"footnotes":""},"class_list":["post-1938","page","type-page","status-publish","hentry"],"acf":[],"jetpack_sharing_enabled":true,"_links":{"self":[{"href":"https:\/\/autoecoledorian.fr\/index.php\/wp-json\/wp\/v2\/pages\/1938","targetHints":{"allow":["GET"]}}],"collection":[{"href":"https:\/\/autoecoledorian.fr\/index.php\/wp-json\/wp\/v2\/pages"}],"about":[{"href":"https:\/\/autoecoledorian.fr\/index.php\/wp-json\/wp\/v2\/types\/page"}],"author":[{"embeddable":true,"href":"https:\/\/autoecoledorian.fr\/index.php\/wp-json\/wp\/v2\/users\/1"}],"replies":[{"embeddable":true,"href":"https:\/\/autoecoledorian.fr\/index.php\/wp-json\/wp\/v2\/comments?post=1938"}],"version-history":[{"count":17,"href":"https:\/\/autoecoledorian.fr\/index.php\/wp-json\/wp\/v2\/pages\/1938\/revisions"}],"predecessor-version":[{"id":2922,"href":"https:\/\/autoecoledorian.fr\/index.php\/wp-json\/wp\/v2\/pages\/1938\/revisions\/2922"}],"wp:attachment":[{"href":"https:\/\/autoecoledorian.fr\/index.php\/wp-json\/wp\/v2\/media?parent=1938"}],"curies":[{"name":"wp","href":"https:\/\/api.w.org\/{rel}","templated":true}]}}