{"id":2,"date":"2016-09-13T18:35:20","date_gmt":"2016-09-13T16:35:20","guid":{"rendered":"http:\/\/autoecoledorian.fr\/?page_id=2"},"modified":"2026-03-25T10:45:10","modified_gmt":"2026-03-25T09:45:10","slug":"page-d-exemple","status":"publish","type":"page","link":"https:\/\/autoecoledorian.fr\/","title":{"rendered":"Bienvenue \u00e0 l&rsquo;Auto-Moto Ecole Dorian"},"content":{"rendered":"\n<figure class=\"wp-block-gallery aligncenter has-nested-images columns-default wp-block-gallery-1 is-layout-flex wp-block-gallery-is-layout-flex\"><div class=\"wp-block-image\">\n<figure class=\"aligncenter size-medium\"><img loading=\"lazy\" decoding=\"async\" width=\"300\" height=\"109\" data-id=\"2601\" src=\"https:\/\/autoecoledorian.fr\/wp-content\/uploads\/2025\/03\/logo-aed.pdf-2-300x109.png\" alt=\"\" class=\"wp-image-2601\" srcset=\"https:\/\/autoecoledorian.fr\/wp-content\/uploads\/2025\/03\/logo-aed.pdf-2-300x109.png 300w, https:\/\/autoecoledorian.fr\/wp-content\/uploads\/2025\/03\/logo-aed.pdf-2-1024x373.png 1024w, https:\/\/autoecoledorian.fr\/wp-content\/uploads\/2025\/03\/logo-aed.pdf-2-768x280.png 768w, https:\/\/autoecoledorian.fr\/wp-content\/uploads\/2025\/03\/logo-aed.pdf-2-1536x560.png 1536w, https:\/\/autoecoledorian.fr\/wp-content\/uploads\/2025\/03\/logo-aed.pdf-2-604x220.png 604w, https:\/\/autoecoledorian.fr\/wp-content\/uploads\/2025\/03\/logo-aed.pdf-2.png 2000w\" sizes=\"auto, (max-width: 300px) 100vw, 300px\" \/><\/figure>\n<\/div><\/figure>\n\n\n\n<p class=\"has-text-align-center\">Depuis 2014, l\u2019Auto-Moto-\u00e9cole Dorian vous accompagne vers la r\u00e9ussite avec passion et p\u00e9dagogie. <\/p>\n\n\n\n<div class=\"wp-block-buttons is-horizontal is-content-justification-center is-layout-flex wp-container-core-buttons-is-layout-499968f5 wp-block-buttons-is-layout-flex\">\n<div class=\"wp-block-button is-style-fill\"><a class=\"wp-block-button__link wp-element-button\" href=\"http:\/\/autoecoledorian.fr\/index.php\/pre-inscription\/\" target=\"_blank\" rel=\"noreferrer noopener\">Pr\u00e9-inscription ICI<\/a><\/div>\n<\/div>\n\n\n\n<hr class=\"wp-block-separator has-alpha-channel-opacity\"\/>\n\n\n\n<div class=\"wp-block-media-text is-stacked-on-mobile\"><figure class=\"wp-block-media-text__media\"><a href=\"https:\/\/autoecoledorian.fr\/index.php\/calendrier-des-formations\/\"><img loading=\"lazy\" decoding=\"async\" width=\"1024\" height=\"1024\" src=\"http:\/\/autoecoledorian.fr\/wp-content\/uploads\/2023\/11\/Colorful-Web-Domain-Price-List-Instagram-Post-2-3-1024x1024.png\" alt=\"\" class=\"wp-image-1844 size-full\" srcset=\"https:\/\/autoecoledorian.fr\/wp-content\/uploads\/2023\/11\/Colorful-Web-Domain-Price-List-Instagram-Post-2-3-1024x1024.png 1024w, https:\/\/autoecoledorian.fr\/wp-content\/uploads\/2023\/11\/Colorful-Web-Domain-Price-List-Instagram-Post-2-3-300x300.png 300w, https:\/\/autoecoledorian.fr\/wp-content\/uploads\/2023\/11\/Colorful-Web-Domain-Price-List-Instagram-Post-2-3-150x150.png 150w, https:\/\/autoecoledorian.fr\/wp-content\/uploads\/2023\/11\/Colorful-Web-Domain-Price-List-Instagram-Post-2-3-768x768.png 768w, https:\/\/autoecoledorian.fr\/wp-content\/uploads\/2023\/11\/Colorful-Web-Domain-Price-List-Instagram-Post-2-3-270x270.png 270w, https:\/\/autoecoledorian.fr\/wp-content\/uploads\/2023\/11\/Colorful-Web-Domain-Price-List-Instagram-Post-2-3-600x600.png 600w, https:\/\/autoecoledorian.fr\/wp-content\/uploads\/2023\/11\/Colorful-Web-Domain-Price-List-Instagram-Post-2-3-100x100.png 100w, https:\/\/autoecoledorian.fr\/wp-content\/uploads\/2023\/11\/Colorful-Web-Domain-Price-List-Instagram-Post-2-3.png 1080w\" sizes=\"auto, (max-width: 1024px) 100vw, 1024px\" \/><\/a><\/figure><div class=\"wp-block-media-text__content\">\n<p><a href=\"https:\/\/autoecoledorian.fr\/index.php\/calendrier-des-formations\/\">Retrouve ICI le calendrier des formations<\/a><\/p>\n\n\n\n<p>Permis AM (BSR), Passerelle A2 vers A, B96 Remorque etc<\/p>\n<\/div><\/div>\n\n\n\n<hr class=\"wp-block-separator has-alpha-channel-opacity\"\/>\n\n\n\n<div class=\"wp-block-group\"><div class=\"wp-block-group__inner-container is-layout-constrained wp-block-group-is-layout-constrained\">\n<div class=\"wp-block-media-text is-stacked-on-mobile\"><figure class=\"wp-block-media-text__media\"><a href=\"http:\/\/autoecoledorian.fr\/index.php\/les-horaires\/\"><img loading=\"lazy\" decoding=\"async\" width=\"1024\" height=\"1024\" src=\"https:\/\/autoecoledorian.fr\/wp-content\/uploads\/2023\/11\/Colorful-Web-Domain-Price-List-Instagram-Post-3-1-1024x1024.png\" alt=\"\" class=\"wp-image-1850 size-full\" srcset=\"https:\/\/autoecoledorian.fr\/wp-content\/uploads\/2023\/11\/Colorful-Web-Domain-Price-List-Instagram-Post-3-1-1024x1024.png 1024w, https:\/\/autoecoledorian.fr\/wp-content\/uploads\/2023\/11\/Colorful-Web-Domain-Price-List-Instagram-Post-3-1-300x300.png 300w, https:\/\/autoecoledorian.fr\/wp-content\/uploads\/2023\/11\/Colorful-Web-Domain-Price-List-Instagram-Post-3-1-150x150.png 150w, https:\/\/autoecoledorian.fr\/wp-content\/uploads\/2023\/11\/Colorful-Web-Domain-Price-List-Instagram-Post-3-1-768x768.png 768w, https:\/\/autoecoledorian.fr\/wp-content\/uploads\/2023\/11\/Colorful-Web-Domain-Price-List-Instagram-Post-3-1-270x270.png 270w, https:\/\/autoecoledorian.fr\/wp-content\/uploads\/2023\/11\/Colorful-Web-Domain-Price-List-Instagram-Post-3-1-600x600.png 600w, https:\/\/autoecoledorian.fr\/wp-content\/uploads\/2023\/11\/Colorful-Web-Domain-Price-List-Instagram-Post-3-1-100x100.png 100w, https:\/\/autoecoledorian.fr\/wp-content\/uploads\/2023\/11\/Colorful-Web-Domain-Price-List-Instagram-Post-3-1.png 1080w\" sizes=\"auto, (max-width: 1024px) 100vw, 1024px\" \/><\/a><\/figure><div class=\"wp-block-media-text__content\">\n<p><a href=\"http:\/\/autoecoledorian.fr\/index.php\/les-horaires\/\">Retrouve ICI nos horaires d&rsquo;ouverture du bureau et des s\u00e9ances de code en salle.<\/a><\/p>\n<\/div><\/div>\n<\/div><\/div>\n\n\n\n<hr class=\"wp-block-separator has-alpha-channel-opacity\"\/>\n\n\n\n<div class=\"wp-block-media-text is-stacked-on-mobile\"><figure class=\"wp-block-media-text__media\"><a href=\"http:\/\/autoecoledorian.fr\/wp-content\/uploads\/2023\/02\/Verifications-Permis.pdf\"><img loading=\"lazy\" decoding=\"async\" width=\"1024\" height=\"1024\" src=\"https:\/\/autoecoledorian.fr\/wp-content\/uploads\/2023\/11\/Colorful-Web-Domain-Price-List-Instagram-Post-4-1-1024x1024.png\" alt=\"\" class=\"wp-image-1857 size-full\" srcset=\"https:\/\/autoecoledorian.fr\/wp-content\/uploads\/2023\/11\/Colorful-Web-Domain-Price-List-Instagram-Post-4-1-1024x1024.png 1024w, https:\/\/autoecoledorian.fr\/wp-content\/uploads\/2023\/11\/Colorful-Web-Domain-Price-List-Instagram-Post-4-1-300x300.png 300w, https:\/\/autoecoledorian.fr\/wp-content\/uploads\/2023\/11\/Colorful-Web-Domain-Price-List-Instagram-Post-4-1-150x150.png 150w, https:\/\/autoecoledorian.fr\/wp-content\/uploads\/2023\/11\/Colorful-Web-Domain-Price-List-Instagram-Post-4-1-768x768.png 768w, https:\/\/autoecoledorian.fr\/wp-content\/uploads\/2023\/11\/Colorful-Web-Domain-Price-List-Instagram-Post-4-1-270x270.png 270w, https:\/\/autoecoledorian.fr\/wp-content\/uploads\/2023\/11\/Colorful-Web-Domain-Price-List-Instagram-Post-4-1-600x600.png 600w, https:\/\/autoecoledorian.fr\/wp-content\/uploads\/2023\/11\/Colorful-Web-Domain-Price-List-Instagram-Post-4-1-100x100.png 100w, https:\/\/autoecoledorian.fr\/wp-content\/uploads\/2023\/11\/Colorful-Web-Domain-Price-List-Instagram-Post-4-1.png 1080w\" sizes=\"auto, (max-width: 1024px) 100vw, 1024px\" \/><\/a><\/figure><div class=\"wp-block-media-text__content\">\n<p><a href=\"http:\/\/autoecoledorian.fr\/wp-content\/uploads\/2023\/02\/Verifications-Permis.pdf\">Clique ICI pour t\u00e9l\u00e9charger les questions de v\u00e9rifications pour l&rsquo;examen du Permis B<\/a><\/p>\n<\/div><\/div>\n\n\n\n<hr class=\"wp-block-separator has-alpha-channel-opacity\"\/>\n\n\n\n<div class=\"wp-block-media-text is-stacked-on-mobile\"><figure class=\"wp-block-media-text__media\"><img loading=\"lazy\" decoding=\"async\" width=\"633\" height=\"389\" src=\"https:\/\/autoecoledorian.fr\/wp-content\/uploads\/2025\/12\/resultats-permis.jpg\" alt=\"\" class=\"wp-image-2909 size-full\" srcset=\"https:\/\/autoecoledorian.fr\/wp-content\/uploads\/2025\/12\/resultats-permis.jpg 633w, https:\/\/autoecoledorian.fr\/wp-content\/uploads\/2025\/12\/resultats-permis-300x184.jpg 300w, https:\/\/autoecoledorian.fr\/wp-content\/uploads\/2025\/12\/resultats-permis-439x270.jpg 439w\" sizes=\"auto, (max-width: 633px) 100vw, 633px\" \/><\/figure><div class=\"wp-block-media-text__content\">\n<p>Le lendemain de votre examen, vous avez la possibilit\u00e9 de consulter votre r\u00e9sultat : <a href=\"https:\/\/www.securite-routiere.gouv.fr\/passer-son-permis-de-conduire\/inscription-et-formation\/reserver-en-ligne-sa-place-pour-le\" data-type=\"link\" data-id=\"https:\/\/www.securite-routiere.gouv.fr\/passer-son-permis-de-conduire\/inscription-et-formation\/reserver-en-ligne-sa-place-pour-le\">CLIQUEZ ICI<\/a><\/p>\n<\/div><\/div>\n\n\n\n<hr class=\"wp-block-separator has-alpha-channel-opacity\"\/>\n\n\n\n<div class=\"wp-block-media-text is-stacked-on-mobile\"><figure class=\"wp-block-media-text__media\"><a href=\"http:\/\/autoecoledorian.fr\/index.php\/stages-de-recuperation-de-points\/\"><img loading=\"lazy\" decoding=\"async\" width=\"1024\" height=\"1024\" src=\"https:\/\/autoecoledorian.fr\/wp-content\/uploads\/2023\/11\/Colorful-Web-Domain-Price-List-Instagram-Post-5-1024x1024.png\" alt=\"\" class=\"wp-image-1863 size-full\" srcset=\"https:\/\/autoecoledorian.fr\/wp-content\/uploads\/2023\/11\/Colorful-Web-Domain-Price-List-Instagram-Post-5-1024x1024.png 1024w, https:\/\/autoecoledorian.fr\/wp-content\/uploads\/2023\/11\/Colorful-Web-Domain-Price-List-Instagram-Post-5-300x300.png 300w, https:\/\/autoecoledorian.fr\/wp-content\/uploads\/2023\/11\/Colorful-Web-Domain-Price-List-Instagram-Post-5-150x150.png 150w, https:\/\/autoecoledorian.fr\/wp-content\/uploads\/2023\/11\/Colorful-Web-Domain-Price-List-Instagram-Post-5-768x768.png 768w, https:\/\/autoecoledorian.fr\/wp-content\/uploads\/2023\/11\/Colorful-Web-Domain-Price-List-Instagram-Post-5-270x270.png 270w, https:\/\/autoecoledorian.fr\/wp-content\/uploads\/2023\/11\/Colorful-Web-Domain-Price-List-Instagram-Post-5-600x600.png 600w, https:\/\/autoecoledorian.fr\/wp-content\/uploads\/2023\/11\/Colorful-Web-Domain-Price-List-Instagram-Post-5-100x100.png 100w, https:\/\/autoecoledorian.fr\/wp-content\/uploads\/2023\/11\/Colorful-Web-Domain-Price-List-Instagram-Post-5.png 1080w\" sizes=\"auto, (max-width: 1024px) 100vw, 1024px\" \/><\/a><\/figure><div class=\"wp-block-media-text__content\">\n<p><a href=\"http:\/\/autoecoledorian.fr\/index.php\/stages-de-recuperation-de-points\/\" data-type=\"page\" data-id=\"1861\">Notre partenaire \u00ab\u00a0Points de Vue\u00a0\u00bb organise des stages 1 fois par mois sur Montargis<\/a><\/p>\n<\/div><\/div>\n\n\n\n<hr class=\"wp-block-separator has-alpha-channel-opacity\"\/>\n\n\n\n<div class=\"wp-block-media-text is-stacked-on-mobile\"><figure class=\"wp-block-media-text__media\"><img loading=\"lazy\" decoding=\"async\" width=\"1024\" height=\"1024\" src=\"https:\/\/autoecoledorian.fr\/wp-content\/uploads\/2023\/11\/Colorful-Web-Domain-Price-List-Instagram-Post-6-1-1024x1024.png\" alt=\"\" class=\"wp-image-1873 size-full\" srcset=\"https:\/\/autoecoledorian.fr\/wp-content\/uploads\/2023\/11\/Colorful-Web-Domain-Price-List-Instagram-Post-6-1-1024x1024.png 1024w, https:\/\/autoecoledorian.fr\/wp-content\/uploads\/2023\/11\/Colorful-Web-Domain-Price-List-Instagram-Post-6-1-300x300.png 300w, https:\/\/autoecoledorian.fr\/wp-content\/uploads\/2023\/11\/Colorful-Web-Domain-Price-List-Instagram-Post-6-1-150x150.png 150w, https:\/\/autoecoledorian.fr\/wp-content\/uploads\/2023\/11\/Colorful-Web-Domain-Price-List-Instagram-Post-6-1-768x768.png 768w, https:\/\/autoecoledorian.fr\/wp-content\/uploads\/2023\/11\/Colorful-Web-Domain-Price-List-Instagram-Post-6-1-270x270.png 270w, https:\/\/autoecoledorian.fr\/wp-content\/uploads\/2023\/11\/Colorful-Web-Domain-Price-List-Instagram-Post-6-1-600x600.png 600w, https:\/\/autoecoledorian.fr\/wp-content\/uploads\/2023\/11\/Colorful-Web-Domain-Price-List-Instagram-Post-6-1-100x100.png 100w, https:\/\/autoecoledorian.fr\/wp-content\/uploads\/2023\/11\/Colorful-Web-Domain-Price-List-Instagram-Post-6-1.png 1080w\" sizes=\"auto, (max-width: 1024px) 100vw, 1024px\" \/><\/figure><div class=\"wp-block-media-text__content\">\n<p><a href=\"https:\/\/www.icicode.fr\/vues\/acces_eleve\/login.php\">Clique ici pour acc\u00e9der \u00e0 notre plateforme d&rsquo;entrainement de code en ligne.<\/a><\/p>\n<\/div><\/div>\n\n\n\n<hr class=\"wp-block-separator has-alpha-channel-opacity\"\/>\n\n\n\n<div class=\"wp-block-media-text is-stacked-on-mobile\"><figure class=\"wp-block-media-text__media\"><a href=\"https:\/\/lp.demooz.com\/citroen\/ambassadeur-ami\"><img loading=\"lazy\" decoding=\"async\" width=\"512\" height=\"512\" src=\"http:\/\/autoecoledorian.fr\/wp-content\/uploads\/2022\/11\/cropped-image_6483441-scaled-1.jpg\" alt=\"\" class=\"wp-image-1269 size-full\" srcset=\"https:\/\/autoecoledorian.fr\/wp-content\/uploads\/2022\/11\/cropped-image_6483441-scaled-1.jpg 512w, https:\/\/autoecoledorian.fr\/wp-content\/uploads\/2022\/11\/cropped-image_6483441-scaled-1-300x300.jpg 300w, https:\/\/autoecoledorian.fr\/wp-content\/uploads\/2022\/11\/cropped-image_6483441-scaled-1-150x150.jpg 150w, https:\/\/autoecoledorian.fr\/wp-content\/uploads\/2022\/11\/cropped-image_6483441-scaled-1-270x270.jpg 270w, https:\/\/autoecoledorian.fr\/wp-content\/uploads\/2022\/11\/cropped-image_6483441-scaled-1-192x192.jpg 192w, https:\/\/autoecoledorian.fr\/wp-content\/uploads\/2022\/11\/cropped-image_6483441-scaled-1-180x180.jpg 180w, https:\/\/autoecoledorian.fr\/wp-content\/uploads\/2022\/11\/cropped-image_6483441-scaled-1-32x32.jpg 32w\" sizes=\"auto, (max-width: 512px) 100vw, 512px\" \/><\/a><\/figure><div class=\"wp-block-media-text__content\">\n<p><strong>Nous sommes Ambassadeur Citro\u00ebn AMI<\/strong><\/p>\n\n\n\n<p> <strong>Vous \u00eates int\u00e9ress\u00e9 par l&rsquo;achat d&rsquo;une Citro\u00ebn AMI&#8230;.. VENEZ l&rsquo;essayer chez nous!!! <\/strong><\/p>\n<\/div><\/div>\n\n\n\n<div class=\"wp-block-media-text is-stacked-on-mobile\"><figure class=\"wp-block-media-text__media\"><img loading=\"lazy\" decoding=\"async\" width=\"1024\" height=\"1024\" src=\"https:\/\/autoecoledorian.fr\/wp-content\/uploads\/2025\/05\/Tesla_logo-1024x1024.png\" alt=\"\" class=\"wp-image-2644 size-full\" srcset=\"https:\/\/autoecoledorian.fr\/wp-content\/uploads\/2025\/05\/Tesla_logo-1024x1024.png 1024w, https:\/\/autoecoledorian.fr\/wp-content\/uploads\/2025\/05\/Tesla_logo-300x300.png 300w, https:\/\/autoecoledorian.fr\/wp-content\/uploads\/2025\/05\/Tesla_logo-150x150.png 150w, https:\/\/autoecoledorian.fr\/wp-content\/uploads\/2025\/05\/Tesla_logo-768x768.png 768w, https:\/\/autoecoledorian.fr\/wp-content\/uploads\/2025\/05\/Tesla_logo-1536x1536.png 1536w, https:\/\/autoecoledorian.fr\/wp-content\/uploads\/2025\/05\/Tesla_logo-2048x2048.png 2048w, https:\/\/autoecoledorian.fr\/wp-content\/uploads\/2025\/05\/Tesla_logo-270x270.png 270w\" sizes=\"auto, (max-width: 1024px) 100vw, 1024px\" \/><\/figure><div class=\"wp-block-media-text__content\">\n<p> $ Parrainage Tesla $<\/p>\n\n\n\n<p>-250\u20ac sur l&rsquo;achat d&rsquo;une Tesla neuve ou 1000 kilom\u00e8tres de Supercharge avec notre parrainage. <a href=\"https:\/\/www.tesla.com\/fr_fr\/referral\/dorian181966\">C&rsquo;est ICI !<\/a><\/p>\n<\/div><\/div>\n\n\n\n<div class=\"wp-block-buttons is-content-justification-center is-layout-flex wp-container-core-buttons-is-layout-16018d1d wp-block-buttons-is-layout-flex\">\n<div class=\"wp-block-button\"><a class=\"wp-block-button__link wp-element-button\" href=\"https:\/\/lp.demooz.com\/citroen\/ambassadeur-ami\" target=\"_blank\" rel=\"noreferrer noopener\">Venez l&rsquo;essayer \u00e0 l&rsquo;auto-\u00e9cole en prenant RDV ici! <\/a><\/div>\n<\/div>\n\n\n<div class=\"wp-block-image\">\n<figure class=\"aligncenter size-medium is-resized\"><img loading=\"lazy\" decoding=\"async\" width=\"300\" height=\"300\" src=\"http:\/\/autoecoledorian.fr\/wp-content\/uploads\/2021\/11\/SuperFan_Map-300x300.png\" alt=\"\" class=\"wp-image-1074\" style=\"width:200px;height:undefinedpx\" srcset=\"https:\/\/autoecoledorian.fr\/wp-content\/uploads\/2021\/11\/SuperFan_Map-300x300.png 300w, https:\/\/autoecoledorian.fr\/wp-content\/uploads\/2021\/11\/SuperFan_Map-100x100.png 100w, https:\/\/autoecoledorian.fr\/wp-content\/uploads\/2021\/11\/SuperFan_Map-600x598.png 600w, https:\/\/autoecoledorian.fr\/wp-content\/uploads\/2021\/11\/SuperFan_Map-1024x1021.png 1024w, https:\/\/autoecoledorian.fr\/wp-content\/uploads\/2021\/11\/SuperFan_Map-150x150.png 150w, https:\/\/autoecoledorian.fr\/wp-content\/uploads\/2021\/11\/SuperFan_Map-768x766.png 768w, https:\/\/autoecoledorian.fr\/wp-content\/uploads\/2021\/11\/SuperFan_Map-271x270.png 271w, https:\/\/autoecoledorian.fr\/wp-content\/uploads\/2021\/11\/SuperFan_Map.png 1288w\" sizes=\"auto, (max-width: 300px) 100vw, 300px\" \/><\/figure>\n<\/div>\n\n\n<div class=\"wp-block-group\"><div class=\"wp-block-group__inner-container is-layout-flow wp-block-group-is-layout-flow\">\n<hr class=\"wp-block-separator has-css-opacity is-style-wide\"\/>\n<\/div><\/div>\n\n\n\n<div class=\"wp-block-jetpack-slideshow aligncenter\" data-effect=\"slide\"><div class=\"wp-block-jetpack-slideshow_container swiper\"><ul class=\"wp-block-jetpack-slideshow_swiper-wrapper swiper-wrapper\"><li class=\"wp-block-jetpack-slideshow_slide swiper-slide\"><figure><img loading=\"lazy\" decoding=\"async\" width=\"1024\" height=\"439\" alt=\"\" class=\"wp-block-jetpack-slideshow_image wp-image-1740\" data-id=\"1740\" src=\"http:\/\/autoecoledorian.fr\/wp-content\/uploads\/2023\/09\/ecole-conduite-label-qualite-1024x439.jpg\" srcset=\"https:\/\/autoecoledorian.fr\/wp-content\/uploads\/2023\/09\/ecole-conduite-label-qualite-1024x439.jpg 1024w, https:\/\/autoecoledorian.fr\/wp-content\/uploads\/2023\/09\/ecole-conduite-label-qualite-300x129.jpg 300w, https:\/\/autoecoledorian.fr\/wp-content\/uploads\/2023\/09\/ecole-conduite-label-qualite-768x329.jpg 768w, https:\/\/autoecoledorian.fr\/wp-content\/uploads\/2023\/09\/ecole-conduite-label-qualite-1536x658.jpg 1536w, https:\/\/autoecoledorian.fr\/wp-content\/uploads\/2023\/09\/ecole-conduite-label-qualite-2048x878.jpg 2048w, https:\/\/autoecoledorian.fr\/wp-content\/uploads\/2023\/09\/ecole-conduite-label-qualite-604x259.jpg 604w, https:\/\/autoecoledorian.fr\/wp-content\/uploads\/2023\/09\/ecole-conduite-label-qualite-600x257.jpg 600w\" sizes=\"(max-width: 1024px) 100vw, 1024px\" \/><\/figure><\/li><li class=\"wp-block-jetpack-slideshow_slide swiper-slide\"><figure><img loading=\"lazy\" decoding=\"async\" width=\"1024\" height=\"488\" alt=\"\" class=\"wp-block-jetpack-slideshow_image wp-image-1741\" data-id=\"1741\" src=\"http:\/\/autoecoledorian.fr\/wp-content\/uploads\/2023\/09\/logo-qualiopi_0-1024x488.png\" srcset=\"https:\/\/autoecoledorian.fr\/wp-content\/uploads\/2023\/09\/logo-qualiopi_0-1024x488.png 1024w, https:\/\/autoecoledorian.fr\/wp-content\/uploads\/2023\/09\/logo-qualiopi_0-300x143.png 300w, https:\/\/autoecoledorian.fr\/wp-content\/uploads\/2023\/09\/logo-qualiopi_0-768x366.png 768w, https:\/\/autoecoledorian.fr\/wp-content\/uploads\/2023\/09\/logo-qualiopi_0-1536x731.png 1536w, https:\/\/autoecoledorian.fr\/wp-content\/uploads\/2023\/09\/logo-qualiopi_0-567x270.png 567w, https:\/\/autoecoledorian.fr\/wp-content\/uploads\/2023\/09\/logo-qualiopi_0-600x286.png 600w, https:\/\/autoecoledorian.fr\/wp-content\/uploads\/2023\/09\/logo-qualiopi_0.png 1760w\" sizes=\"(max-width: 1024px) 100vw, 1024px\" \/><\/figure><\/li><li class=\"wp-block-jetpack-slideshow_slide swiper-slide\"><figure><img loading=\"lazy\" decoding=\"async\" width=\"1024\" height=\"603\" alt=\"\" class=\"wp-block-jetpack-slideshow_image wp-image-1742\" data-id=\"1742\" src=\"http:\/\/autoecoledorian.fr\/wp-content\/uploads\/2023\/09\/logo_moncompteformation_rvb-1024x603.png\" srcset=\"https:\/\/autoecoledorian.fr\/wp-content\/uploads\/2023\/09\/logo_moncompteformation_rvb-1024x603.png 1024w, https:\/\/autoecoledorian.fr\/wp-content\/uploads\/2023\/09\/logo_moncompteformation_rvb-300x177.png 300w, https:\/\/autoecoledorian.fr\/wp-content\/uploads\/2023\/09\/logo_moncompteformation_rvb-768x452.png 768w, https:\/\/autoecoledorian.fr\/wp-content\/uploads\/2023\/09\/logo_moncompteformation_rvb-1536x905.png 1536w, https:\/\/autoecoledorian.fr\/wp-content\/uploads\/2023\/09\/logo_moncompteformation_rvb-2048x1206.png 2048w, https:\/\/autoecoledorian.fr\/wp-content\/uploads\/2023\/09\/logo_moncompteformation_rvb-458x270.png 458w, https:\/\/autoecoledorian.fr\/wp-content\/uploads\/2023\/09\/logo_moncompteformation_rvb-600x353.png 600w\" sizes=\"(max-width: 1024px) 100vw, 1024px\" \/><\/figure><\/li><\/ul><a class=\"wp-block-jetpack-slideshow_button-prev swiper-button-prev swiper-button-white\" role=\"button\"><\/a><a class=\"wp-block-jetpack-slideshow_button-next swiper-button-next swiper-button-white\" role=\"button\"><\/a><a aria-label=\"Pause Slideshow\" class=\"wp-block-jetpack-slideshow_button-pause\" role=\"button\"><\/a><div class=\"wp-block-jetpack-slideshow_pagination swiper-pagination swiper-pagination-white\"><\/div><\/div><\/div>\n","protected":false},"excerpt":{"rendered":"<p>Depuis 2014, l\u2019Auto-Moto-\u00e9cole Dorian vous accompagne vers la r\u00e9ussite avec passion et p\u00e9dagogie. Retrouve ICI le calendrier des formations Permis AM (BSR), Passerelle A2 vers A, B96 Remorque etc Retrouve ICI nos horaires d&rsquo;ouverture du bureau et des s\u00e9ances de code en salle. Clique ICI pour t\u00e9l\u00e9charger les questions de v\u00e9rifications pour l&rsquo;examen du Permis B Le lendemain de votre examen, vous avez la possibilit\u00e9 de consulter votre r\u00e9sultat : CLIQUEZ ICI Notre partenaire \u00ab\u00a0Points de Vue\u00a0\u00bb organise des stages&#8230;<\/p>\n<p class=\"read-more\"><a class=\"btn btn-default\" href=\"https:\/\/autoecoledorian.fr\/\">Lire la suite<span class=\"screen-reader-text\"> Lire la suite<\/span><\/a><\/p>\n","protected":false},"author":1,"featured_media":0,"parent":0,"menu_order":0,"comment_status":"closed","ping_status":"open","template":"","meta":{"_acf_changed":false,"footnotes":""},"class_list":["post-2","page","type-page","status-publish","hentry"],"acf":[],"jetpack_sharing_enabled":true,"_links":{"self":[{"href":"https:\/\/autoecoledorian.fr\/index.php\/wp-json\/wp\/v2\/pages\/2","targetHints":{"allow":["GET"]}}],"collection":[{"href":"https:\/\/autoecoledorian.fr\/index.php\/wp-json\/wp\/v2\/pages"}],"about":[{"href":"https:\/\/autoecoledorian.fr\/index.php\/wp-json\/wp\/v2\/types\/page"}],"author":[{"embeddable":true,"href":"https:\/\/autoecoledorian.fr\/index.php\/wp-json\/wp\/v2\/users\/1"}],"replies":[{"embeddable":true,"href":"https:\/\/autoecoledorian.fr\/index.php\/wp-json\/wp\/v2\/comments?post=2"}],"version-history":[{"count":426,"href":"https:\/\/autoecoledorian.fr\/index.php\/wp-json\/wp\/v2\/pages\/2\/revisions"}],"predecessor-version":[{"id":3015,"href":"https:\/\/autoecoledorian.fr\/index.php\/wp-json\/wp\/v2\/pages\/2\/revisions\/3015"}],"wp:attachment":[{"href":"https:\/\/autoecoledorian.fr\/index.php\/wp-json\/wp\/v2\/media?parent=2"}],"curies":[{"name":"wp","href":"https:\/\/api.w.org\/{rel}","templated":true}]}}