{"id":2135,"date":"2024-07-08T17:33:20","date_gmt":"2024-07-08T15:33:20","guid":{"rendered":"https:\/\/autoecoledorian.fr\/?page_id=2135"},"modified":"2024-07-13T17:04:33","modified_gmt":"2024-07-13T15:04:33","slug":"prevention-des-abandons","status":"publish","type":"page","link":"https:\/\/autoecoledorian.fr\/index.php\/prevention-des-abandons\/","title":{"rendered":"Pr\u00e9vention des abandons"},"content":{"rendered":"\n<p>La lutte contre l\u2019abandon est une priorit\u00e9 pour notre \u00e9tablissement.<\/p>\n\n\n\n<p>L\u2019auto- \u00e9cole Dorian a \u00e9tabli un plan de pr\u00e9vention en 3 points pour les \u00e9l\u00e8ves d\u00e8s 3 mois d\u2019absence :<br>\u2013 Identifier les causes d\u2019abandon de formation<br>\u2013 La pr\u00e9vention des abandons<br>\u2013 La tra\u00e7abilit\u00e9 des abandons<\/p>\n\n\n\n<p>Engagement des \u00e9l\u00e8ves et pr\u00e9vention des abandons&nbsp;:<\/p>\n\n\n\n<ul class=\"wp-block-list\">\n<li>D\u00e8s leur inscription, les \u00e9l\u00e8ves sont sensibilis\u00e9s sur le suivi apport\u00e9 par l\u2019\u00e9quipe AED tout au long de leur formation.<\/li>\n\n\n\n<li>Concernant la partie th\u00e9orique, notre logiciel, nous permet de voir l\u2019\u00e9volution des entrainements au code par internet des \u00e9l\u00e8ves\u00a0; et \u00e0 chaque passage en salle, les \u00e9l\u00e8ves sont interrog\u00e9s en fin de s\u00e9ance sur leur nombre de fautes et nous leur proposons notre aide si besoin.<\/li>\n\n\n\n<li>Concernant le suivi pratique, les heures de conduites sont cal\u00e9es sur plusieurs semaines d\u2019affil\u00e9es, ce qui permet aux moniteurs de suivre la progression des \u00e9l\u00e8ves correctement. En cas de retard, les \u00e9l\u00e8ves sont contact\u00e9s par t\u00e9l\u00e9phone. Le planning des heures est consultable par l\u2019\u00e9l\u00e8ve via une application. Ils sont \u00e9galement sensibilis\u00e9s sur le fait de consulter r\u00e9guli\u00e8rement leur planning et notamment la veille des heures de conduite programm\u00e9es, afin de s\u2019assurer que l\u2019heure de conduite est maintenue.<\/li>\n<\/ul>\n\n\n\n<p>Tra\u00e7abilit\u00e9 des abandons&nbsp;:<\/p>\n\n\n\n<ul class=\"wp-block-list\">\n<li>Si nous n\u2019avons pas de nouvel d\u2019un \u00e9l\u00e8ve inscrit depuis quelques mois, qu\u2019il n\u2019a plus acc\u00e8s a \u00a0ICI code et qu\u2019il ne vient pas en salle, un mail est envoy\u00e9 pour savoir o\u00f9 ils en sont dans leur d\u00e9marches et leur proposer diverses solutions. Si nous n\u2019obtenons pas de r\u00e9ponse, un second mail est adress\u00e9 pour connaitre leur intention\u00a0: abandon\u00a0? si oui, pour quelle raison.<\/li>\n\n\n\n<li>Le suivi de ces \u00e9l\u00e8ves est r\u00e9pertori\u00e9 dans un tableau.<\/li>\n<\/ul>\n","protected":false},"excerpt":{"rendered":"<p>La lutte contre l\u2019abandon est une priorit\u00e9 pour notre \u00e9tablissement. L\u2019auto- \u00e9cole Dorian a \u00e9tabli un plan de pr\u00e9vention en 3 points pour les \u00e9l\u00e8ves d\u00e8s 3 mois d\u2019absence :\u2013 Identifier les causes d\u2019abandon de formation\u2013 La pr\u00e9vention des abandons\u2013 La tra\u00e7abilit\u00e9 des abandons Engagement des \u00e9l\u00e8ves et pr\u00e9vention des abandons&nbsp;: Tra\u00e7abilit\u00e9 des abandons&nbsp;:<\/p>\n","protected":false},"author":1,"featured_media":0,"parent":0,"menu_order":0,"comment_status":"closed","ping_status":"closed","template":"","meta":{"_acf_changed":false,"footnotes":""},"class_list":["post-2135","page","type-page","status-publish","hentry"],"acf":[],"jetpack_sharing_enabled":true,"_links":{"self":[{"href":"https:\/\/autoecoledorian.fr\/index.php\/wp-json\/wp\/v2\/pages\/2135","targetHints":{"allow":["GET"]}}],"collection":[{"href":"https:\/\/autoecoledorian.fr\/index.php\/wp-json\/wp\/v2\/pages"}],"about":[{"href":"https:\/\/autoecoledorian.fr\/index.php\/wp-json\/wp\/v2\/types\/page"}],"author":[{"embeddable":true,"href":"https:\/\/autoecoledorian.fr\/index.php\/wp-json\/wp\/v2\/users\/1"}],"replies":[{"embeddable":true,"href":"https:\/\/autoecoledorian.fr\/index.php\/wp-json\/wp\/v2\/comments?post=2135"}],"version-history":[{"count":2,"href":"https:\/\/autoecoledorian.fr\/index.php\/wp-json\/wp\/v2\/pages\/2135\/revisions"}],"predecessor-version":[{"id":2261,"href":"https:\/\/autoecoledorian.fr\/index.php\/wp-json\/wp\/v2\/pages\/2135\/revisions\/2261"}],"wp:attachment":[{"href":"https:\/\/autoecoledorian.fr\/index.php\/wp-json\/wp\/v2\/media?parent=2135"}],"curies":[{"name":"wp","href":"https:\/\/api.w.org\/{rel}","templated":true}]}}