{"id":2762,"date":"2025-08-27T13:38:58","date_gmt":"2025-08-27T11:38:58","guid":{"rendered":"https:\/\/autoecoledorian.fr\/?page_id=2762"},"modified":"2025-08-27T13:38:59","modified_gmt":"2025-08-27T11:38:59","slug":"les-differents-modes-de-financement-du-permis-de-conduire","status":"publish","type":"page","link":"https:\/\/autoecoledorian.fr\/index.php\/les-differents-modes-de-financement-du-permis-de-conduire\/","title":{"rendered":"Les diff\u00e9rents modes de financement du permis de conduire"},"content":{"rendered":"\n<p>Vous trouvez ici les diff\u00e9rents modes de financement pour la formation pr\u00e9paratoire aux examens du permis de conduire&nbsp;:<\/p>\n\n\n\n<p><strong>Par fond propre&nbsp;:<\/strong><\/p>\n\n\n\n<p>Vous pouvez financer votre permis par vos propres moyens. Paiement en 3x sans frais.<\/p>\n\n\n\n<p><strong>Le pr\u00eat \u00e0 taux z\u00e9ro de l\u2019\u00e9tat&nbsp;: permis \u00e0 1\u20ac par jours&nbsp;:<\/strong><\/p>\n\n\n\n<p>Pour qui&nbsp;: les 15-25 ans<\/p>\n\n\n\n<p>Pour quel permis:<\/p>\n\n\n\n<ul class=\"wp-block-list\">\n<li>Une premi\u00e8re formation au permis de conduire des cat\u00e9gories A1, A2, ou B (traditionnelle, conduite accompagn\u00e9e ou conduite supervis\u00e9e<\/li>\n\n\n\n<li>Pour une formation compl\u00e9mentaire en cas d\u2019\u00e9chec \u00e0 l\u2019\u00e9preuve pratique de conduite<\/li>\n<\/ul>\n\n\n\n<p>Comment&nbsp;: Sous la forme d\u2019un pr\u00eat \u00e0 taux z\u00e9ro (les int\u00e9r\u00eats sont pris en charge par l\u2019\u00c9tat).<\/p>\n\n\n\n<p>Combien&nbsp;: Le montant du pr\u00eat est \u00e9gal \u00e0 600 \u20ac, 800 \u20ac, 1 000 \u20ac ou 1 200 \u20ac et ne peut exc\u00e9der le montant inscrit dans le contrat de formation.<\/p>\n\n\n\n<p>Le remboursement&nbsp;: Le remboursement du pr\u00eat se fait \u00e0 hauteur de 30 \u20ac par mois.<\/p>\n\n\n\n<p>Comment proc\u00e9der&nbsp;:&nbsp;Votre \u00e9cole de conduite doit \u00eatre labelliser et vous devez avoir un \u00e9tablissement bancaire partenaire de l\u2019op\u00e9ration. Une fois le contrat de formation sign\u00e9 avec votre \u00e9cole de conduite, il faut ensuite se rendre dans votre \u00e9tablissement bancaire partenaire pour l\u2019examen du dossier en vue de son acceptation. L\u2019\u00e9tablissement bancaire peut exiger une personne caution ou un co-emprunteur (si le jeune est mineur ce sont les parents qui doivent emprunter). Une fois accord\u00e9, le montant du pr\u00eat est vers\u00e9 \u00e0 l\u2019\u00e9cole de conduite.<\/p>\n\n\n\n<p><strong>Le CPF&nbsp;: Compte personnel de formation&nbsp;:<\/strong><\/p>\n\n\n\n<p>Vous avez la possibilit\u00e9 de faire financer la pr\u00e9paration au permis de conduire B (code et le\u00e7ons de conduite) avec vos heures CPF<\/p>\n\n\n\n<p>Pour qui&nbsp;: Toute personne salari\u00e9e ou demandeuse d\u2019emploi disposant du droit \u00e0 la formation professionnelle<\/p>\n\n\n\n<p>Condition&nbsp;:<\/p>\n\n\n\n<ul class=\"wp-block-list\">\n<li>L\u2019obtention du permis de conduire doit s\u2019inscrire\u00a0dans la r\u00e9alisation de votre projet professionnel ou favoriser la s\u00e9curisation de votre parcours professionnel<\/li>\n\n\n\n<li>L\u2019\u00e9cole de conduite doit \u00eatre r\u00e9f\u00e9renc\u00e9e au datadock<\/li>\n<\/ul>\n\n\n\n<p><strong>Aide au permis de conduire par la r\u00e9gion CENTRE VAL DE LOIRE\u00a0:<\/strong><\/p>\n\n\n\n<p>Financement d\u2019une partie du permis B (500 \u20ac) pour les jeunes apprentis .<\/p>\n\n\n\n<p>Plus d\u2019info\u00a0<a href=\"https:\/\/formation.centre-valdeloire.fr\/faciliter-ma-formation\/aides-la-mobilite\/les-aides-pour-le-permis-de-conduire\">ici<\/a><\/p>\n\n\n\n<p><strong>Aide locales dans le Loiret\u00a0:<\/strong><\/p>\n\n\n\n<p>Certaines mairies ou associations&nbsp;peuvent proposer des aides ou dispositifs pour le permis.<br>Se renseigner aupr\u00e8s des structures&nbsp;dont d\u00e9pend son lieu de r\u00e9sidence.<\/p>\n\n\n\n<p><strong>Aide en lien avec la formation ou l\u2019emploi :<\/strong><\/p>\n\n\n\n<ul class=\"wp-block-list\">\n<li>Missions locales :<\/li>\n<\/ul>\n\n\n\n<p>Les Missions locales peuvent aider les jeunes en d\u00e9marche d\u2019insertion professionnelle \u00e0 financer une partie de la pr\u00e9paration du code et\/ou un certain nombre d\u2019heures d\u2019apprentissage de la conduite.<\/p>\n\n\n\n<ul class=\"wp-block-list\">\n<li>P\u00f4le emploi :<\/li>\n<\/ul>\n\n\n\n<p>Les demandeurs d\u2019emploi pour lesquels le fait de ne pas avoir le permis voiture constitue un frein \u00e0 la reprise d\u2019emploi, peuvent b\u00e9n\u00e9ficier, sous certaines conditions, d\u2019une prise en charge totale ou partielle des frais d\u2019apprentissage du permis par P\u00f4le emploi<\/p>\n","protected":false},"excerpt":{"rendered":"<p>Vous trouvez ici les diff\u00e9rents modes de financement pour la formation pr\u00e9paratoire aux examens du permis de conduire&nbsp;: Par fond propre&nbsp;: Vous pouvez financer votre permis par vos propres moyens. Paiement en 3x sans frais. Le pr\u00eat \u00e0 taux z\u00e9ro de l\u2019\u00e9tat&nbsp;: permis \u00e0 1\u20ac par jours&nbsp;: Pour qui&nbsp;: les 15-25 ans Pour quel permis: Comment&nbsp;: Sous la forme d\u2019un pr\u00eat \u00e0 taux z\u00e9ro (les int\u00e9r\u00eats sont pris en charge par l\u2019\u00c9tat). Combien&nbsp;: Le montant du pr\u00eat est \u00e9gal \u00e0&#8230;<\/p>\n<p class=\"read-more\"><a class=\"btn btn-default\" href=\"https:\/\/autoecoledorian.fr\/index.php\/les-differents-modes-de-financement-du-permis-de-conduire\/\">Lire la suite<span class=\"screen-reader-text\"> Lire la suite<\/span><\/a><\/p>\n","protected":false},"author":1,"featured_media":0,"parent":0,"menu_order":0,"comment_status":"closed","ping_status":"closed","template":"","meta":{"_acf_changed":false,"footnotes":""},"class_list":["post-2762","page","type-page","status-publish","hentry"],"acf":[],"jetpack_sharing_enabled":true,"_links":{"self":[{"href":"https:\/\/autoecoledorian.fr\/index.php\/wp-json\/wp\/v2\/pages\/2762","targetHints":{"allow":["GET"]}}],"collection":[{"href":"https:\/\/autoecoledorian.fr\/index.php\/wp-json\/wp\/v2\/pages"}],"about":[{"href":"https:\/\/autoecoledorian.fr\/index.php\/wp-json\/wp\/v2\/types\/page"}],"author":[{"embeddable":true,"href":"https:\/\/autoecoledorian.fr\/index.php\/wp-json\/wp\/v2\/users\/1"}],"replies":[{"embeddable":true,"href":"https:\/\/autoecoledorian.fr\/index.php\/wp-json\/wp\/v2\/comments?post=2762"}],"version-history":[{"count":1,"href":"https:\/\/autoecoledorian.fr\/index.php\/wp-json\/wp\/v2\/pages\/2762\/revisions"}],"predecessor-version":[{"id":2763,"href":"https:\/\/autoecoledorian.fr\/index.php\/wp-json\/wp\/v2\/pages\/2762\/revisions\/2763"}],"wp:attachment":[{"href":"https:\/\/autoecoledorian.fr\/index.php\/wp-json\/wp\/v2\/media?parent=2762"}],"curies":[{"name":"wp","href":"https:\/\/api.w.org\/{rel}","templated":true}]}}