{"id":373,"date":"2018-08-14T18:47:05","date_gmt":"2018-08-14T16:47:05","guid":{"rendered":"http:\/\/autoecoledorian.fr\/?page_id=373"},"modified":"2025-08-27T13:22:49","modified_gmt":"2025-08-27T11:22:49","slug":"piste-moto","status":"publish","type":"page","link":"https:\/\/autoecoledorian.fr\/index.php\/piste-moto\/","title":{"rendered":"Piste Moto et Remorque"},"content":{"rendered":"<strong>Pour information nous disposons d&rsquo;une piste de formation \u00e0 usage individuel pour nos entrainements moto, scooter et remorque. <\/strong>\n\n<strong>Elle est sur la commune de Villemandeur sur la CR28 et se situe \u00e0 4 km du bureau soit environ 6 minutes de trajet \u00e0 partir de l&rsquo;auto-\u00e9cole.<\/strong>\n\n\n\n<strong><u>Capacit\u00e9 d\u2019accueil<\/u>\u00a0:<\/strong>\n\n \n\n3 \u00e9l\u00e8ves + 1 formateur. Pas d&rsquo;abris, ni de toilettes.\n\n \n\n<strong><u>Disponibilit\u00e9 de la piste<\/u>\u00a0:<\/strong>\n\n \n\nPermanente.\n\n\n\n<img loading=\"lazy\" decoding=\"async\" class=\"aligncenter size-large wp-image-376\" src=\"http:\/\/autoecoledorian.fr\/wp-content\/uploads\/2018\/08\/moto-768x1024.jpg\" alt=\"\" width=\"768\" height=\"1024\" srcset=\"https:\/\/autoecoledorian.fr\/wp-content\/uploads\/2018\/08\/moto-768x1024.jpg 768w, https:\/\/autoecoledorian.fr\/wp-content\/uploads\/2018\/08\/moto-600x800.jpg 600w, https:\/\/autoecoledorian.fr\/wp-content\/uploads\/2018\/08\/moto-225x300.jpg 225w, https:\/\/autoecoledorian.fr\/wp-content\/uploads\/2018\/08\/moto.jpg 1530w\" sizes=\"auto, (max-width: 768px) 100vw, 768px\" \/> <img loading=\"lazy\" decoding=\"async\" class=\"aligncenter size-large wp-image-377\" src=\"http:\/\/autoecoledorian.fr\/wp-content\/uploads\/2018\/08\/moto2-1024x576.jpg\" alt=\"\" width=\"800\" height=\"450\" srcset=\"https:\/\/autoecoledorian.fr\/wp-content\/uploads\/2018\/08\/moto2-1024x576.jpg 1024w, https:\/\/autoecoledorian.fr\/wp-content\/uploads\/2018\/08\/moto2-600x338.jpg 600w, https:\/\/autoecoledorian.fr\/wp-content\/uploads\/2018\/08\/moto2-300x169.jpg 300w, https:\/\/autoecoledorian.fr\/wp-content\/uploads\/2018\/08\/moto2-768x432.jpg 768w, https:\/\/autoecoledorian.fr\/wp-content\/uploads\/2018\/08\/moto2.jpg 1920w\" sizes=\"auto, (max-width: 800px) 100vw, 800px\" \/> <img loading=\"lazy\" decoding=\"async\" class=\"aligncenter size-large wp-image-375\" src=\"http:\/\/autoecoledorian.fr\/wp-content\/uploads\/2018\/08\/moto-3-572x1024.jpg\" alt=\"\" width=\"572\" height=\"1024\" srcset=\"https:\/\/autoecoledorian.fr\/wp-content\/uploads\/2018\/08\/moto-3-572x1024.jpg 572w, https:\/\/autoecoledorian.fr\/wp-content\/uploads\/2018\/08\/moto-3-600x1075.jpg 600w, https:\/\/autoecoledorian.fr\/wp-content\/uploads\/2018\/08\/moto-3-168x300.jpg 168w, https:\/\/autoecoledorian.fr\/wp-content\/uploads\/2018\/08\/moto-3-768x1376.jpg 768w, https:\/\/autoecoledorian.fr\/wp-content\/uploads\/2018\/08\/moto-3.jpg 1072w\" sizes=\"auto, (max-width: 572px) 100vw, 572px\" \/>\n\nExercice lors de la passerelle A2 vers A\n\n<div style=\"width: 640px;\" class=\"wp-video\"><video class=\"wp-video-shortcode\" id=\"video-373-1\" width=\"640\" height=\"360\" preload=\"metadata\" controls=\"controls\"><source type=\"video\/mp4\" src=\"http:\/\/autoecoledorian.fr\/wp-content\/uploads\/2019\/03\/video-1550848021.mp4?_=1\" \/><a href=\"http:\/\/autoecoledorian.fr\/wp-content\/uploads\/2019\/03\/video-1550848021.mp4\">http:\/\/autoecoledorian.fr\/wp-content\/uploads\/2019\/03\/video-1550848021.mp4<\/a><\/video><\/div>\n\n<img loading=\"lazy\" decoding=\"async\" class=\"aligncenter wp-image-746 size-large\" src=\"http:\/\/autoecoledorian.fr\/wp-content\/uploads\/2020\/01\/piste-moto-vu-du-ciel-1024x455.png\" alt=\"\" width=\"640\" height=\"284\" srcset=\"https:\/\/autoecoledorian.fr\/wp-content\/uploads\/2020\/01\/piste-moto-vu-du-ciel-1024x455.png 1024w, https:\/\/autoecoledorian.fr\/wp-content\/uploads\/2020\/01\/piste-moto-vu-du-ciel-600x267.png 600w, https:\/\/autoecoledorian.fr\/wp-content\/uploads\/2020\/01\/piste-moto-vu-du-ciel-300x133.png 300w, https:\/\/autoecoledorian.fr\/wp-content\/uploads\/2020\/01\/piste-moto-vu-du-ciel-768x341.png 768w, https:\/\/autoecoledorian.fr\/wp-content\/uploads\/2020\/01\/piste-moto-vu-du-ciel-1536x683.png 1536w, https:\/\/autoecoledorian.fr\/wp-content\/uploads\/2020\/01\/piste-moto-vu-du-ciel.png 1768w\" sizes=\"auto, (max-width: 640px) 100vw, 640px\" \/>","protected":false},"excerpt":{"rendered":"<p>Pour information nous disposons d&rsquo;une piste de formation \u00e0 usage individuel pour nos entrainements moto, scooter et remorque. Elle est sur la commune de Villemandeur sur la CR28 et se situe \u00e0 4 km du bureau soit environ 6 minutes de trajet \u00e0 partir de l&rsquo;auto-\u00e9cole. Capacit\u00e9 d\u2019accueil\u00a0: 3 \u00e9l\u00e8ves + 1 formateur. Pas d&rsquo;abris, ni de toilettes. Disponibilit\u00e9 de la piste\u00a0: Permanente. Exercice lors de la passerelle A2 vers A<\/p>\n","protected":false},"author":1,"featured_media":0,"parent":0,"menu_order":0,"comment_status":"closed","ping_status":"closed","template":"","meta":{"_acf_changed":false,"footnotes":""},"class_list":["post-373","page","type-page","status-publish","hentry"],"acf":[],"jetpack_sharing_enabled":true,"_links":{"self":[{"href":"https:\/\/autoecoledorian.fr\/index.php\/wp-json\/wp\/v2\/pages\/373","targetHints":{"allow":["GET"]}}],"collection":[{"href":"https:\/\/autoecoledorian.fr\/index.php\/wp-json\/wp\/v2\/pages"}],"about":[{"href":"https:\/\/autoecoledorian.fr\/index.php\/wp-json\/wp\/v2\/types\/page"}],"author":[{"embeddable":true,"href":"https:\/\/autoecoledorian.fr\/index.php\/wp-json\/wp\/v2\/users\/1"}],"replies":[{"embeddable":true,"href":"https:\/\/autoecoledorian.fr\/index.php\/wp-json\/wp\/v2\/comments?post=373"}],"version-history":[{"count":6,"href":"https:\/\/autoecoledorian.fr\/index.php\/wp-json\/wp\/v2\/pages\/373\/revisions"}],"predecessor-version":[{"id":2761,"href":"https:\/\/autoecoledorian.fr\/index.php\/wp-json\/wp\/v2\/pages\/373\/revisions\/2761"}],"wp:attachment":[{"href":"https:\/\/autoecoledorian.fr\/index.php\/wp-json\/wp\/v2\/media?parent=373"}],"curies":[{"name":"wp","href":"https:\/\/api.w.org\/{rel}","templated":true}]}}