{"id":379,"date":"2018-08-14T18:50:59","date_gmt":"2018-08-14T16:50:59","guid":{"rendered":"http:\/\/autoecoledorian.fr\/?page_id=379"},"modified":"2025-10-23T11:55:00","modified_gmt":"2025-10-23T09:55:00","slug":"rendez-vous-post-permis","status":"publish","type":"page","link":"https:\/\/autoecoledorian.fr\/index.php\/rendez-vous-post-permis\/","title":{"rendered":"Formation Post-Permis"},"content":{"rendered":"\n<p><strong><mark style=\"background-color:rgba(0, 0, 0, 0)\" class=\"has-inline-color has-vivid-red-color\">Prochaine formation : Samedi 29 Novembre 2025<\/mark><\/strong><\/p>\n\n\n\n<p>Pour r\u00e9server : 02.38.98.71.72 ou autoecoledorian@gmail.com<\/p>\n\n\n\n<figure class=\"wp-block-image size-large\"><img loading=\"lazy\" decoding=\"async\" width=\"819\" height=\"1024\" src=\"https:\/\/autoecoledorian.fr\/wp-content\/uploads\/2025\/10\/Publication-Instagram-Permis-De-Conduire-Pop-Moderne-Violet-819x1024.png\" alt=\"\" class=\"wp-image-2867\" srcset=\"https:\/\/autoecoledorian.fr\/wp-content\/uploads\/2025\/10\/Publication-Instagram-Permis-De-Conduire-Pop-Moderne-Violet-819x1024.png 819w, https:\/\/autoecoledorian.fr\/wp-content\/uploads\/2025\/10\/Publication-Instagram-Permis-De-Conduire-Pop-Moderne-Violet-240x300.png 240w, https:\/\/autoecoledorian.fr\/wp-content\/uploads\/2025\/10\/Publication-Instagram-Permis-De-Conduire-Pop-Moderne-Violet-768x960.png 768w, https:\/\/autoecoledorian.fr\/wp-content\/uploads\/2025\/10\/Publication-Instagram-Permis-De-Conduire-Pop-Moderne-Violet-216x270.png 216w, https:\/\/autoecoledorian.fr\/wp-content\/uploads\/2025\/10\/Publication-Instagram-Permis-De-Conduire-Pop-Moderne-Violet.png 1080w\" sizes=\"auto, (max-width: 819px) 100vw, 819px\" \/><\/figure>\n\n\n\n<h1 class=\"wp-block-heading\">Tout savoir<br>sur la formation 7 heures post permis !<\/h1>\n\n\n\n<p>La formation 7 heures post permis a pour objectif d\u2019engager une prise de conscience des risques routier au moment o\u00f9 le jeune conducteur a acquis davantage d\u2019assurance au volant. \u00c0 l\u2019issue de celle-ci, les participants r\u00e9duiront leur p\u00e9riode probatoire. En d\u2019autres termes, ils obtiendront les 12 points de leur permis de conduire plus rapidement (jusqu\u2019\u00e0 1 an). Il est possible de la suivre volontairement entre 6 mois \u00e0 1 an apr\u00e8s l\u2019obtention du permis auto B, B1, A1 ou A2.<\/p>\n\n\n\n<h2 class=\"wp-block-heading\">Dur\u00e9e de la formation post permis conducteur novice<\/h2>\n\n\n\n<p>7 heures minimum de formation sur la m\u00eame journ\u00e9e.<\/p>\n\n\n\n<h2 class=\"wp-block-heading\">\u00c0 quoi sert la formation post permis conducteur novice ?<\/h2>\n\n\n\n<p>Pr\u00e8s d\u2019un quart des accidents impliquent un conducteur novice, ayant moins de 2 ans de permis. La formation post permis intervient au moment o\u00f9 les jeunes conducteurs acquis davantage d\u2019assurance au volant afin d\u2019\u00e9viter un sentiment sur confiance et un manque de s\u00e9curit\u00e9 et de vigilance.<\/p>\n\n\n\n<p>En suivant la formation, la p\u00e9riode probatoire est r\u00e9duite \u00e0 2 ans au lieu de 3 ans pour les formations traditionnelles et a 1 an et demi au lieu de 2 ans pour ceux qui ont b\u00e9n\u00e9fici\u00e9 de la conduite accompagn\u00e9e.<\/p>\n\n\n<div class=\"wp-block-image\">\n<figure class=\"aligncenter size-full\"><img loading=\"lazy\" decoding=\"async\" width=\"565\" height=\"790\" src=\"https:\/\/autoecoledorian.fr\/wp-content\/uploads\/2025\/10\/post-permis_cas_1.png\" alt=\"\" class=\"wp-image-2862\" srcset=\"https:\/\/autoecoledorian.fr\/wp-content\/uploads\/2025\/10\/post-permis_cas_1.png 565w, https:\/\/autoecoledorian.fr\/wp-content\/uploads\/2025\/10\/post-permis_cas_1-215x300.png 215w, https:\/\/autoecoledorian.fr\/wp-content\/uploads\/2025\/10\/post-permis_cas_1-193x270.png 193w\" sizes=\"auto, (max-width: 565px) 100vw, 565px\" \/><\/figure>\n<\/div>\n\n<div class=\"wp-block-image\">\n<figure class=\"aligncenter size-full\"><img loading=\"lazy\" decoding=\"async\" width=\"559\" height=\"792\" src=\"https:\/\/autoecoledorian.fr\/wp-content\/uploads\/2025\/10\/post-permis_cas_2.png\" alt=\"\" class=\"wp-image-2863\" srcset=\"https:\/\/autoecoledorian.fr\/wp-content\/uploads\/2025\/10\/post-permis_cas_2.png 559w, https:\/\/autoecoledorian.fr\/wp-content\/uploads\/2025\/10\/post-permis_cas_2-212x300.png 212w, https:\/\/autoecoledorian.fr\/wp-content\/uploads\/2025\/10\/post-permis_cas_2-191x270.png 191w\" sizes=\"auto, (max-width: 559px) 100vw, 559px\" \/><\/figure>\n<\/div>\n\n\n<h2 class=\"wp-block-heading\">Quels sont les pr\u00e9requis pour s&rsquo;inscrire \u00e0 la formation post permis conducteur novice ?<\/h2>\n\n\n\n<p>Vous pouvez participer \u00e0 la formation post permis conducteur novice si :<\/p>\n\n\n\n<ul class=\"wp-block-list\">\n<li>Vous \u00eates titulaire d\u2019un premier permis de conduire B, B1, A1 ou A2 depuis au moins 6 mois et au plus 12 mois.<\/li>\n\n\n\n<li>Vous n\u2019avez pas compris d\u2019infractions ayant donn\u00e9 lieu \u00e0 un retrait de points, mesure de restriction ou de suspension de droit \u00e0 conduire pendant la p\u00e9riode probatoire<\/li>\n<\/ul>\n\n\n\n<p><\/p>\n","protected":false},"excerpt":{"rendered":"<p>Prochaine formation : Samedi 29 Novembre 2025 Pour r\u00e9server : 02.38.98.71.72 ou autoecoledorian@gmail.com Tout savoirsur la formation 7 heures post permis ! La formation 7 heures post permis a pour objectif d\u2019engager une prise de conscience des risques routier au moment o\u00f9 le jeune conducteur a acquis davantage d\u2019assurance au volant. \u00c0 l\u2019issue de celle-ci, les participants r\u00e9duiront leur p\u00e9riode probatoire. En d\u2019autres termes, ils obtiendront les 12 points de leur permis de conduire plus rapidement (jusqu\u2019\u00e0 1 an). Il&#8230;<\/p>\n<p class=\"read-more\"><a class=\"btn btn-default\" href=\"https:\/\/autoecoledorian.fr\/index.php\/rendez-vous-post-permis\/\">Lire la suite<span class=\"screen-reader-text\"> Lire la suite<\/span><\/a><\/p>\n","protected":false},"author":1,"featured_media":0,"parent":0,"menu_order":0,"comment_status":"closed","ping_status":"closed","template":"","meta":{"_acf_changed":false,"footnotes":""},"class_list":["post-379","page","type-page","status-publish","hentry"],"acf":[],"jetpack_sharing_enabled":true,"_links":{"self":[{"href":"https:\/\/autoecoledorian.fr\/index.php\/wp-json\/wp\/v2\/pages\/379","targetHints":{"allow":["GET"]}}],"collection":[{"href":"https:\/\/autoecoledorian.fr\/index.php\/wp-json\/wp\/v2\/pages"}],"about":[{"href":"https:\/\/autoecoledorian.fr\/index.php\/wp-json\/wp\/v2\/types\/page"}],"author":[{"embeddable":true,"href":"https:\/\/autoecoledorian.fr\/index.php\/wp-json\/wp\/v2\/users\/1"}],"replies":[{"embeddable":true,"href":"https:\/\/autoecoledorian.fr\/index.php\/wp-json\/wp\/v2\/comments?post=379"}],"version-history":[{"count":11,"href":"https:\/\/autoecoledorian.fr\/index.php\/wp-json\/wp\/v2\/pages\/379\/revisions"}],"predecessor-version":[{"id":2868,"href":"https:\/\/autoecoledorian.fr\/index.php\/wp-json\/wp\/v2\/pages\/379\/revisions\/2868"}],"wp:attachment":[{"href":"https:\/\/autoecoledorian.fr\/index.php\/wp-json\/wp\/v2\/media?parent=379"}],"curies":[{"name":"wp","href":"https:\/\/api.w.org\/{rel}","templated":true}]}}