{"id":430,"date":"2018-08-15T10:04:45","date_gmt":"2018-08-15T08:04:45","guid":{"rendered":"http:\/\/autoecoledorian.fr\/?page_id=430"},"modified":"2024-07-12T08:57:06","modified_gmt":"2024-07-12T06:57:06","slug":"conduite-supervisee","status":"publish","type":"page","link":"https:\/\/autoecoledorian.fr\/index.php\/conduite-supervisee\/","title":{"rendered":"Conduite Supervis\u00e9e"},"content":{"rendered":"<h2>Pourquoi choisir\u00a0la conduite supervis\u00e9e ?<\/h2>\n<p>La conduite supervis\u00e9e est une sorte de petite\u00a0conduite accompagn\u00e9e, plus simple \u00e0 mettre en oeuvre et qui permet de prendre confiance dans la conduite d\u2019un v\u00e9hicule de cat\u00e9gorie B.<\/p>\n<p>Vous pouvez choisir d\u2019opter pour celle-ci :<\/p>\n<ul>\n<li>soit au moment de l\u2019inscription<\/li>\n<li>soit \u00e0 la suite d\u2019un \u00e9chec au permis<\/li>\n<\/ul>\n<p>Le programme de formation est identique au permis B avec en plus un RDV pr\u00e9alable d\u2019une dur\u00e9e de 2h.<\/p>\n<h2>S\u2019inscrire \u00e0 la conduite supervis\u00e9e<\/h2>\n<p>Il faut avoir :<\/p>\n<ul>\n<li>18 ans ou plus<\/li>\n<li>l\u2019accord de l\u2019assureur du v\u00e9hicule<\/li>\n<\/ul>\n<h2>Acc\u00e9der \u00e0 la conduite supervis\u00e9e<\/h2>\n<p>Il faut pour cela :<\/p>\n<ul>\n<li>avoir r\u00e9ussi l\u2019examen du code de la route\u00a0;<\/li>\n<li>avoir fait 20 heures minimum de conduite (formation pratique) avec un enseignant de l\u2019\u00e9cole de conduite ;<\/li>\n<li>avoir b\u00e9n\u00e9fici\u00e9 d\u2019une \u00e9valuation favorable de la part de son enseignant de la conduite et de la s\u00e9curit\u00e9 routi\u00e8re.<\/li>\n<\/ul>\n<p>N\u2019h\u00e9sitez pas \u00e0 vous renseigner aupr\u00e8s de nous et \u00e0 consulter les informations du\u00a0<a href=\"http:\/\/www.securite-routiere.gouv.fr\/permis-de-conduire\/passer-son-permis\/la-conduite-accompagnee\/la-conduite-supervisee\" target=\"_blank\" rel=\"noopener noreferrer\">site de la s\u00e9curit\u00e9 routi\u00e8re du gouvernement<\/a>.<\/p>\n<\/p>\n\n\n<div data-wp-interactive=\"core\/file\" class=\"wp-block-file\"><object data-wp-bind--hidden=\"!state.hasPdfPreview\" hidden class=\"wp-block-file__embed\" data=\"https:\/\/autoecoledorian.fr\/wp-content\/uploads\/2024\/07\/B4DP00_NOTICE_enjeux-B-web-2.pdf\" type=\"application\/pdf\" style=\"width:100%;height:600px\" aria-label=\"Contenu embarqu\u00e9 B4DP00_NOTICE_enjeux-B-web-2.\"><\/object><a id=\"wp-block-file--media-ea77700f-a33f-48f8-8802-b3452c9674e0\" href=\"https:\/\/autoecoledorian.fr\/wp-content\/uploads\/2024\/07\/B4DP00_NOTICE_enjeux-B-web-2.pdf\">B4DP00_NOTICE_enjeux-B-web-2<\/a><a href=\"https:\/\/autoecoledorian.fr\/wp-content\/uploads\/2024\/07\/B4DP00_NOTICE_enjeux-B-web-2.pdf\" class=\"wp-block-file__button wp-element-button\" download aria-describedby=\"wp-block-file--media-ea77700f-a33f-48f8-8802-b3452c9674e0\">T\u00e9l\u00e9charger<\/a><\/div>\n\n\n\n<div class=\"wp-block-buttons is-content-justification-center is-layout-flex wp-container-core-buttons-is-layout-16018d1d wp-block-buttons-is-layout-flex\">\n<div class=\"wp-block-button\"><a class=\"wp-block-button__link wp-element-button\" href=\"https:\/\/autoecoledorian.fr\/index.php\/auto-ecole-handi-conduite\/\">Auto-Ecole \u00ab\u00a0Handi-Conduite\u00a0\u00bb c&rsquo;est ICI !<\/a><\/div>\n<\/div>\n\n\n\n<div data-wp-interactive=\"core\/file\" class=\"wp-block-file\"><object data-wp-bind--hidden=\"!state.hasPdfPreview\" hidden class=\"wp-block-file__embed\" data=\"https:\/\/autoecoledorian.fr\/wp-content\/uploads\/2024\/07\/PROGRAMME-B-1.pdf\" type=\"application\/pdf\" style=\"width:100%;height:600px\" aria-label=\"Contenu embarqu\u00e9 PROGRAMME-B-1.\"><\/object><a id=\"wp-block-file--media-b32e3e8a-97ce-42b3-b641-26a0b046ae70\" href=\"https:\/\/autoecoledorian.fr\/wp-content\/uploads\/2024\/07\/PROGRAMME-B-1.pdf\">PROGRAMME-B-1<\/a><a href=\"https:\/\/autoecoledorian.fr\/wp-content\/uploads\/2024\/07\/PROGRAMME-B-1.pdf\" class=\"wp-block-file__button wp-element-button\" download aria-describedby=\"wp-block-file--media-b32e3e8a-97ce-42b3-b641-26a0b046ae70\">T\u00e9l\u00e9charger<\/a><\/div>\n","protected":false},"excerpt":{"rendered":"<p>Pourquoi choisir\u00a0la conduite supervis\u00e9e ? La conduite supervis\u00e9e est une sorte de petite\u00a0conduite accompagn\u00e9e, plus simple \u00e0 mettre en oeuvre et qui permet de prendre confiance dans la conduite d\u2019un v\u00e9hicule de cat\u00e9gorie B. Vous pouvez choisir d\u2019opter pour celle-ci : soit au moment de l\u2019inscription soit \u00e0 la suite d\u2019un \u00e9chec au permis Le programme de formation est identique au permis B avec en plus un RDV pr\u00e9alable d\u2019une dur\u00e9e de 2h. S\u2019inscrire \u00e0 la conduite supervis\u00e9e Il faut&#8230;<\/p>\n<p class=\"read-more\"><a class=\"btn btn-default\" href=\"https:\/\/autoecoledorian.fr\/index.php\/conduite-supervisee\/\">Lire la suite<span class=\"screen-reader-text\"> Lire la suite<\/span><\/a><\/p>\n","protected":false},"author":1,"featured_media":0,"parent":0,"menu_order":0,"comment_status":"closed","ping_status":"closed","template":"","meta":{"_acf_changed":false,"footnotes":""},"class_list":["post-430","page","type-page","status-publish","hentry"],"acf":[],"jetpack_sharing_enabled":true,"_links":{"self":[{"href":"https:\/\/autoecoledorian.fr\/index.php\/wp-json\/wp\/v2\/pages\/430","targetHints":{"allow":["GET"]}}],"collection":[{"href":"https:\/\/autoecoledorian.fr\/index.php\/wp-json\/wp\/v2\/pages"}],"about":[{"href":"https:\/\/autoecoledorian.fr\/index.php\/wp-json\/wp\/v2\/types\/page"}],"author":[{"embeddable":true,"href":"https:\/\/autoecoledorian.fr\/index.php\/wp-json\/wp\/v2\/users\/1"}],"replies":[{"embeddable":true,"href":"https:\/\/autoecoledorian.fr\/index.php\/wp-json\/wp\/v2\/comments?post=430"}],"version-history":[{"count":4,"href":"https:\/\/autoecoledorian.fr\/index.php\/wp-json\/wp\/v2\/pages\/430\/revisions"}],"predecessor-version":[{"id":2256,"href":"https:\/\/autoecoledorian.fr\/index.php\/wp-json\/wp\/v2\/pages\/430\/revisions\/2256"}],"wp:attachment":[{"href":"https:\/\/autoecoledorian.fr\/index.php\/wp-json\/wp\/v2\/media?parent=430"}],"curies":[{"name":"wp","href":"https:\/\/api.w.org\/{rel}","templated":true}]}}