{"id":437,"date":"2018-08-15T10:19:20","date_gmt":"2018-08-15T08:19:20","guid":{"rendered":"http:\/\/autoecoledorian.fr\/?page_id=437"},"modified":"2025-02-18T18:26:03","modified_gmt":"2025-02-18T17:26:03","slug":"permis-a1-a2","status":"publish","type":"page","link":"https:\/\/autoecoledorian.fr\/index.php\/permis-a1-a2\/","title":{"rendered":"Permis MOTO A2\/A1"},"content":{"rendered":"<div class=\"wp-block-image\">\n<figure class=\"aligncenter size-full\"><img loading=\"lazy\" decoding=\"async\" width=\"138\" height=\"279\" src=\"http:\/\/autoecoledorian.fr\/wp-content\/uploads\/2025\/02\/forfait-A2-990e.jpg\" alt=\"\" class=\"wp-image-2540\" srcset=\"https:\/\/autoecoledorian.fr\/wp-content\/uploads\/2025\/02\/forfait-A2-990e.jpg 138w, https:\/\/autoecoledorian.fr\/wp-content\/uploads\/2025\/02\/forfait-A2-990e-134x270.jpg 134w\" sizes=\"auto, (max-width: 138px) 100vw, 138px\" \/><\/figure>\n<\/div>\n\n\n<h2 class=\"wp-block-heading\"><strong>Finan\u00e7able avec CPF sous certaines conditions ( nous consulter ).<\/strong><\/h2>\n\n\n\n<p>Quelle diff\u00e9rence entre ces deux permis ? Chacun autorise \u00e0 conduire un v\u00e9hicule deux roues dont la puissance est diff\u00e9rente. Selon votre \u00e2ge, vous ne pourrez pr\u00e9tendre \u00e0 passer que certains d\u2019entre eux.<\/p>\n\n\n\n<ul class=\"wp-block-list\">\n<li><strong>Le permis A1 (125 cm\u00b3)<\/strong>&nbsp;autorise \u00e0 conduire les motocyclettes dont la cylindr\u00e9e n\u2019exc\u00e8de pas 125 cm<sup>3<\/sup>, et dont la puissance n\u2019exc\u00e8de pas 11 kW. Permis d\u00e8s 16 ans.<\/li>\n\n\n\n<li><strong>Le permis A2 (moto \u2013 de 35 kw)<\/strong>&nbsp;est destin\u00e9 aux motocyclettes avec ou sans side-car d\u2019une puissance n\u2019exc\u00e9dant pas 35 kW et dont le rapport puissance\/poids est inf\u00e9rieur \u00e0 0,2 kW\/kg.<\/li>\n<\/ul>\n\n\n\n<p>Vous trouverez les informations compl\u00e8tes concernant ces permis sur le&nbsp;<a href=\"http:\/\/www.securite-routiere.gouv.fr\/permis-de-conduire\/passer-son-permis\/le-permis-2-roues-motorises-permis-a\" target=\"_blank\" rel=\"noreferrer noopener\">site de la s\u00e9curit\u00e9 routi\u00e8re du gouvernement<\/a>.<\/p>\n\n\n\n<p>Concernant le programme de formation, nous suivons le REMC (r\u00e9f\u00e9rentiel d\u2019\u00e9ducation pour une mobilit\u00e9 citoyenne).<\/p>\n\n\n\n<p>Au programme :<\/p>\n\n\n\n<ul class=\"wp-block-list\">\n<li>une formation th\u00e9orique avec des cours de s\u00e9curit\u00e9 routi\u00e8re ainsi que des tests de code<\/li>\n\n\n\n<li>une formation pratique avec un minimum de 8h de plateau et 12h de circulation<\/li>\n<\/ul>\n\n\n\n<div data-wp-interactive=\"core\/file\" class=\"wp-block-file\"><object data-wp-bind--hidden=\"!state.hasPdfPreview\" hidden class=\"wp-block-file__embed\" data=\"https:\/\/autoecoledorian.fr\/wp-content\/uploads\/2024\/07\/A4DP00_NOTICE_enjeux-A1-A2-web.pdf\" type=\"application\/pdf\" style=\"width:100%;height:600px\" aria-label=\"Contenu embarqu\u00e9 A4DP00_NOTICE_enjeux-A1-A2-web.\"><\/object><a id=\"wp-block-file--media-f086dc8d-5c1e-4098-b2b2-0e93a2467351\" href=\"https:\/\/autoecoledorian.fr\/wp-content\/uploads\/2024\/07\/A4DP00_NOTICE_enjeux-A1-A2-web.pdf\">A4DP00_NOTICE_enjeux-A1-A2-web<\/a><a href=\"https:\/\/autoecoledorian.fr\/wp-content\/uploads\/2024\/07\/A4DP00_NOTICE_enjeux-A1-A2-web.pdf\" class=\"wp-block-file__button wp-element-button\" download aria-describedby=\"wp-block-file--media-f086dc8d-5c1e-4098-b2b2-0e93a2467351\">T\u00e9l\u00e9charger<\/a><\/div>\n\n\n\n<div data-wp-interactive=\"core\/file\" class=\"wp-block-file\"><object data-wp-bind--hidden=\"!state.hasPdfPreview\" hidden class=\"wp-block-file__embed\" data=\"https:\/\/autoecoledorian.fr\/wp-content\/uploads\/2024\/07\/PROGRAMME-A1-A2-A.pdf\" type=\"application\/pdf\" style=\"width:100%;height:600px\" aria-label=\"Contenu embarqu\u00e9 PROGRAMME-A1-A2-A.\"><\/object><a id=\"wp-block-file--media-df3fd0b4-4fd7-4d78-b0d1-9f6deb2860fe\" href=\"https:\/\/autoecoledorian.fr\/wp-content\/uploads\/2024\/07\/PROGRAMME-A1-A2-A.pdf\">PROGRAMME-A1-A2-A<\/a><a href=\"https:\/\/autoecoledorian.fr\/wp-content\/uploads\/2024\/07\/PROGRAMME-A1-A2-A.pdf\" class=\"wp-block-file__button wp-element-button\" download aria-describedby=\"wp-block-file--media-df3fd0b4-4fd7-4d78-b0d1-9f6deb2860fe\">T\u00e9l\u00e9charger<\/a><\/div>\n\n\n\n<h2 class=\"wp-block-heading\"><a href=\"http:\/\/autoecoledorian.fr\/index.php\/nos-horaires\/\">\u00ab\u00a0PI\u00c8CES \u00c0 FOURNIR&nbsp;ICI\u00a0\u00bb<\/a><\/h2>\n\n\n\n<h2 class=\"wp-block-heading\"><a href=\"http:\/\/autoecoledorian.fr\/index.php\/piste-moto\/\">\u00ab\u00a0PISTE MOTO ICI\u00a0\u00bb<\/a><\/h2>\n\n\n\n<h2 class=\"wp-block-heading\">Equipements obligatoires :<\/h2>\n\n\n\n<ul class=\"wp-block-list\">\n<li>Casque homologu\u00e9 avec les 4 dispositifs r\u00e9tro-r\u00e9fl\u00e9chissants.<\/li>\n\n\n\n<li>Gants homologu\u00e9s CE\/EPI<\/li>\n\n\n\n<li>Blouson de moto<\/li>\n\n\n\n<li>Chaussures&nbsp;ou bottes de moto<\/li>\n<\/ul>\n\n\n\n<div class=\"wp-block-buttons is-content-justification-center is-layout-flex wp-container-core-buttons-is-layout-16018d1d wp-block-buttons-is-layout-flex\">\n<div class=\"wp-block-button\"><a class=\"wp-block-button__link wp-element-button\" href=\"http:\/\/autoecoledorian.fr\/index.php\/pre-inscription\/\" target=\"_blank\" rel=\"noreferrer noopener\">Pr\u00e9-inscription ICI<\/a><\/div>\n<\/div>\n\n\n<p><strong>Auto-Ecole DORIAN dispose d&rsquo;une piste moto pour le plateau.<\/strong><\/p>\n<p><img loading=\"lazy\" decoding=\"async\" class=\"aligncenter size-full wp-image-1101\" src=\"http:\/\/autoecoledorian.fr\/wp-content\/uploads\/2022\/01\/B7A225FF-1643-4135-83A6-85C3AE072A04.jpg\" alt=\"\" width=\"1440\" height=\"1439\" srcset=\"https:\/\/autoecoledorian.fr\/wp-content\/uploads\/2022\/01\/B7A225FF-1643-4135-83A6-85C3AE072A04.jpg 1440w, https:\/\/autoecoledorian.fr\/wp-content\/uploads\/2022\/01\/B7A225FF-1643-4135-83A6-85C3AE072A04-300x300.jpg 300w, https:\/\/autoecoledorian.fr\/wp-content\/uploads\/2022\/01\/B7A225FF-1643-4135-83A6-85C3AE072A04-100x100.jpg 100w, https:\/\/autoecoledorian.fr\/wp-content\/uploads\/2022\/01\/B7A225FF-1643-4135-83A6-85C3AE072A04-600x600.jpg 600w, https:\/\/autoecoledorian.fr\/wp-content\/uploads\/2022\/01\/B7A225FF-1643-4135-83A6-85C3AE072A04-1024x1024.jpg 1024w, https:\/\/autoecoledorian.fr\/wp-content\/uploads\/2022\/01\/B7A225FF-1643-4135-83A6-85C3AE072A04-150x150.jpg 150w, https:\/\/autoecoledorian.fr\/wp-content\/uploads\/2022\/01\/B7A225FF-1643-4135-83A6-85C3AE072A04-768x767.jpg 768w, https:\/\/autoecoledorian.fr\/wp-content\/uploads\/2022\/01\/B7A225FF-1643-4135-83A6-85C3AE072A04-270x270.jpg 270w\" sizes=\"auto, (max-width: 1440px) 100vw, 1440px\" \/> <img loading=\"lazy\" decoding=\"async\" class=\"aligncenter size-full wp-image-1102\" src=\"http:\/\/autoecoledorian.fr\/wp-content\/uploads\/2022\/01\/395D6A22-3995-458A-BE76-36BEDC62990F.jpg\" alt=\"\" width=\"1440\" height=\"1439\" srcset=\"https:\/\/autoecoledorian.fr\/wp-content\/uploads\/2022\/01\/395D6A22-3995-458A-BE76-36BEDC62990F.jpg 1440w, https:\/\/autoecoledorian.fr\/wp-content\/uploads\/2022\/01\/395D6A22-3995-458A-BE76-36BEDC62990F-300x300.jpg 300w, https:\/\/autoecoledorian.fr\/wp-content\/uploads\/2022\/01\/395D6A22-3995-458A-BE76-36BEDC62990F-100x100.jpg 100w, https:\/\/autoecoledorian.fr\/wp-content\/uploads\/2022\/01\/395D6A22-3995-458A-BE76-36BEDC62990F-600x600.jpg 600w, https:\/\/autoecoledorian.fr\/wp-content\/uploads\/2022\/01\/395D6A22-3995-458A-BE76-36BEDC62990F-1024x1024.jpg 1024w, https:\/\/autoecoledorian.fr\/wp-content\/uploads\/2022\/01\/395D6A22-3995-458A-BE76-36BEDC62990F-150x150.jpg 150w, https:\/\/autoecoledorian.fr\/wp-content\/uploads\/2022\/01\/395D6A22-3995-458A-BE76-36BEDC62990F-768x767.jpg 768w, https:\/\/autoecoledorian.fr\/wp-content\/uploads\/2022\/01\/395D6A22-3995-458A-BE76-36BEDC62990F-270x270.jpg 270w\" sizes=\"auto, (max-width: 1440px) 100vw, 1440px\" \/> <img loading=\"lazy\" decoding=\"async\" class=\"aligncenter size-full wp-image-1103\" src=\"http:\/\/autoecoledorian.fr\/wp-content\/uploads\/2022\/01\/C6DAD6A2-EDF3-4325-8F30-9D2AF4871BE5.jpg\" alt=\"\" width=\"1440\" height=\"1439\" srcset=\"https:\/\/autoecoledorian.fr\/wp-content\/uploads\/2022\/01\/C6DAD6A2-EDF3-4325-8F30-9D2AF4871BE5.jpg 1440w, https:\/\/autoecoledorian.fr\/wp-content\/uploads\/2022\/01\/C6DAD6A2-EDF3-4325-8F30-9D2AF4871BE5-300x300.jpg 300w, https:\/\/autoecoledorian.fr\/wp-content\/uploads\/2022\/01\/C6DAD6A2-EDF3-4325-8F30-9D2AF4871BE5-100x100.jpg 100w, https:\/\/autoecoledorian.fr\/wp-content\/uploads\/2022\/01\/C6DAD6A2-EDF3-4325-8F30-9D2AF4871BE5-600x600.jpg 600w, https:\/\/autoecoledorian.fr\/wp-content\/uploads\/2022\/01\/C6DAD6A2-EDF3-4325-8F30-9D2AF4871BE5-1024x1024.jpg 1024w, https:\/\/autoecoledorian.fr\/wp-content\/uploads\/2022\/01\/C6DAD6A2-EDF3-4325-8F30-9D2AF4871BE5-150x150.jpg 150w, https:\/\/autoecoledorian.fr\/wp-content\/uploads\/2022\/01\/C6DAD6A2-EDF3-4325-8F30-9D2AF4871BE5-768x767.jpg 768w, https:\/\/autoecoledorian.fr\/wp-content\/uploads\/2022\/01\/C6DAD6A2-EDF3-4325-8F30-9D2AF4871BE5-270x270.jpg 270w\" sizes=\"auto, (max-width: 1440px) 100vw, 1440px\" \/><\/p>","protected":false},"excerpt":{"rendered":"<p>Finan\u00e7able avec CPF sous certaines conditions ( nous consulter ). Quelle diff\u00e9rence entre ces deux permis ? Chacun autorise \u00e0 conduire un v\u00e9hicule deux roues dont la puissance est diff\u00e9rente. Selon votre \u00e2ge, vous ne pourrez pr\u00e9tendre \u00e0 passer que certains d\u2019entre eux. Vous trouverez les informations compl\u00e8tes concernant ces permis sur le&nbsp;site de la s\u00e9curit\u00e9 routi\u00e8re du gouvernement. Concernant le programme de formation, nous suivons le REMC (r\u00e9f\u00e9rentiel d\u2019\u00e9ducation pour une mobilit\u00e9 citoyenne). Au programme : \u00ab\u00a0PI\u00c8CES \u00c0 FOURNIR&nbsp;ICI\u00a0\u00bb&#8230;<\/p>\n<p class=\"read-more\"><a class=\"btn btn-default\" href=\"https:\/\/autoecoledorian.fr\/index.php\/permis-a1-a2\/\">Lire la suite<span class=\"screen-reader-text\"> Lire la suite<\/span><\/a><\/p>\n","protected":false},"author":1,"featured_media":0,"parent":0,"menu_order":0,"comment_status":"closed","ping_status":"closed","template":"","meta":{"_acf_changed":false,"footnotes":""},"class_list":["post-437","page","type-page","status-publish","hentry"],"acf":[],"jetpack_sharing_enabled":true,"_links":{"self":[{"href":"https:\/\/autoecoledorian.fr\/index.php\/wp-json\/wp\/v2\/pages\/437","targetHints":{"allow":["GET"]}}],"collection":[{"href":"https:\/\/autoecoledorian.fr\/index.php\/wp-json\/wp\/v2\/pages"}],"about":[{"href":"https:\/\/autoecoledorian.fr\/index.php\/wp-json\/wp\/v2\/types\/page"}],"author":[{"embeddable":true,"href":"https:\/\/autoecoledorian.fr\/index.php\/wp-json\/wp\/v2\/users\/1"}],"replies":[{"embeddable":true,"href":"https:\/\/autoecoledorian.fr\/index.php\/wp-json\/wp\/v2\/comments?post=437"}],"version-history":[{"count":15,"href":"https:\/\/autoecoledorian.fr\/index.php\/wp-json\/wp\/v2\/pages\/437\/revisions"}],"predecessor-version":[{"id":2541,"href":"https:\/\/autoecoledorian.fr\/index.php\/wp-json\/wp\/v2\/pages\/437\/revisions\/2541"}],"wp:attachment":[{"href":"https:\/\/autoecoledorian.fr\/index.php\/wp-json\/wp\/v2\/media?parent=437"}],"curies":[{"name":"wp","href":"https:\/\/api.w.org\/{rel}","templated":true}]}}