{"id":441,"date":"2018-08-15T10:25:48","date_gmt":"2018-08-15T08:25:48","guid":{"rendered":"http:\/\/autoecoledorian.fr\/?page_id=441"},"modified":"2025-10-04T08:01:11","modified_gmt":"2025-10-04T06:01:11","slug":"formation-7h-125cm3","status":"publish","type":"page","link":"https:\/\/autoecoledorian.fr\/index.php\/formation-7h-125cm3\/","title":{"rendered":"Formation 7h MOTO 125cm3"},"content":{"rendered":"\n<div class=\"wp-block-buttons is-content-justification-center is-layout-flex wp-container-core-buttons-is-layout-16018d1d wp-block-buttons-is-layout-flex\">\n<div class=\"wp-block-button\"><a class=\"wp-block-button__link wp-element-button\" href=\"http:\/\/autoecoledorian.fr\/index.php\/pre-inscription\/\" target=\"_blank\" rel=\"noreferrer noopener\">Pr\u00e9-inscription ICI<\/a><\/div>\n<\/div>\n\n\n\n<div class=\"wp-block-buttons is-content-justification-center is-layout-flex wp-container-core-buttons-is-layout-16018d1d wp-block-buttons-is-layout-flex\">\n<div class=\"wp-block-button\"><a class=\"wp-block-button__link wp-element-button\" href=\"https:\/\/autoecoledorian.fr\/index.php\/calendrier-des-formations\/\" target=\"_blank\" rel=\"noreferrer noopener\">Calendrier des formations ICI<\/a><\/div>\n<\/div>\n\n\n<div class=\"wp-block-image\">\n<figure class=\"aligncenter size-full is-resized\"><img loading=\"lazy\" decoding=\"async\" width=\"211\" height=\"547\" src=\"https:\/\/autoecoledorian.fr\/wp-content\/uploads\/2025\/10\/moto-125.jpg\" alt=\"\" class=\"wp-image-2846\" style=\"width:210px;height:auto\" srcset=\"https:\/\/autoecoledorian.fr\/wp-content\/uploads\/2025\/10\/moto-125.jpg 211w, https:\/\/autoecoledorian.fr\/wp-content\/uploads\/2025\/10\/moto-125-116x300.jpg 116w, https:\/\/autoecoledorian.fr\/wp-content\/uploads\/2025\/10\/moto-125-104x270.jpg 104w\" sizes=\"auto, (max-width: 211px) 100vw, 211px\" \/><\/figure>\n<\/div>\n\n<h1>\u00a0<\/h1>\n<p>Il s\u2019agit d\u2019une formation de 7h, \u00e0 la conduite d\u2019un deux-roues 125 cm\u00b3, ouverte \u00e0 tous les titulaires du permis B depuis plus de 2 ans.<\/p>\n<p>La formation comprend :<\/p>\n<ul>\n<li>2 heures de th\u00e9orie \u00e0 la sensibilisation de\u00a0la pratique du deux roues,<\/li>\n<li>2 heures de plateau avec des exercices de maniabilit\u00e9 de la moto, en milieu ferm\u00e9, sur parking,<\/li>\n<li>et 3 heures de circulation pour apprendre \u00e0 conduire dans les conditions du r\u00e9el : travail sur les trajectoires, les virages pour\u00a0adopter une conduite s\u00e9curis\u00e9e.<\/li>\n<\/ul>\n<p>Les 7 heures sont regroup\u00e9es sur une ou deux journ\u00e9es\u00a0: vous gagnez du temps et vous \u00eates op\u00e9rationnel rapidement !<\/p>\n<h2 style=\"text-align: center;\"><a href=\"http:\/\/autoecoledorian.fr\/index.php\/nos-horaires\/\">\u00ab\u00a0PI\u00c8CES \u00c0 FOURNIR\u00a0ICI\u00a0\u00bb<\/a><\/h2>\n<h2 style=\"text-align: center;\"><a href=\"http:\/\/autoecoledorian.fr\/index.php\/piste-moto\/\">\u00ab\u00a0PISTE MOTO ICI\u00a0\u00bb<\/a><\/h2>\n<p><img loading=\"lazy\" decoding=\"async\" class=\"aligncenter size-full wp-image-690\" src=\"http:\/\/autoecoledorian.fr\/wp-content\/uploads\/2019\/04\/Screenshot_2019-04-16-P3DP00-BA1_NOTICE_B-vers-A1-pdf.png\" alt=\"\" width=\"919\" height=\"625\" srcset=\"https:\/\/autoecoledorian.fr\/wp-content\/uploads\/2019\/04\/Screenshot_2019-04-16-P3DP00-BA1_NOTICE_B-vers-A1-pdf.png 919w, https:\/\/autoecoledorian.fr\/wp-content\/uploads\/2019\/04\/Screenshot_2019-04-16-P3DP00-BA1_NOTICE_B-vers-A1-pdf-600x408.png 600w, https:\/\/autoecoledorian.fr\/wp-content\/uploads\/2019\/04\/Screenshot_2019-04-16-P3DP00-BA1_NOTICE_B-vers-A1-pdf-300x204.png 300w, https:\/\/autoecoledorian.fr\/wp-content\/uploads\/2019\/04\/Screenshot_2019-04-16-P3DP00-BA1_NOTICE_B-vers-A1-pdf-768x522.png 768w, https:\/\/autoecoledorian.fr\/wp-content\/uploads\/2019\/04\/Screenshot_2019-04-16-P3DP00-BA1_NOTICE_B-vers-A1-pdf-397x270.png 397w\" sizes=\"auto, (max-width: 919px) 100vw, 919px\" \/><\/p>\n<h2>Equipements obligatoires :<\/h2>\n<ul>\n<li>Casque homologu\u00e9 avec les 4 dispositifs r\u00e9tro-r\u00e9fl\u00e9chissants.<\/li>\n<li>Gants homologu\u00e9s CE\/EPI<\/li>\n<li>Blouson de moto<\/li>\n<li>Chaussures ferm\u00e9es ou chaussures de moto<\/li>\n<\/ul>\n<p>Yamaha YS 125<\/p>\n<p><img loading=\"lazy\" decoding=\"async\" class=\"aligncenter size-large wp-image-316\" src=\"http:\/\/autoecoledorian.fr\/wp-content\/uploads\/2018\/01\/27537591_1821479837864198_1694851200_o-1024x576.jpg\" alt=\"\" width=\"800\" height=\"450\" srcset=\"https:\/\/autoecoledorian.fr\/wp-content\/uploads\/2018\/01\/27537591_1821479837864198_1694851200_o-1024x576.jpg 1024w, https:\/\/autoecoledorian.fr\/wp-content\/uploads\/2018\/01\/27537591_1821479837864198_1694851200_o-600x338.jpg 600w, https:\/\/autoecoledorian.fr\/wp-content\/uploads\/2018\/01\/27537591_1821479837864198_1694851200_o-300x169.jpg 300w, https:\/\/autoecoledorian.fr\/wp-content\/uploads\/2018\/01\/27537591_1821479837864198_1694851200_o-768x432.jpg 768w\" sizes=\"auto, (max-width: 800px) 100vw, 800px\" \/><\/p>\n\n\n<div data-wp-interactive=\"core\/file\" class=\"wp-block-file\"><object data-wp-bind--hidden=\"!state.hasPdfPreview\" hidden class=\"wp-block-file__embed\" data=\"https:\/\/autoecoledorian.fr\/wp-content\/uploads\/2024\/07\/PROGRAMME-125-7-HEURES.pdf\" type=\"application\/pdf\" style=\"width:100%;height:600px\" aria-label=\"Contenu embarqu\u00e9 PROGRAMME-125-7-HEURES.\"><\/object><a id=\"wp-block-file--media-9795baff-c5f2-4075-a467-4c356feb0473\" href=\"https:\/\/autoecoledorian.fr\/wp-content\/uploads\/2024\/07\/PROGRAMME-125-7-HEURES.pdf\">PROGRAMME-125-7-HEURES<\/a><a href=\"https:\/\/autoecoledorian.fr\/wp-content\/uploads\/2024\/07\/PROGRAMME-125-7-HEURES.pdf\" class=\"wp-block-file__button wp-element-button\" download aria-describedby=\"wp-block-file--media-9795baff-c5f2-4075-a467-4c356feb0473\">T\u00e9l\u00e9charger<\/a><\/div>\n","protected":false},"excerpt":{"rendered":"<p>\u00a0 Il s\u2019agit d\u2019une formation de 7h, \u00e0 la conduite d\u2019un deux-roues 125 cm\u00b3, ouverte \u00e0 tous les titulaires du permis B depuis plus de 2 ans. La formation comprend : 2 heures de th\u00e9orie \u00e0 la sensibilisation de\u00a0la pratique du deux roues, 2 heures de plateau avec des exercices de maniabilit\u00e9 de la moto, en milieu ferm\u00e9, sur parking, et 3 heures de circulation pour apprendre \u00e0 conduire dans les conditions du r\u00e9el : travail sur les trajectoires, les&#8230;<\/p>\n<p class=\"read-more\"><a class=\"btn btn-default\" href=\"https:\/\/autoecoledorian.fr\/index.php\/formation-7h-125cm3\/\">Lire la suite<span class=\"screen-reader-text\"> Lire la suite<\/span><\/a><\/p>\n","protected":false},"author":1,"featured_media":0,"parent":0,"menu_order":0,"comment_status":"closed","ping_status":"closed","template":"","meta":{"_acf_changed":false,"footnotes":""},"class_list":["post-441","page","type-page","status-publish","hentry"],"acf":[],"jetpack_sharing_enabled":true,"_links":{"self":[{"href":"https:\/\/autoecoledorian.fr\/index.php\/wp-json\/wp\/v2\/pages\/441","targetHints":{"allow":["GET"]}}],"collection":[{"href":"https:\/\/autoecoledorian.fr\/index.php\/wp-json\/wp\/v2\/pages"}],"about":[{"href":"https:\/\/autoecoledorian.fr\/index.php\/wp-json\/wp\/v2\/types\/page"}],"author":[{"embeddable":true,"href":"https:\/\/autoecoledorian.fr\/index.php\/wp-json\/wp\/v2\/users\/1"}],"replies":[{"embeddable":true,"href":"https:\/\/autoecoledorian.fr\/index.php\/wp-json\/wp\/v2\/comments?post=441"}],"version-history":[{"count":17,"href":"https:\/\/autoecoledorian.fr\/index.php\/wp-json\/wp\/v2\/pages\/441\/revisions"}],"predecessor-version":[{"id":2847,"href":"https:\/\/autoecoledorian.fr\/index.php\/wp-json\/wp\/v2\/pages\/441\/revisions\/2847"}],"wp:attachment":[{"href":"https:\/\/autoecoledorian.fr\/index.php\/wp-json\/wp\/v2\/media?parent=441"}],"curies":[{"name":"wp","href":"https:\/\/api.w.org\/{rel}","templated":true}]}}