{"id":443,"date":"2018-08-15T10:28:06","date_gmt":"2018-08-15T08:28:06","guid":{"rendered":"http:\/\/autoecoledorian.fr\/?page_id=443"},"modified":"2025-09-30T11:39:08","modified_gmt":"2025-09-30T09:39:08","slug":"formation-am-scooter","status":"publish","type":"page","link":"https:\/\/autoecoledorian.fr\/index.php\/formation-am-scooter\/","title":{"rendered":"Formation AM (BSR) Cyclomoteur"},"content":{"rendered":"\n<div class=\"wp-block-buttons is-content-justification-center is-layout-flex wp-container-core-buttons-is-layout-16018d1d wp-block-buttons-is-layout-flex\">\n<div class=\"wp-block-button\"><a class=\"wp-block-button__link wp-element-button\" href=\"https:\/\/autoecoledorian.fr\/index.php\/calendrier-des-formations\/\" target=\"_blank\" rel=\"noreferrer noopener\">Calendrier des formations ICI<\/a><\/div>\n<\/div>\n\n\n<div class=\"wp-block-image\">\n<figure class=\"aligncenter size-full is-resized\"><img loading=\"lazy\" decoding=\"async\" width=\"131\" height=\"271\" src=\"https:\/\/autoecoledorian.fr\/wp-content\/uploads\/2025\/09\/bsr2.jpg\" alt=\"\" class=\"wp-image-2833\" style=\"width:175px;height:auto\"\/><\/figure>\n<\/div>\n\n<h3><span style=\"color: #ff6600;\">Formation Permis AM (BSR) pour cyclomoteurs 2 roues :<\/span><\/h3>\n<p><strong>Apprenez \u00e0 conduire un cyclomoteur d\u00e8s 14 ans gr\u00e2ce \u00e0 notre formation Permis AM (BSR)<\/strong>. Cette formation est sp\u00e9cifiquement con\u00e7ue pour les <strong>deux-roues motoris\u00e9s<\/strong>, tels que les scooters et motos 50cc. <strong><span style=\"color: #ff0000;\">Attention : elle ne permet pas de conduire un v\u00e9hicule \u00e0 quatre roues comme une voiturette.<\/span><\/strong><\/p>\n<h3><span style=\"color: #ff6600;\">Programme de la formation Permis AM :<\/span><\/h3>\n<p>La formation se d\u00e9roule sur <strong>8 heures<\/strong>, regroup\u00e9es sur <strong>deux journ\u00e9es<\/strong>, pour un apprentissage rapide et efficace :<\/p>\n<h4>1. <strong>Formation th\u00e9orique (2 heures)<\/strong><\/h4>\n<ul>\n<li>Apprentissage des r\u00e8gles de s\u00e9curit\u00e9 et des comportements adapt\u00e9s en circulation.<\/li>\n<li>Sensibilisation aux risques sp\u00e9cifiques des deux-roues.<\/li>\n<\/ul>\n<h4>2. <strong>Exercices pratiques sur plateau (2 heures)<\/strong><\/h4>\n<ul>\n<li>Maniabilit\u00e9 du scooter en milieu ferm\u00e9 (parking).<\/li>\n<li>Ma\u00eetrise des techniques de base : d\u00e9marrage, arr\u00eat, freinage, \u00e9quilibre.<\/li>\n<\/ul>\n<h4>3. <strong>Conduite en circulation (3 heures)<\/strong><\/h4>\n<ul>\n<li>Conduite dans des conditions r\u00e9elles pour apprendre \u00e0 :\n<ul>\n<li>Se positionner correctement sur la chauss\u00e9e.<\/li>\n<li>Respecter la signalisation et les r\u00e8gles de priorit\u00e9.<\/li>\n<li>Adopter une conduite s\u00e9curis\u00e9e et pr\u00e9ventive.<\/li>\n<\/ul>\n<\/li>\n<\/ul>\n<h4>4. <strong>Sensibilisation aux risques (1 heure)<\/strong><\/h4>\n<ul>\n<li>Session r\u00e9alis\u00e9e en pr\u00e9sence d\u2019un parent (pour les mineurs).<\/li>\n<li>Focus sur les dangers sp\u00e9cifiques aux cyclomoteurs et les bonnes pratiques pour r\u00e9duire les risques.<\/li>\n<\/ul>\n<h3><span style=\"color: #ff6600;\">Documents n\u00e9cessaires pour l&rsquo;inscription :<\/span><\/h3>\n<ul>\n<li><strong>Photo d\u2019identit\u00e9 num\u00e9rique e-Photo<\/strong>.<\/li>\n<li><strong>Photocopie de la carte d\u2019identit\u00e9 de l\u2019\u00e9l\u00e8ve<\/strong> (recto\/verso sur une seule page).<\/li>\n<li><strong>Photocopie de la carte d\u2019identit\u00e9 d\u2019un parent<\/strong> (recto\/verso sur une seule page).<\/li>\n<li><strong>Photocopie de l\u2019ASSR 1er niveau<\/strong>.<\/li>\n<li><strong>Facture de domicile (moins de 6 mois)<\/strong> au nom d\u2019un parent.<\/li>\n<li><strong>Attestation d\u2019h\u00e9bergement<\/strong> (si applicable).<\/li>\n<\/ul>\n<h3><span style=\"color: #ff6600;\">\u00c9quipements obligatoires pour la formation :<\/span><\/h3>\n<ul>\n<li>Casque homologu\u00e9 avec dispositifs r\u00e9tro-r\u00e9fl\u00e9chissants.<\/li>\n<li>Gants homologu\u00e9s <strong>CE\/EPI<\/strong>.<\/li>\n<li>Blouson de moto.<\/li>\n<li>Chaussures ferm\u00e9es montantes.<\/li>\n<li>Pantalon en jean minimum.<\/li>\n<\/ul>\n<h3><span style=\"color: #ff6600;\">Avantages de cette formation :<\/span><\/h3>\n<p>Les <strong>8 heures de cours sont regroup\u00e9es sur deux journ\u00e9es<\/strong>, vous permettant d\u2019\u00eatre rapidement pr\u00eat \u00e0 conduire en toute s\u00e9curit\u00e9.<\/p>\n<p><strong>Contactez-nous d\u00e8s maintenant pour r\u00e9server votre formation AM scooter et devenir autonome sur les routes en deux-roues !<\/strong><\/p>\n<h2 style=\"text-align: center;\"><a href=\"http:\/\/autoecoledorian.fr\/index.php\/nos-horaires\/\">\u00ab\u00a0PI\u00c8CES \u00c0 FOURNIR\u00a0ICI\u00a0\u00bb<\/a><\/h2>\n<h2 style=\"text-align: center;\"><a href=\"http:\/\/autoecoledorian.fr\/index.php\/piste-moto\/\">\u00ab\u00a0PISTE MOTO ICI\u00a0\u00bb<\/a><\/h2>\n<p><img loading=\"lazy\" decoding=\"async\" class=\"aligncenter size-full wp-image-672\" src=\"http:\/\/autoecoledorian.fr\/wp-content\/uploads\/2019\/04\/Screenshot_2019-04-15-AM3DP00_NOTICE_AM_0219-pdf.png\" alt=\"\" width=\"976\" height=\"694\" srcset=\"https:\/\/autoecoledorian.fr\/wp-content\/uploads\/2019\/04\/Screenshot_2019-04-15-AM3DP00_NOTICE_AM_0219-pdf.png 976w, https:\/\/autoecoledorian.fr\/wp-content\/uploads\/2019\/04\/Screenshot_2019-04-15-AM3DP00_NOTICE_AM_0219-pdf-600x427.png 600w, https:\/\/autoecoledorian.fr\/wp-content\/uploads\/2019\/04\/Screenshot_2019-04-15-AM3DP00_NOTICE_AM_0219-pdf-300x213.png 300w, https:\/\/autoecoledorian.fr\/wp-content\/uploads\/2019\/04\/Screenshot_2019-04-15-AM3DP00_NOTICE_AM_0219-pdf-768x546.png 768w, https:\/\/autoecoledorian.fr\/wp-content\/uploads\/2019\/04\/Screenshot_2019-04-15-AM3DP00_NOTICE_AM_0219-pdf-380x270.png 380w\" sizes=\"auto, (max-width: 976px) 100vw, 976px\" \/><\/p>\n<p><img loading=\"lazy\" decoding=\"async\" class=\"aligncenter size-full wp-image-818\" src=\"http:\/\/autoecoledorian.fr\/wp-content\/uploads\/2020\/04\/programme-AM.jpg\" alt=\"\" width=\"1000\" height=\"707\" srcset=\"https:\/\/autoecoledorian.fr\/wp-content\/uploads\/2020\/04\/programme-AM.jpg 1000w, https:\/\/autoecoledorian.fr\/wp-content\/uploads\/2020\/04\/programme-AM-600x424.jpg 600w, https:\/\/autoecoledorian.fr\/wp-content\/uploads\/2020\/04\/programme-AM-300x212.jpg 300w, https:\/\/autoecoledorian.fr\/wp-content\/uploads\/2020\/04\/programme-AM-768x543.jpg 768w, https:\/\/autoecoledorian.fr\/wp-content\/uploads\/2020\/04\/programme-AM-382x270.jpg 382w\" sizes=\"auto, (max-width: 1000px) 100vw, 1000px\" \/><\/p>\n<p><img loading=\"lazy\" decoding=\"async\" class=\"aligncenter size-large wp-image-314\" src=\"http:\/\/autoecoledorian.fr\/wp-content\/uploads\/2018\/01\/20171221_143656-1024x576.jpg\" alt=\"\" width=\"800\" height=\"450\" srcset=\"https:\/\/autoecoledorian.fr\/wp-content\/uploads\/2018\/01\/20171221_143656-1024x576.jpg 1024w, https:\/\/autoecoledorian.fr\/wp-content\/uploads\/2018\/01\/20171221_143656-scaled-600x338.jpg 600w, https:\/\/autoecoledorian.fr\/wp-content\/uploads\/2018\/01\/20171221_143656-300x169.jpg 300w, https:\/\/autoecoledorian.fr\/wp-content\/uploads\/2018\/01\/20171221_143656-768x432.jpg 768w\" sizes=\"auto, (max-width: 800px) 100vw, 800px\" \/><\/p>\n\n\n<div data-wp-interactive=\"core\/file\" class=\"wp-block-file\"><object data-wp-bind--hidden=\"!state.hasPdfPreview\" hidden class=\"wp-block-file__embed\" data=\"https:\/\/autoecoledorian.fr\/wp-content\/uploads\/2024\/07\/PROGRAMME-AM.pdf\" type=\"application\/pdf\" style=\"width:100%;height:600px\" aria-label=\"Contenu embarqu\u00e9 PROGRAMME-AM.\"><\/object><a id=\"wp-block-file--media-d5cfcc4a-1643-400a-8252-2052b23988d1\" href=\"https:\/\/autoecoledorian.fr\/wp-content\/uploads\/2024\/07\/PROGRAMME-AM.pdf\">PROGRAMME-AM<\/a><a href=\"https:\/\/autoecoledorian.fr\/wp-content\/uploads\/2024\/07\/PROGRAMME-AM.pdf\" class=\"wp-block-file__button wp-element-button\" download aria-describedby=\"wp-block-file--media-d5cfcc4a-1643-400a-8252-2052b23988d1\">T\u00e9l\u00e9charger<\/a><\/div>\n","protected":false},"excerpt":{"rendered":"<p>Formation Permis AM (BSR) pour cyclomoteurs 2 roues : Apprenez \u00e0 conduire un cyclomoteur d\u00e8s 14 ans gr\u00e2ce \u00e0 notre formation Permis AM (BSR). Cette formation est sp\u00e9cifiquement con\u00e7ue pour les deux-roues motoris\u00e9s, tels que les scooters et motos 50cc. Attention : elle ne permet pas de conduire un v\u00e9hicule \u00e0 quatre roues comme une voiturette. Programme de la formation Permis AM : La formation se d\u00e9roule sur 8 heures, regroup\u00e9es sur deux journ\u00e9es, pour un apprentissage rapide et efficace&#8230;<\/p>\n<p class=\"read-more\"><a class=\"btn btn-default\" href=\"https:\/\/autoecoledorian.fr\/index.php\/formation-am-scooter\/\">Lire la suite<span class=\"screen-reader-text\"> Lire la suite<\/span><\/a><\/p>\n","protected":false},"author":1,"featured_media":0,"parent":0,"menu_order":0,"comment_status":"closed","ping_status":"closed","template":"","meta":{"_acf_changed":false,"footnotes":""},"class_list":["post-443","page","type-page","status-publish","hentry"],"acf":[],"jetpack_sharing_enabled":true,"_links":{"self":[{"href":"https:\/\/autoecoledorian.fr\/index.php\/wp-json\/wp\/v2\/pages\/443","targetHints":{"allow":["GET"]}}],"collection":[{"href":"https:\/\/autoecoledorian.fr\/index.php\/wp-json\/wp\/v2\/pages"}],"about":[{"href":"https:\/\/autoecoledorian.fr\/index.php\/wp-json\/wp\/v2\/types\/page"}],"author":[{"embeddable":true,"href":"https:\/\/autoecoledorian.fr\/index.php\/wp-json\/wp\/v2\/users\/1"}],"replies":[{"embeddable":true,"href":"https:\/\/autoecoledorian.fr\/index.php\/wp-json\/wp\/v2\/comments?post=443"}],"version-history":[{"count":21,"href":"https:\/\/autoecoledorian.fr\/index.php\/wp-json\/wp\/v2\/pages\/443\/revisions"}],"predecessor-version":[{"id":2834,"href":"https:\/\/autoecoledorian.fr\/index.php\/wp-json\/wp\/v2\/pages\/443\/revisions\/2834"}],"wp:attachment":[{"href":"https:\/\/autoecoledorian.fr\/index.php\/wp-json\/wp\/v2\/media?parent=443"}],"curies":[{"name":"wp","href":"https:\/\/api.w.org\/{rel}","templated":true}]}}