{"id":502,"date":"2018-08-15T11:43:42","date_gmt":"2018-08-15T09:43:42","guid":{"rendered":"http:\/\/autoecoledorian.fr\/?page_id=502"},"modified":"2026-03-05T12:54:29","modified_gmt":"2026-03-05T11:54:29","slug":"taux-de-reussite","status":"publish","type":"page","link":"https:\/\/autoecoledorian.fr\/index.php\/taux-de-reussite\/","title":{"rendered":"Taux de r\u00e9ussite : Mars 2025 \u00e0 Mars 2026"},"content":{"rendered":"<h3 class=\"vv-school-page__title\">Taux de r\u00e9ussite depuis Mars 2025<\/h3>\n<div class=\"vv-success-rates\">\n<div class=\"vv-success-rates__grid\">\n<div class=\"vv-success-rates__grid-header-row desktop-only\">\n<div class=\"vv-success-rates__grid-cell\">Taux de r\u00e9ussite dans le cadre du label qualit\u00e9.<\/div>\n<\/div>\n<\/div>\n<\/div>\n<div><\/div>\n<div class=\"vv-success-rates\">\n<div><\/div>\n<div class=\"vv-success-rates__grid\">\n<div class=\"vv-success-rates__grid-row\">\n<div class=\"vv-success-rates__grid-cell\">\n<div><strong>Permis B :<br \/>\n<\/strong><span style=\"color: #0000ff;\"><strong>76%<\/strong> <span style=\"color: #000000;\">toutes pr\u00e9sentations confondues\u00a0<\/span><\/span><strong><br \/>\n<\/strong>Nombres d&rsquo;heures de conduite moyenne \u00e0 la premi\u00e8re pr\u00e9sentation : 28h<\/div>\n<div><\/div>\n<div><strong>Permis AAC :<\/strong><\/div>\n<div><strong style=\"color: #0000ff; font-size: revert;\">83%<\/strong> <span style=\"color: #000000;\">toutes pr\u00e9sentations confondues\u00a0<\/span><span style=\"color: #0000ff;\"><span style=\"color: #000000;\">Nombres d&rsquo;heures de conduite moyenne \u00e0 la premi\u00e8re pr\u00e9sentation : 22h<\/span><br \/>\n<\/span><\/div>\n<div><\/div>\n<\/div>\n<\/div>\n<\/div>\n<div class=\"vv-success-rates__grid\"><\/div>\n<div><\/div>\n<div class=\"vv-success-rates__grid\">\n<div class=\"vv-success-rates__grid-row\">\n<div><strong>Moto A2\/A1 :<\/strong><\/div>\n<\/div>\n<div><strong><span style=\"color: #0000ff;\">72%<\/span><\/strong> en premi\u00e8re pr\u00e9sentation (plateau et circulation)<\/div>\n<div><strong><span style=\"color: #0000ff;\">77%<\/span><\/strong> toutes pr\u00e9sentations confondues (plateau et circulation)<\/div>\n<div>Nombre d&rsquo;heures de conduite moyenne \u00e0 la premi\u00e8re pr\u00e9sentation : 23h<\/div>\n<\/div>\n<\/div>\n<div><\/div>\n<div><\/div>\n<div><strong>Remorque BE :<\/strong><\/div>\n<div><\/div>\n<div><span style=\"color: #0000ff;\"><strong>98%<\/strong><\/span> de r\u00e9ussite<\/div>\n<div>\n<div class=\"vv-success-rates__grid\">\n<div class=\"vv-success-rates__grid-row\">\n<div>Nombre d&rsquo;heures de conduite moyenne \u00e0 la premi\u00e8re pr\u00e9sentation : 10h<\/div>\n<\/div>\n<\/div>\n<div><\/div>\n<\/div>\n<p><img loading=\"lazy\" decoding=\"async\" class=\"aligncenter wp-image-638 size-thumbnail\" src=\"http:\/\/autoecoledorian.fr\/wp-content\/uploads\/2019\/03\/vitrophanie-vitrine-ecole-conduite-et-qualite-150x150.jpg\" alt=\"\" width=\"150\" height=\"150\" srcset=\"https:\/\/autoecoledorian.fr\/wp-content\/uploads\/2019\/03\/vitrophanie-vitrine-ecole-conduite-et-qualite-150x150.jpg 150w, https:\/\/autoecoledorian.fr\/wp-content\/uploads\/2019\/03\/vitrophanie-vitrine-ecole-conduite-et-qualite-300x300.jpg 300w, https:\/\/autoecoledorian.fr\/wp-content\/uploads\/2019\/03\/vitrophanie-vitrine-ecole-conduite-et-qualite-100x100.jpg 100w, https:\/\/autoecoledorian.fr\/wp-content\/uploads\/2019\/03\/vitrophanie-vitrine-ecole-conduite-et-qualite-416x416.jpg 416w, https:\/\/autoecoledorian.fr\/wp-content\/uploads\/2019\/03\/vitrophanie-vitrine-ecole-conduite-et-qualite-270x270.jpg 270w, https:\/\/autoecoledorian.fr\/wp-content\/uploads\/2019\/03\/vitrophanie-vitrine-ecole-conduite-et-qualite.jpg 600w\" sizes=\"auto, (max-width: 150px) 100vw, 150px\" \/><\/p>\n","protected":false},"excerpt":{"rendered":"<p>Taux de r\u00e9ussite depuis Mars 2025 Taux de r\u00e9ussite dans le cadre du label qualit\u00e9. Permis B : 76% toutes pr\u00e9sentations confondues\u00a0 Nombres d&rsquo;heures de conduite moyenne \u00e0 la premi\u00e8re pr\u00e9sentation : 28h Permis AAC : 83% toutes pr\u00e9sentations confondues\u00a0Nombres d&rsquo;heures de conduite moyenne \u00e0 la premi\u00e8re pr\u00e9sentation : 22h Moto A2\/A1 : 72% en premi\u00e8re pr\u00e9sentation (plateau et circulation) 77% toutes pr\u00e9sentations confondues (plateau et circulation) Nombre d&rsquo;heures de conduite moyenne \u00e0 la premi\u00e8re pr\u00e9sentation : 23h Remorque BE&#8230;<\/p>\n<p class=\"read-more\"><a class=\"btn btn-default\" href=\"https:\/\/autoecoledorian.fr\/index.php\/taux-de-reussite\/\">Lire la suite<span class=\"screen-reader-text\"> Lire la suite<\/span><\/a><\/p>\n","protected":false},"author":1,"featured_media":0,"parent":0,"menu_order":0,"comment_status":"closed","ping_status":"closed","template":"","meta":{"_acf_changed":false,"footnotes":""},"class_list":["post-502","page","type-page","status-publish","hentry"],"acf":[],"jetpack_sharing_enabled":true,"_links":{"self":[{"href":"https:\/\/autoecoledorian.fr\/index.php\/wp-json\/wp\/v2\/pages\/502","targetHints":{"allow":["GET"]}}],"collection":[{"href":"https:\/\/autoecoledorian.fr\/index.php\/wp-json\/wp\/v2\/pages"}],"about":[{"href":"https:\/\/autoecoledorian.fr\/index.php\/wp-json\/wp\/v2\/types\/page"}],"author":[{"embeddable":true,"href":"https:\/\/autoecoledorian.fr\/index.php\/wp-json\/wp\/v2\/users\/1"}],"replies":[{"embeddable":true,"href":"https:\/\/autoecoledorian.fr\/index.php\/wp-json\/wp\/v2\/comments?post=502"}],"version-history":[{"count":28,"href":"https:\/\/autoecoledorian.fr\/index.php\/wp-json\/wp\/v2\/pages\/502\/revisions"}],"predecessor-version":[{"id":3000,"href":"https:\/\/autoecoledorian.fr\/index.php\/wp-json\/wp\/v2\/pages\/502\/revisions\/3000"}],"wp:attachment":[{"href":"https:\/\/autoecoledorian.fr\/index.php\/wp-json\/wp\/v2\/media?parent=502"}],"curies":[{"name":"wp","href":"https:\/\/api.w.org\/{rel}","templated":true}]}}