{"id":504,"date":"2018-08-15T11:45:18","date_gmt":"2018-08-15T09:45:18","guid":{"rendered":"http:\/\/autoecoledorian.fr\/?page_id=504"},"modified":"2024-07-08T16:49:51","modified_gmt":"2024-07-08T14:49:51","slug":"evaluation-de-depart","status":"publish","type":"page","link":"https:\/\/autoecoledorian.fr\/index.php\/evaluation-de-depart\/","title":{"rendered":"Evaluation de d\u00e9part"},"content":{"rendered":"<p>Les \u00e9valuations de d\u00e9part avant signature du contrat pour le permis B, AAC et CS se d\u00e9roule \u00e0 partir d&rsquo;un logiciel. Voici ci-dessous la proc\u00e9dure d\u2019\u00e9valuation.<\/p>\n\n\n<div data-wp-interactive=\"core\/file\" class=\"wp-block-file\"><object data-wp-bind--hidden=\"!state.hasPdfPreview\" hidden class=\"wp-block-file__embed\" data=\"https:\/\/autoecoledorian.fr\/wp-content\/uploads\/2024\/07\/PLANETE-EVAL-B-EVALUATION-INITIALE.pdf\" type=\"application\/pdf\" style=\"width:100%;height:600px\" aria-label=\"Contenu embarqu\u00e9 PLANETE-EVAL-B-EVALUATION-INITIALE.\"><\/object><a id=\"wp-block-file--media-7452142c-6c62-49a5-8c34-fe83eeda2dcc\" href=\"https:\/\/autoecoledorian.fr\/wp-content\/uploads\/2024\/07\/PLANETE-EVAL-B-EVALUATION-INITIALE.pdf\">PLANETE-EVAL-B-EVALUATION-INITIALE<\/a><a href=\"https:\/\/autoecoledorian.fr\/wp-content\/uploads\/2024\/07\/PLANETE-EVAL-B-EVALUATION-INITIALE.pdf\" class=\"wp-block-file__button wp-element-button\" download aria-describedby=\"wp-block-file--media-7452142c-6c62-49a5-8c34-fe83eeda2dcc\">T\u00e9l\u00e9charger<\/a><\/div>\n\n\n\n<hr class=\"wp-block-separator has-alpha-channel-opacity\"\/>\n\n\n\n<p>Les \u00e9valuations de d\u00e9part avant signature du contrat pour le permis A1 et A2 se d\u00e9roule \u00e0 partir d&rsquo;un logiciel. Voici ci-dessous la proc\u00e9dure d\u2019\u00e9valuation.<\/p>\n\n\n\n<div data-wp-interactive=\"core\/file\" class=\"wp-block-file\"><object data-wp-bind--hidden=\"!state.hasPdfPreview\" hidden class=\"wp-block-file__embed\" data=\"https:\/\/autoecoledorian.fr\/wp-content\/uploads\/2024\/07\/eval-A-procede.pdf\" type=\"application\/pdf\" style=\"width:100%;height:600px\" aria-label=\"Contenu embarqu\u00e9 eval-A-procede.\"><\/object><a id=\"wp-block-file--media-e8c03f94-fd05-4c70-9869-9d270d72ae12\" href=\"https:\/\/autoecoledorian.fr\/wp-content\/uploads\/2024\/07\/eval-A-procede.pdf\">eval-A-procede<\/a><a href=\"https:\/\/autoecoledorian.fr\/wp-content\/uploads\/2024\/07\/eval-A-procede.pdf\" class=\"wp-block-file__button wp-element-button\" download aria-describedby=\"wp-block-file--media-e8c03f94-fd05-4c70-9869-9d270d72ae12\">T\u00e9l\u00e9charger<\/a><\/div>\n","protected":false},"excerpt":{"rendered":"<p>Les \u00e9valuations de d\u00e9part avant signature du contrat pour le permis B, AAC et CS se d\u00e9roule \u00e0 partir d&rsquo;un logiciel. Voici ci-dessous la proc\u00e9dure d\u2019\u00e9valuation. Les \u00e9valuations de d\u00e9part avant signature du contrat pour le permis A1 et A2 se d\u00e9roule \u00e0 partir d&rsquo;un logiciel. Voici ci-dessous la proc\u00e9dure d\u2019\u00e9valuation.<\/p>\n","protected":false},"author":1,"featured_media":0,"parent":0,"menu_order":0,"comment_status":"closed","ping_status":"closed","template":"","meta":{"_acf_changed":false,"footnotes":""},"class_list":["post-504","page","type-page","status-publish","hentry"],"acf":[],"jetpack_sharing_enabled":true,"_links":{"self":[{"href":"https:\/\/autoecoledorian.fr\/index.php\/wp-json\/wp\/v2\/pages\/504","targetHints":{"allow":["GET"]}}],"collection":[{"href":"https:\/\/autoecoledorian.fr\/index.php\/wp-json\/wp\/v2\/pages"}],"about":[{"href":"https:\/\/autoecoledorian.fr\/index.php\/wp-json\/wp\/v2\/types\/page"}],"author":[{"embeddable":true,"href":"https:\/\/autoecoledorian.fr\/index.php\/wp-json\/wp\/v2\/users\/1"}],"replies":[{"embeddable":true,"href":"https:\/\/autoecoledorian.fr\/index.php\/wp-json\/wp\/v2\/comments?post=504"}],"version-history":[{"count":5,"href":"https:\/\/autoecoledorian.fr\/index.php\/wp-json\/wp\/v2\/pages\/504\/revisions"}],"predecessor-version":[{"id":2130,"href":"https:\/\/autoecoledorian.fr\/index.php\/wp-json\/wp\/v2\/pages\/504\/revisions\/2130"}],"wp:attachment":[{"href":"https:\/\/autoecoledorian.fr\/index.php\/wp-json\/wp\/v2\/media?parent=504"}],"curies":[{"name":"wp","href":"https:\/\/api.w.org\/{rel}","templated":true}]}}