{"id":588,"date":"2018-08-16T18:12:04","date_gmt":"2018-08-16T16:12:04","guid":{"rendered":"http:\/\/autoecoledorian.fr\/?page_id=588"},"modified":"2024-07-08T17:19:37","modified_gmt":"2024-07-08T15:19:37","slug":"code-en-salle","status":"publish","type":"page","link":"https:\/\/autoecoledorian.fr\/index.php\/code-en-salle\/","title":{"rendered":"Code en Salle et Cours Th\u00e9orique"},"content":{"rendered":"\n<p>Les horaires de code en salle sont identique aux horaires d&rsquo;ouverture de l&rsquo;accueil :<\/p>\n\n\n\n<div class=\"wp-block-media-text is-stacked-on-mobile\"><figure class=\"wp-block-media-text__media\"><a href=\"http:\/\/autoecoledorian.fr\/index.php\/les-horaires\/\"><img loading=\"lazy\" decoding=\"async\" width=\"1024\" height=\"1024\" src=\"http:\/\/autoecoledorian.fr\/wp-content\/uploads\/2023\/11\/Colorful-Web-Domain-Price-List-Instagram-Post-3-1-1024x1024.png\" alt=\"\" class=\"wp-image-1850 size-full\" srcset=\"https:\/\/autoecoledorian.fr\/wp-content\/uploads\/2023\/11\/Colorful-Web-Domain-Price-List-Instagram-Post-3-1-1024x1024.png 1024w, https:\/\/autoecoledorian.fr\/wp-content\/uploads\/2023\/11\/Colorful-Web-Domain-Price-List-Instagram-Post-3-1-300x300.png 300w, https:\/\/autoecoledorian.fr\/wp-content\/uploads\/2023\/11\/Colorful-Web-Domain-Price-List-Instagram-Post-3-1-150x150.png 150w, https:\/\/autoecoledorian.fr\/wp-content\/uploads\/2023\/11\/Colorful-Web-Domain-Price-List-Instagram-Post-3-1-768x768.png 768w, https:\/\/autoecoledorian.fr\/wp-content\/uploads\/2023\/11\/Colorful-Web-Domain-Price-List-Instagram-Post-3-1-270x270.png 270w, https:\/\/autoecoledorian.fr\/wp-content\/uploads\/2023\/11\/Colorful-Web-Domain-Price-List-Instagram-Post-3-1-600x600.png 600w, https:\/\/autoecoledorian.fr\/wp-content\/uploads\/2023\/11\/Colorful-Web-Domain-Price-List-Instagram-Post-3-1-100x100.png 100w, https:\/\/autoecoledorian.fr\/wp-content\/uploads\/2023\/11\/Colorful-Web-Domain-Price-List-Instagram-Post-3-1.png 1080w\" sizes=\"auto, (max-width: 1024px) 100vw, 1024px\" \/><\/a><\/figure><div class=\"wp-block-media-text__content\">\n<p><a href=\"http:\/\/autoecoledorian.fr\/index.php\/les-horaires\/\" data-type=\"page\" data-id=\"1852\">Les horaires de code ICI<\/a><\/p>\n<\/div><\/div>\n\n\n\n<hr class=\"wp-block-separator has-alpha-channel-opacity\"\/>\n\n\n\n<div class=\"wp-block-media-text is-stacked-on-mobile\"><figure class=\"wp-block-media-text__media\"><img loading=\"lazy\" decoding=\"async\" width=\"768\" height=\"1024\" src=\"https:\/\/autoecoledorian.fr\/wp-content\/uploads\/2023\/11\/image_67235585-768x1024.jpg\" alt=\"\" class=\"wp-image-1901 size-full\" srcset=\"https:\/\/autoecoledorian.fr\/wp-content\/uploads\/2023\/11\/image_67235585-768x1024.jpg 768w, https:\/\/autoecoledorian.fr\/wp-content\/uploads\/2023\/11\/image_67235585-225x300.jpg 225w, https:\/\/autoecoledorian.fr\/wp-content\/uploads\/2023\/11\/image_67235585-1152x1536.jpg 1152w, https:\/\/autoecoledorian.fr\/wp-content\/uploads\/2023\/11\/image_67235585-1536x2048.jpg 1536w, https:\/\/autoecoledorian.fr\/wp-content\/uploads\/2023\/11\/image_67235585-203x270.jpg 203w, https:\/\/autoecoledorian.fr\/wp-content\/uploads\/2023\/11\/image_67235585-600x800.jpg 600w, https:\/\/autoecoledorian.fr\/wp-content\/uploads\/2023\/11\/image_67235585-scaled.jpg 1920w\" sizes=\"auto, (max-width: 768px) 100vw, 768px\" \/><\/figure><div class=\"wp-block-media-text__content\">\n<p>Les s\u00e9ances de code avec moniteur sont g\u00e9n\u00e9ralement le Mardi soir et le Vendredi soir entre 17h et 18h. (Sur inscription)<\/p>\n\n\n\n<p>Tous les th\u00e8mes sont trait\u00e9s en fonction de ton niveau.<\/p>\n\n\n\n<p>(Alcool, stup\u00e9fiants, signalisations, assurances, constat, m\u00e9canique et premiers secours, distracteurs etc&#8230;)<\/p>\n\n\n\n<p>Consulte nos r\u00e9seaux sociaux pour voir la publication des horaires de la semaine.<\/p>\n\n\n\n<p>Pour la moto, les s\u00e9ances collectives sont tous les 2\u00e9me Samedi du mois de 13h \u00e0 14h.<\/p>\n<\/div><\/div>\n\n\n\n<figure class=\"wp-block-image size-large\"><img loading=\"lazy\" decoding=\"async\" width=\"1024\" height=\"794\" src=\"https:\/\/autoecoledorian.fr\/wp-content\/uploads\/2023\/11\/Capture-decran-2023-05-31-113348-1024x794.png\" alt=\"\" class=\"wp-image-1903\" srcset=\"https:\/\/autoecoledorian.fr\/wp-content\/uploads\/2023\/11\/Capture-decran-2023-05-31-113348-1024x794.png 1024w, https:\/\/autoecoledorian.fr\/wp-content\/uploads\/2023\/11\/Capture-decran-2023-05-31-113348-300x233.png 300w, https:\/\/autoecoledorian.fr\/wp-content\/uploads\/2023\/11\/Capture-decran-2023-05-31-113348-768x596.png 768w, https:\/\/autoecoledorian.fr\/wp-content\/uploads\/2023\/11\/Capture-decran-2023-05-31-113348-348x270.png 348w, https:\/\/autoecoledorian.fr\/wp-content\/uploads\/2023\/11\/Capture-decran-2023-05-31-113348-600x465.png 600w, https:\/\/autoecoledorian.fr\/wp-content\/uploads\/2023\/11\/Capture-decran-2023-05-31-113348.png 1132w\" sizes=\"auto, (max-width: 1024px) 100vw, 1024px\" \/><\/figure>\n","protected":false},"excerpt":{"rendered":"<p>Les horaires de code en salle sont identique aux horaires d&rsquo;ouverture de l&rsquo;accueil : Les horaires de code ICI Les s\u00e9ances de code avec moniteur sont g\u00e9n\u00e9ralement le Mardi soir et le Vendredi soir entre 17h et 18h. (Sur inscription) Tous les th\u00e8mes sont trait\u00e9s en fonction de ton niveau. (Alcool, stup\u00e9fiants, signalisations, assurances, constat, m\u00e9canique et premiers secours, distracteurs etc&#8230;) Consulte nos r\u00e9seaux sociaux pour voir la publication des horaires de la semaine. Pour la moto, les s\u00e9ances collectives&#8230;<\/p>\n<p class=\"read-more\"><a class=\"btn btn-default\" href=\"https:\/\/autoecoledorian.fr\/index.php\/code-en-salle\/\">Lire la suite<span class=\"screen-reader-text\"> Lire la suite<\/span><\/a><\/p>\n","protected":false},"author":1,"featured_media":0,"parent":0,"menu_order":0,"comment_status":"closed","ping_status":"closed","template":"","meta":{"_acf_changed":false,"footnotes":""},"class_list":["post-588","page","type-page","status-publish","hentry"],"acf":[],"jetpack_sharing_enabled":true,"_links":{"self":[{"href":"https:\/\/autoecoledorian.fr\/index.php\/wp-json\/wp\/v2\/pages\/588","targetHints":{"allow":["GET"]}}],"collection":[{"href":"https:\/\/autoecoledorian.fr\/index.php\/wp-json\/wp\/v2\/pages"}],"about":[{"href":"https:\/\/autoecoledorian.fr\/index.php\/wp-json\/wp\/v2\/types\/page"}],"author":[{"embeddable":true,"href":"https:\/\/autoecoledorian.fr\/index.php\/wp-json\/wp\/v2\/users\/1"}],"replies":[{"embeddable":true,"href":"https:\/\/autoecoledorian.fr\/index.php\/wp-json\/wp\/v2\/comments?post=588"}],"version-history":[{"count":12,"href":"https:\/\/autoecoledorian.fr\/index.php\/wp-json\/wp\/v2\/pages\/588\/revisions"}],"predecessor-version":[{"id":2134,"href":"https:\/\/autoecoledorian.fr\/index.php\/wp-json\/wp\/v2\/pages\/588\/revisions\/2134"}],"wp:attachment":[{"href":"https:\/\/autoecoledorian.fr\/index.php\/wp-json\/wp\/v2\/media?parent=588"}],"curies":[{"name":"wp","href":"https:\/\/api.w.org\/{rel}","templated":true}]}}