{"id":64,"date":"2017-03-12T19:05:36","date_gmt":"2017-03-12T18:05:36","guid":{"rendered":"http:\/\/autoecoledorian.fr\/?page_id=64"},"modified":"2023-11-24T11:58:02","modified_gmt":"2023-11-24T10:58:02","slug":"nos-horaires","status":"publish","type":"page","link":"https:\/\/autoecoledorian.fr\/index.php\/nos-horaires\/","title":{"rendered":"Documents \u00e0 fournir"},"content":{"rendered":"<p><strong>Les documents pour une inscription sont \u00e0 fournir exclusivement par mail : autoecoledorian@gmail.com<\/strong><\/p>\n<p>&#8211; Carte nationale d\u2019identit\u00e9 ou passeport ou titre de s\u00e9jour, en cours de validit\u00e9.<\/p>\n<p>&#8211; Si mineur : Carte nationale d\u2019identit\u00e9 du repr\u00e9sentant l\u00e9gale + livret de famille (si nom de famille diff\u00e9rent)<\/p>\n<p>&#8211; Permis de conduire recto verso<\/p>\n<p>&#8211; Justificatif de domicile de moins de 6 mois et attestation d&rsquo; h\u00e9bergement si le demandeur n&rsquo;a pas de justificatif \u00e0 son nom (+carte d&rsquo;identit\u00e9 de l&rsquo;h\u00e9bergeant) .<\/p>\n<p>&#8211; Attestation de recensement (entre 16 et 17 ans).<\/p>\n<p>&#8211; Certificat individuel de participation \u00e0 la Journ\u00e9e d\u2019Appel de Pr\u00e9paration \u00e0 la D\u00e9fense (JDC) (de 17 \u00e0 25ans).<\/p>\n<p>-l&rsquo;ASSR1 ou 2 (le dernier obtenu) (jusqu&rsquo;\u00e0 21 ans)<\/p>\n<p>-photos d&rsquo;identit\u00e9 au format <em><strong>e-photo <\/strong><\/em>(avec code num\u00e9rique)<\/p>\n<p>&#8211; 1<sup>er<\/sup> versement pour l\u2019inscription.<\/p>\n<h3><span style=\"color: #ff6600;\">Le R\u00e8glement int\u00e9rieur de l&rsquo;Auto-Ecole Dorian c&rsquo;est <\/span><a href=\"http:\/\/autoecoledorian.fr\/index.php\/reglement-interieur\/\"><span style=\"color: #3366ff;\"><span style=\"color: #ff6600;\"><span style=\"color: #00ccff;\">\u00ab\u00a0ICI\u00a0\u00bb<\/span><\/span><\/span><\/a><\/h3>\n","protected":false},"excerpt":{"rendered":"<p>Les documents pour une inscription sont \u00e0 fournir exclusivement par mail : autoecoledorian@gmail.com &#8211; Carte nationale d\u2019identit\u00e9 ou passeport ou titre de s\u00e9jour, en cours de validit\u00e9. &#8211; Si mineur : Carte nationale d\u2019identit\u00e9 du repr\u00e9sentant l\u00e9gale + livret de famille (si nom de famille diff\u00e9rent) &#8211; Permis de conduire recto verso &#8211; Justificatif de domicile de moins de 6 mois et attestation d&rsquo; h\u00e9bergement si le demandeur n&rsquo;a pas de justificatif \u00e0 son nom (+carte d&rsquo;identit\u00e9 de l&rsquo;h\u00e9bergeant) &#8230;.<\/p>\n<p class=\"read-more\"><a class=\"btn btn-default\" href=\"https:\/\/autoecoledorian.fr\/index.php\/nos-horaires\/\">Lire la suite<span class=\"screen-reader-text\"> Lire la suite<\/span><\/a><\/p>\n","protected":false},"author":1,"featured_media":0,"parent":0,"menu_order":0,"comment_status":"closed","ping_status":"closed","template":"","meta":{"_acf_changed":false,"footnotes":""},"class_list":["post-64","page","type-page","status-publish","hentry"],"acf":[],"jetpack_sharing_enabled":true,"_links":{"self":[{"href":"https:\/\/autoecoledorian.fr\/index.php\/wp-json\/wp\/v2\/pages\/64","targetHints":{"allow":["GET"]}}],"collection":[{"href":"https:\/\/autoecoledorian.fr\/index.php\/wp-json\/wp\/v2\/pages"}],"about":[{"href":"https:\/\/autoecoledorian.fr\/index.php\/wp-json\/wp\/v2\/types\/page"}],"author":[{"embeddable":true,"href":"https:\/\/autoecoledorian.fr\/index.php\/wp-json\/wp\/v2\/users\/1"}],"replies":[{"embeddable":true,"href":"https:\/\/autoecoledorian.fr\/index.php\/wp-json\/wp\/v2\/comments?post=64"}],"version-history":[{"count":15,"href":"https:\/\/autoecoledorian.fr\/index.php\/wp-json\/wp\/v2\/pages\/64\/revisions"}],"predecessor-version":[{"id":1908,"href":"https:\/\/autoecoledorian.fr\/index.php\/wp-json\/wp\/v2\/pages\/64\/revisions\/1908"}],"wp:attachment":[{"href":"https:\/\/autoecoledorian.fr\/index.php\/wp-json\/wp\/v2\/media?parent=64"}],"curies":[{"name":"wp","href":"https:\/\/api.w.org\/{rel}","templated":true}]}}