{"id":811,"date":"2020-04-04T16:15:18","date_gmt":"2020-04-04T14:15:18","guid":{"rendered":"http:\/\/autoecoledorian.fr\/?page_id=811"},"modified":"2024-07-12T08:51:11","modified_gmt":"2024-07-12T06:51:11","slug":"formation-b78-vers-b","status":"publish","type":"page","link":"https:\/\/autoecoledorian.fr\/index.php\/formation-b78-vers-b\/","title":{"rendered":"Formation B78 vers B (Passerelle)"},"content":{"rendered":"\n<h4 class=\"wp-block-heading\"><strong>D\u00e9finition&nbsp;:<\/strong><\/h4>\n\n\n<div class=\"wp-block-image\">\n<figure class=\"aligncenter size-full\"><img loading=\"lazy\" decoding=\"async\" width=\"314\" height=\"613\" src=\"https:\/\/autoecoledorian.fr\/wp-content\/uploads\/2024\/07\/b78-1.jpg\" alt=\"\" class=\"wp-image-2243\" srcset=\"https:\/\/autoecoledorian.fr\/wp-content\/uploads\/2024\/07\/b78-1.jpg 314w, https:\/\/autoecoledorian.fr\/wp-content\/uploads\/2024\/07\/b78-1-154x300.jpg 154w, https:\/\/autoecoledorian.fr\/wp-content\/uploads\/2024\/07\/b78-1-138x270.jpg 138w\" sizes=\"auto, (max-width: 314px) 100vw, 314px\" \/><\/figure>\n<\/div>\n\n\n<p>Transformation du permis de conduire bo\u00eete automatique (code 78) en permis de conduire cat\u00e9gorie B (bo\u00eete manuelle)<\/p>\n\n\n\n<h4 class=\"wp-block-heading\"><strong>Conditions requises :<\/strong><\/h4>\n\n\n\n<p>Etre titulaire de la cat\u00e9gorie B du permis de conduire limit\u00e9 aux v\u00e9hicules \u00e0 changement de vitesse automatique, pour des raisons non m\u00e9dicales depuis au moins trois mois.<\/p>\n\n\n\n<h4 class=\"wp-block-heading\"><strong>Dur\u00e9e de la formation&nbsp;:<\/strong><\/h4>\n\n\n\n<p>7 heures<\/p>\n\n\n\n<h4 class=\"wp-block-heading\"><strong>Les objectifs de la formation&nbsp;:<\/strong><\/h4>\n\n\n\n<p>A l&rsquo;issue de la formation, le conducteur doit \u00eatre en capacit\u00e9 d&rsquo;utiliser, en s\u00e9curit\u00e9, un v\u00e9hicule muni d&rsquo;un changement de vitesses manuel de fa\u00e7on simultan\u00e9e avec les autres t\u00e2ches de conduite<\/p>\n\n\n\n<p>La formation est dispens\u00e9e par un enseignant de la conduite et de la s\u00e9curit\u00e9 routi\u00e8re titulaire de l&rsquo;autorisation d&rsquo;enseigner la conduite, en cours de validit\u00e9.<\/p>\n\n\n\n<h3 class=\"wp-block-heading\"><strong>Programme&nbsp;:<\/strong><\/h3>\n\n\n\n<ol class=\"wp-block-list\">\n<li><strong>Dans un trafic nul ou faible, l&rsquo;\u00e9l\u00e8ve doit acqu\u00e9rir les connaissances et les comp\u00e9tences suivantes<\/strong> (2 heures)<\/li>\n<\/ol>\n\n\n\n<ul class=\"wp-block-list\">\n<li>Comprendre le principe du point de patinage de l&#8217;embrayage et assurer sa mise en \u0153uvre ;<\/li>\n\n\n\n<li>\u00catre en capacit\u00e9 de r\u00e9aliser un d\u00e9marrage en c\u00f4te en toute s\u00e9curit\u00e9.<\/li>\n<\/ul>\n\n\n\n<ol class=\"wp-block-list\">\n<li><strong>Cette s\u00e9quence se d\u00e9roule dans des conditions de circulation vari\u00e9es, simples et complexes. Elle permet l&rsquo;acquisition des comp\u00e9tences suivantes<\/strong> (5 heures)<\/li>\n<\/ol>\n\n\n\n<ul class=\"wp-block-list\">\n<li>Savoir utiliser la bo\u00eete de vitesses manuelle de fa\u00e7on rationnelle et en toute s\u00e9curit\u00e9 dans les conditions de circulation pr\u00e9cit\u00e9es et adopter les techniques de l&rsquo;\u00e9co-conduite ;<\/li>\n\n\n\n<li>\u00catre en capacit\u00e9 de diriger le v\u00e9hicule en adaptant l&rsquo;allure et la trajectoire \u00e0 l&rsquo;environnement et aux conditions de circulation.<\/li>\n<\/ul>\n\n\n\n<div class=\"wp-block-buttons is-content-justification-center is-layout-flex wp-container-core-buttons-is-layout-16018d1d wp-block-buttons-is-layout-flex\">\n<div class=\"wp-block-button\"><a class=\"wp-block-button__link wp-element-button\" href=\"https:\/\/autoecoledorian.fr\/index.php\/auto-ecole-handi-conduite\/\">Auto-Ecole \u00ab\u00a0Handi-Conduite\u00a0\u00bb c&rsquo;est ICI !<\/a><\/div>\n<\/div>\n\n\n\n<div data-wp-interactive=\"core\/file\" class=\"wp-block-file\"><object data-wp-bind--hidden=\"!state.hasPdfPreview\" hidden class=\"wp-block-file__embed\" data=\"https:\/\/autoecoledorian.fr\/wp-content\/uploads\/2024\/07\/PROGRAMME-B78.pdf\" type=\"application\/pdf\" style=\"width:100%;height:600px\" aria-label=\"Contenu embarqu\u00e9 PROGRAMME-B78.\"><\/object><a id=\"wp-block-file--media-d71c52dd-ff55-4aef-aeed-c7ab47ced917\" href=\"https:\/\/autoecoledorian.fr\/wp-content\/uploads\/2024\/07\/PROGRAMME-B78.pdf\">PROGRAMME-B78<\/a><a href=\"https:\/\/autoecoledorian.fr\/wp-content\/uploads\/2024\/07\/PROGRAMME-B78.pdf\" class=\"wp-block-file__button wp-element-button\" download aria-describedby=\"wp-block-file--media-d71c52dd-ff55-4aef-aeed-c7ab47ced917\">T\u00e9l\u00e9charger<\/a><\/div>\n","protected":false},"excerpt":{"rendered":"<p>D\u00e9finition&nbsp;: Transformation du permis de conduire bo\u00eete automatique (code 78) en permis de conduire cat\u00e9gorie B (bo\u00eete manuelle) Conditions requises : Etre titulaire de la cat\u00e9gorie B du permis de conduire limit\u00e9 aux v\u00e9hicules \u00e0 changement de vitesse automatique, pour des raisons non m\u00e9dicales depuis au moins trois mois. Dur\u00e9e de la formation&nbsp;: 7 heures Les objectifs de la formation&nbsp;: A l&rsquo;issue de la formation, le conducteur doit \u00eatre en capacit\u00e9 d&rsquo;utiliser, en s\u00e9curit\u00e9, un v\u00e9hicule muni d&rsquo;un changement de&#8230;<\/p>\n<p class=\"read-more\"><a class=\"btn btn-default\" href=\"https:\/\/autoecoledorian.fr\/index.php\/formation-b78-vers-b\/\">Lire la suite<span class=\"screen-reader-text\"> Lire la suite<\/span><\/a><\/p>\n","protected":false},"author":1,"featured_media":0,"parent":0,"menu_order":0,"comment_status":"closed","ping_status":"closed","template":"","meta":{"_acf_changed":false,"footnotes":""},"class_list":["post-811","page","type-page","status-publish","hentry"],"acf":[],"jetpack_sharing_enabled":true,"_links":{"self":[{"href":"https:\/\/autoecoledorian.fr\/index.php\/wp-json\/wp\/v2\/pages\/811","targetHints":{"allow":["GET"]}}],"collection":[{"href":"https:\/\/autoecoledorian.fr\/index.php\/wp-json\/wp\/v2\/pages"}],"about":[{"href":"https:\/\/autoecoledorian.fr\/index.php\/wp-json\/wp\/v2\/types\/page"}],"author":[{"embeddable":true,"href":"https:\/\/autoecoledorian.fr\/index.php\/wp-json\/wp\/v2\/users\/1"}],"replies":[{"embeddable":true,"href":"https:\/\/autoecoledorian.fr\/index.php\/wp-json\/wp\/v2\/comments?post=811"}],"version-history":[{"count":6,"href":"https:\/\/autoecoledorian.fr\/index.php\/wp-json\/wp\/v2\/pages\/811\/revisions"}],"predecessor-version":[{"id":2247,"href":"https:\/\/autoecoledorian.fr\/index.php\/wp-json\/wp\/v2\/pages\/811\/revisions\/2247"}],"wp:attachment":[{"href":"https:\/\/autoecoledorian.fr\/index.php\/wp-json\/wp\/v2\/media?parent=811"}],"curies":[{"name":"wp","href":"https:\/\/api.w.org\/{rel}","templated":true}]}}