{"id":92,"date":"2017-03-12T19:20:49","date_gmt":"2017-03-12T18:20:49","guid":{"rendered":"http:\/\/autoecoledorian.fr\/?page_id=92"},"modified":"2025-11-25T12:42:47","modified_gmt":"2025-11-25T11:42:47","slug":"conduite-accompagnee-aac","status":"publish","type":"page","link":"https:\/\/autoecoledorian.fr\/index.php\/conduite-accompagnee-aac\/","title":{"rendered":"Conduite Accompagn\u00e9e (AAC)"},"content":{"rendered":"<p><strong>Depuis le 1er novembre 2014, l\u2019apprentissage anticip\u00e9 de la conduite est accessible d\u00e8s 15 ans, contre 16 ans auparavant.<\/strong><\/p>\n<p><strong>Vous trouverez tout le d\u00e9tail des diff\u00e9rentes formes de la\u00a0conduite accompagn\u00e9e sur le\u00a0<a href=\"http:\/\/www.securite-routiere.gouv.fr\/permis-de-conduire\/passer-son-permis\/la-conduite-accompagnee\" target=\"_blank\" rel=\"noopener noreferrer\">site de la s\u00e9curit\u00e9 routi\u00e8re du gouvernement<\/a>.<\/strong><\/p>\n<p style=\"text-align: center;\"><span style=\"color: #ff0000;\"><strong>\u00a0\u00ab\u00a0La Conduite accompagn\u00e9e est une des meilleures formule pour l&rsquo;apprentissage de la conduite d&rsquo;un v\u00e9hicule. D&rsquo;ailleurs le taux de r\u00e9ussite \u00e0 l&rsquo;examen est bien plus important que pour la formation traditionnelle.\u00a0\u00bb<\/strong><\/span><\/p>\n<h2>\u00a0<\/h2>\n<h2><img loading=\"lazy\" decoding=\"async\" class=\"alignnone size-full wp-image-1812\" src=\"http:\/\/autoecoledorian.fr\/wp-content\/uploads\/2023\/11\/aac-manuelle.jpg\" alt=\"\" width=\"250\" height=\"492\" srcset=\"https:\/\/autoecoledorian.fr\/wp-content\/uploads\/2023\/11\/aac-manuelle.jpg 250w, https:\/\/autoecoledorian.fr\/wp-content\/uploads\/2023\/11\/aac-manuelle-152x300.jpg 152w, https:\/\/autoecoledorian.fr\/wp-content\/uploads\/2023\/11\/aac-manuelle-137x270.jpg 137w\" sizes=\"auto, (max-width: 250px) 100vw, 250px\" \/><img loading=\"lazy\" decoding=\"async\" class=\"size-full wp-image-1811 alignright\" src=\"http:\/\/autoecoledorian.fr\/wp-content\/uploads\/2023\/11\/aac-automatique.jpg\" alt=\"\" width=\"249\" height=\"500\" srcset=\"https:\/\/autoecoledorian.fr\/wp-content\/uploads\/2023\/11\/aac-automatique.jpg 249w, https:\/\/autoecoledorian.fr\/wp-content\/uploads\/2023\/11\/aac-automatique-149x300.jpg 149w, https:\/\/autoecoledorian.fr\/wp-content\/uploads\/2023\/11\/aac-automatique-134x270.jpg 134w\" sizes=\"auto, (max-width: 249px) 100vw, 249px\" \/><\/h2>\n<h2>\u00a0<\/h2>\n<h2 style=\"text-align: center;\"><a href=\"http:\/\/autoecoledorian.fr\/index.php\/nos-horaires\/\">\u00ab\u00a0PI\u00c8CES \u00c0 FOURNIR\u00a0ICI\u00a0\u00bb<\/a><\/h2>\n<p>Pour s&rsquo;inscrire \u00e0 l&rsquo;Apprentissage anticip\u00e9 de la conduite \u00e0 l&rsquo;auto-\u00e9cole Dorian, il faut :<\/p>\n<ul>\n<li>\u00eatre \u00e2g\u00e9 de 15 ans ou plus ;<\/li>\n<li>avoir l\u2019accord de son repr\u00e9sentant l\u00e9gal et de l\u2019assureur du v\u00e9hicule.<\/li>\n<\/ul>\n<h2>Quelles sont les conditions d&rsquo;acc\u00e8s ?<\/h2>\n<p>Pour commencer la conduite accompagn\u00e9e, il faut :<\/p>\n<ul>\n<li>avoir r\u00e9ussi le\u00a0<strong>code de la route<\/strong>\u00a0;<\/li>\n<li>avoir suivi une\u00a0<strong>formation pratique de 20 heures minimum<\/strong>\u00a0avec un enseignant de l\u2019auto-\u00e9cole ;<\/li>\n<li>avoir b\u00e9n\u00e9fici\u00e9 d\u2019une\u00a0<strong>\u00e9valuation favorable<\/strong>\u00a0de la part de son enseignant de la conduite et de la s\u00e9curit\u00e9 routi\u00e8re qui se mat\u00e9rialise par la remise de l\u2019attestation de fin de formation.<\/li>\n<\/ul>\n<h2>Quels sont les avantages de l&rsquo;Apprentissage anticip\u00e9 de la conduite ?<\/h2>\n<p>L&rsquo;apprentissage anticip\u00e9 de la conduite permet :<\/p>\n<ul>\n<li>de r\u00e9duire la p\u00e9riode probatoire du permis \u00e0 2 ans au lieu de 3\u00a0(les nouveaux titulaires du permis de conduire disposent de 6 points sur leur permis et doivent attendre deux ans sans infraction avant d\u2019en obtenir 12) ;<\/li>\n<li>de commencer la formation initiale en \u00e9cole de conduite (code et conduite) d\u00e8s 15 ans\u00a0;<\/li>\n<li>d\u2019acqu\u00e9rir de l\u2019exp\u00e9rience de conduite\u00a0;<\/li>\n<li>de passer l\u2019\u00e9preuve du permis de conduire \u00e0 17 ans.\u00a0<\/li>\n<li>d\u2019augmenter sensiblement ses chances de r\u00e9ussite \u00e0 l\u2019examen du permis de conduire<\/li>\n<li>souvent d\u2019obtenir un tarif pr\u00e9f\u00e9rentiel sur son assurance \u00ab\u00a0jeune conducteur\u00a0\u00bb.<\/li>\n<\/ul>\n<h2>Qui peut \u00eatre accompagnateur ?<\/h2>\n<p>L&rsquo;accompagnateur doit :<\/p>\n<ul>\n<li>\u00eatre titulaire du permis B (permis automobile) depuis au moins cinq ans sans interruption ;<\/li>\n<li>avoir obtenu l&rsquo;accord de son assureur ;<\/li>\n<li>\u00eatre mentionn\u00e9 dans le contrat sign\u00e9 avec l&rsquo;\u00e9cole de conduite.<\/li>\n<\/ul>\n<p>Il est possible d&rsquo;avoir plusieurs accompagnateurs, \u00e9galement hors du cadre familial.<\/p>\n<h2>Comment se d\u00e9roule l\u2019Apprentissage anticip\u00e9 de la conduite ?<\/h2>\n<p>La conduite avec l&rsquo;accompagnateur se d\u00e9roule sur une dur\u00e9e d&rsquo;<strong>au moins un an et une distance parcourue de 3 000 km minimum<\/strong>.<br \/>Cette p\u00e9riode d\u00e9bute par un rendez-vous pr\u00e9alable\u00a0et est ponctu\u00e9e de deux rendez-vous p\u00e9dagogiques obligatoires.<\/p>\n<ul>\n<li>Le rendez-vous pr\u00e9alable a lieu en pr\u00e9sence de l&rsquo;enseignant et du futur accompagnateur, au moment o\u00f9 l&rsquo;enseignant estime que l&rsquo;\u00e9l\u00e8ve est pr\u00eat \u00e0 conduire avec son accompagnateur. L&rsquo;enseignant dispense alors ses conseils aux deux parties pour bien commencer la p\u00e9riode de conduite accompagn\u00e9e.<\/li>\n<li>Le 1er rendez-vous p\u00e9dagogique a lieu entre quatre et six mois apr\u00e8s la date de d\u00e9livrance de l&rsquo;attestation de fin de formation initiale.<\/li>\n<li>Le 2e rendez-vous p\u00e9dagogique a lieu apr\u00e8s 3 000 km parcourus.<\/li>\n<\/ul>\n<h2>\u00c0 savoir<\/h2>\n<p>Pour les jeunes \u00e2g\u00e9s de moins de 16 ans, la copie de l\u2019attestation de recensement ou du certificat individuel de participation \u00e0 la journ\u00e9e d\u00e9fense et citoyennet\u00e9 (JDC) ou de l&rsquo;attestation individuelle d&rsquo;exemption n\u2019est pas requise pour l&rsquo;inscription.<\/p>\n<p>Toutes les r\u00e8gles du code de la route doivent \u00eatre respect\u00e9es par vous comme par votre accompagnateur.<\/p>\n<p>Mais en plus :<\/p>\n<ul>\n<li>vous ne pouvez pas conduire en dehors des fronti\u00e8res nationales ;<\/li>\n<li>vous devez respecter les limitations de vitesse qui s&rsquo;appliquent aux conducteurs novices.<\/li>\n<\/ul>\n<p><strong>Attention<\/strong> : en conduite accompagn\u00e9e, ayez toujours avec vous le formulaire de demande de permis de conduire ou sa photocopie, le livret d\u2019apprentissage et le document d\u2019extension de garantie de l\u2019assurance. Seul le formulaire de demande de permis de conduire permet de justifier de la situation d\u2019apprentissage de la conduite, en cas de contr\u00f4le par les forces de l\u2019ordre.<\/p>\n\n\n<div data-wp-interactive=\"core\/file\" class=\"wp-block-file\"><object data-wp-bind--hidden=\"!state.hasPdfPreview\" hidden class=\"wp-block-file__embed\" data=\"https:\/\/autoecoledorian.fr\/wp-content\/uploads\/2024\/07\/B4DP00_NOTICE_enjeux-B-web-1.pdf\" type=\"application\/pdf\" style=\"width:100%;height:600px\" aria-label=\"Contenu embarqu\u00e9 B4DP00_NOTICE_enjeux-B-web-1.\"><\/object><a id=\"wp-block-file--media-ea1a43a0-0682-4ccf-8484-da044e6ef475\" href=\"https:\/\/autoecoledorian.fr\/wp-content\/uploads\/2024\/07\/B4DP00_NOTICE_enjeux-B-web-1.pdf\">B4DP00_NOTICE_enjeux-B-web-1<\/a><a href=\"https:\/\/autoecoledorian.fr\/wp-content\/uploads\/2024\/07\/B4DP00_NOTICE_enjeux-B-web-1.pdf\" class=\"wp-block-file__button wp-element-button\" download aria-describedby=\"wp-block-file--media-ea1a43a0-0682-4ccf-8484-da044e6ef475\">T\u00e9l\u00e9charger<\/a><\/div>\n\n\n\n<div data-wp-interactive=\"core\/file\" class=\"wp-block-file\"><object data-wp-bind--hidden=\"!state.hasPdfPreview\" hidden class=\"wp-block-file__embed\" data=\"https:\/\/autoecoledorian.fr\/wp-content\/uploads\/2024\/07\/PROGRAMME-B-2.pdf\" type=\"application\/pdf\" style=\"width:100%;height:600px\" aria-label=\"Contenu embarqu\u00e9 PROGRAMME-B-2.\"><\/object><a id=\"wp-block-file--media-194871b8-f21b-4743-a1a2-0c39a171fe1c\" href=\"https:\/\/autoecoledorian.fr\/wp-content\/uploads\/2024\/07\/PROGRAMME-B-2.pdf\">PROGRAMME-B-2<\/a><a href=\"https:\/\/autoecoledorian.fr\/wp-content\/uploads\/2024\/07\/PROGRAMME-B-2.pdf\" class=\"wp-block-file__button wp-element-button\" download aria-describedby=\"wp-block-file--media-194871b8-f21b-4743-a1a2-0c39a171fe1c\">T\u00e9l\u00e9charger<\/a><\/div>\n\n\n\n<div class=\"wp-block-buttons is-content-justification-center is-layout-flex wp-container-core-buttons-is-layout-16018d1d wp-block-buttons-is-layout-flex\">\n<div class=\"wp-block-button\"><a class=\"wp-block-button__link wp-element-button\" href=\"http:\/\/autoecoledorian.fr\/index.php\/pre-inscription\/\" target=\"_blank\" rel=\"noreferrer noopener\">Pr\u00e9-inscription ICI<\/a><\/div>\n<\/div>\n\n\n\n<div class=\"wp-block-buttons is-content-justification-center is-layout-flex wp-container-core-buttons-is-layout-16018d1d wp-block-buttons-is-layout-flex\">\n<div class=\"wp-block-button\"><a class=\"wp-block-button__link wp-element-button\" href=\"https:\/\/autoecoledorian.fr\/index.php\/auto-ecole-handi-conduite\/\">Auto-Ecole \u00ab\u00a0Handi-Conduite\u00a0\u00bb c&rsquo;est ICI !<\/a><\/div>\n<\/div>\n\n\n\n<div class=\"wp-block-buttons is-layout-flex wp-block-buttons-is-layout-flex\"><\/div>\n","protected":false},"excerpt":{"rendered":"<p>Depuis le 1er novembre 2014, l\u2019apprentissage anticip\u00e9 de la conduite est accessible d\u00e8s 15 ans, contre 16 ans auparavant. Vous trouverez tout le d\u00e9tail des diff\u00e9rentes formes de la\u00a0conduite accompagn\u00e9e sur le\u00a0site de la s\u00e9curit\u00e9 routi\u00e8re du gouvernement. \u00a0\u00ab\u00a0La Conduite accompagn\u00e9e est une des meilleures formule pour l&rsquo;apprentissage de la conduite d&rsquo;un v\u00e9hicule. D&rsquo;ailleurs le taux de r\u00e9ussite \u00e0 l&rsquo;examen est bien plus important que pour la formation traditionnelle.\u00a0\u00bb \u00a0 \u00a0 \u00ab\u00a0PI\u00c8CES \u00c0 FOURNIR\u00a0ICI\u00a0\u00bb Pour s&rsquo;inscrire \u00e0 l&rsquo;Apprentissage anticip\u00e9 de&#8230;<\/p>\n<p class=\"read-more\"><a class=\"btn btn-default\" href=\"https:\/\/autoecoledorian.fr\/index.php\/conduite-accompagnee-aac\/\">Lire la suite<span class=\"screen-reader-text\"> Lire la suite<\/span><\/a><\/p>\n","protected":false},"author":1,"featured_media":0,"parent":0,"menu_order":0,"comment_status":"closed","ping_status":"closed","template":"","meta":{"_acf_changed":false,"footnotes":""},"class_list":["post-92","page","type-page","status-publish","hentry"],"acf":[],"jetpack_sharing_enabled":true,"_links":{"self":[{"href":"https:\/\/autoecoledorian.fr\/index.php\/wp-json\/wp\/v2\/pages\/92","targetHints":{"allow":["GET"]}}],"collection":[{"href":"https:\/\/autoecoledorian.fr\/index.php\/wp-json\/wp\/v2\/pages"}],"about":[{"href":"https:\/\/autoecoledorian.fr\/index.php\/wp-json\/wp\/v2\/types\/page"}],"author":[{"embeddable":true,"href":"https:\/\/autoecoledorian.fr\/index.php\/wp-json\/wp\/v2\/users\/1"}],"replies":[{"embeddable":true,"href":"https:\/\/autoecoledorian.fr\/index.php\/wp-json\/wp\/v2\/comments?post=92"}],"version-history":[{"count":21,"href":"https:\/\/autoecoledorian.fr\/index.php\/wp-json\/wp\/v2\/pages\/92\/revisions"}],"predecessor-version":[{"id":2886,"href":"https:\/\/autoecoledorian.fr\/index.php\/wp-json\/wp\/v2\/pages\/92\/revisions\/2886"}],"wp:attachment":[{"href":"https:\/\/autoecoledorian.fr\/index.php\/wp-json\/wp\/v2\/media?parent=92"}],"curies":[{"name":"wp","href":"https:\/\/api.w.org\/{rel}","templated":true}]}}