{"id":96,"date":"2017-03-12T19:21:37","date_gmt":"2017-03-12T18:21:37","guid":{"rendered":"http:\/\/autoecoledorian.fr\/?page_id=96"},"modified":"2020-04-04T16:16:29","modified_gmt":"2020-04-04T14:16:29","slug":"formation-b98","status":"publish","type":"page","link":"https:\/\/autoecoledorian.fr\/index.php\/formation-b78-vers-b\/formation-b98\/","title":{"rendered":"Formation B78 vers B"},"content":{"rendered":"<h4><img loading=\"lazy\" decoding=\"async\" class=\"aligncenter size-full wp-image-797\" src=\"http:\/\/autoecoledorian.fr\/wp-content\/uploads\/2020\/04\/Permis-B78.png\" alt=\"\" width=\"334\" height=\"311\" srcset=\"https:\/\/autoecoledorian.fr\/wp-content\/uploads\/2020\/04\/Permis-B78.png 334w, https:\/\/autoecoledorian.fr\/wp-content\/uploads\/2020\/04\/Permis-B78-300x279.png 300w, https:\/\/autoecoledorian.fr\/wp-content\/uploads\/2020\/04\/Permis-B78-290x270.png 290w\" sizes=\"auto, (max-width: 334px) 100vw, 334px\" \/><\/h4>\n<h4><strong>D\u00e9finition&nbsp;:<\/strong><\/h4>\n<p>Transformation du permis de conduire bo\u00eete automatique (code 78) en permis de conduire cat\u00e9gorie B (bo\u00eete manuelle)<\/p>\n<h4><strong>Conditions requises :<\/strong><\/h4>\n<p>Etre titulaire de la cat\u00e9gorie B du permis de conduire limit\u00e9 aux v\u00e9hicules \u00e0 changement de vitesse automatique, pour des raisons non m\u00e9dicales depuis au moins trois mois.<\/p>\n<h4><strong>Dur\u00e9e de la formation&nbsp;:<\/strong><\/h4>\n<p>7 heures<\/p>\n<h4><strong>Les objectifs de la formation&nbsp;:<\/strong><\/h4>\n<p>A l&rsquo;issue de la formation, le conducteur doit \u00eatre en capacit\u00e9 d&rsquo;utiliser, en s\u00e9curit\u00e9, un v\u00e9hicule muni d&rsquo;un changement de vitesses manuel de fa\u00e7on simultan\u00e9e avec les autres t\u00e2ches de conduite<\/p>\n<p>La formation est dispens\u00e9e par un enseignant de la conduite et de la s\u00e9curit\u00e9 routi\u00e8re titulaire de l&rsquo;autorisation d&rsquo;enseigner la conduite, en cours de validit\u00e9.<\/p>\n<h3><strong>Programme&nbsp;:<\/strong><\/h3>\n<ol>\n<li><strong>Dans un trafic nul ou faible, l&rsquo;\u00e9l\u00e8ve doit acqu\u00e9rir les connaissances et les comp\u00e9tences suivantes<\/strong> (2 heures)<\/li>\n<\/ol>\n<ul>\n<li>Comprendre le principe du point de patinage de l&#8217;embrayage et assurer sa mise en \u0153uvre ;<\/li>\n<li>\u00catre en capacit\u00e9 de r\u00e9aliser un d\u00e9marrage en c\u00f4te en toute s\u00e9curit\u00e9.<\/li>\n<\/ul>\n<ol>\n<li value=\"2\"><strong>Cette s\u00e9quence se d\u00e9roule dans des conditions de circulation vari\u00e9es, simples et complexes. Elle permet l&rsquo;acquisition des comp\u00e9tences suivantes<\/strong> (5 heures)<\/li>\n<\/ol>\n<ul>\n<li>Savoir utiliser la bo\u00eete de vitesses manuelle de fa\u00e7on rationnelle et en toute s\u00e9curit\u00e9 dans les conditions de circulation pr\u00e9cit\u00e9es et adopter les techniques de l&rsquo;\u00e9co-conduite ;<\/li>\n<li>\u00catre en capacit\u00e9 de diriger le v\u00e9hicule en adaptant l&rsquo;allure et la trajectoire \u00e0 l&rsquo;environnement et aux conditions de circulation.<\/li>\n<\/ul>\n","protected":false},"excerpt":{"rendered":"<p>D\u00e9finition&nbsp;: Transformation du permis de conduire bo\u00eete automatique (code 78) en permis de conduire cat\u00e9gorie B (bo\u00eete manuelle) Conditions requises : Etre titulaire de la cat\u00e9gorie B du permis de conduire limit\u00e9 aux v\u00e9hicules \u00e0 changement de vitesse automatique, pour des raisons non m\u00e9dicales depuis au moins trois mois. Dur\u00e9e de la formation&nbsp;: 7 heures Les objectifs de la formation&nbsp;: A l&rsquo;issue de la formation, le conducteur doit \u00eatre en capacit\u00e9 d&rsquo;utiliser, en s\u00e9curit\u00e9, un v\u00e9hicule muni d&rsquo;un changement de&#8230;<\/p>\n<p class=\"read-more\"><a class=\"btn btn-default\" href=\"https:\/\/autoecoledorian.fr\/index.php\/formation-b78-vers-b\/formation-b98\/\">Lire la suite<span class=\"screen-reader-text\"> Lire la suite<\/span><\/a><\/p>\n","protected":false},"author":1,"featured_media":0,"parent":811,"menu_order":0,"comment_status":"closed","ping_status":"closed","template":"","meta":{"_acf_changed":false,"footnotes":""},"class_list":["post-96","page","type-page","status-publish","hentry"],"acf":[],"jetpack_sharing_enabled":true,"_links":{"self":[{"href":"https:\/\/autoecoledorian.fr\/index.php\/wp-json\/wp\/v2\/pages\/96","targetHints":{"allow":["GET"]}}],"collection":[{"href":"https:\/\/autoecoledorian.fr\/index.php\/wp-json\/wp\/v2\/pages"}],"about":[{"href":"https:\/\/autoecoledorian.fr\/index.php\/wp-json\/wp\/v2\/types\/page"}],"author":[{"embeddable":true,"href":"https:\/\/autoecoledorian.fr\/index.php\/wp-json\/wp\/v2\/users\/1"}],"replies":[{"embeddable":true,"href":"https:\/\/autoecoledorian.fr\/index.php\/wp-json\/wp\/v2\/comments?post=96"}],"version-history":[{"count":4,"href":"https:\/\/autoecoledorian.fr\/index.php\/wp-json\/wp\/v2\/pages\/96\/revisions"}],"predecessor-version":[{"id":815,"href":"https:\/\/autoecoledorian.fr\/index.php\/wp-json\/wp\/v2\/pages\/96\/revisions\/815"}],"up":[{"embeddable":true,"href":"https:\/\/autoecoledorian.fr\/index.php\/wp-json\/wp\/v2\/pages\/811"}],"wp:attachment":[{"href":"https:\/\/autoecoledorian.fr\/index.php\/wp-json\/wp\/v2\/media?parent=96"}],"curies":[{"name":"wp","href":"https:\/\/api.w.org\/{rel}","templated":true}]}}